{"id":94,"date":"2016-11-07T13:01:34","date_gmt":"2016-11-07T12:01:34","guid":{"rendered":"http:\/\/tokyostalgy.com\/bournazel\/?page_id=94"},"modified":"2026-02-27T10:46:12","modified_gmt":"2026-02-27T09:46:12","slug":"tipi-4-pers","status":"publish","type":"page","link":"https:\/\/www.camping-lac-bournazel.com\/fr\/hebergement\/tipi-4-pers\/","title":{"rendered":"Tipi 4 pers."},"content":{"rendered":"<div class=\"wpb-content-wrapper\"><p>[vc_row][vc_column][vc_column_text][\/vc_column_text][\/vc_column][\/vc_row][vc_section css=\u00a0\u00bb.vc_custom_1482250060504{background-color: #ffffff !important;}\u00a0\u00bb][vc_row][vc_column][vc_btn title=\u00a0\u00bbJe r\u00e9serve\u00a0\u00bb style=\u00a0\u00bbflat\u00a0\u00bb color=\u00a0\u00bbjuicy-pink\u00a0\u00bb align=\u00a0\u00bbcenter\u00a0\u00bb i_icon_fontawesome=\u00a0\u00bb\u00a0\u00bb css=\u00a0\u00bb.vc_custom_1772183697060{margin-top: 24px !important;}\u00a0\u00bb button_block=\u00a0\u00bbtrue\u00a0\u00bb add_icon=\u00a0\u00bbtrue\u00a0\u00bb link=\u00a0\u00bburl:https%3A%2F%2Freservation.secureholiday.net%2FFR%2F5196%2F\u00a0\u00bb][\/vc_column][\/vc_row][vc_row][vc_column width=\u00a0\u00bb1\/2&Prime;][vc_single_image image=\u00a0\u00bb866&Prime; img_size=\u00a0\u00bblarge\u00a0\u00bb alignment=\u00a0\u00bbcenter\u00a0\u00bb onclick=\u00a0\u00bblink_image\u00a0\u00bb css_animation=\u00a0\u00bbfadeIn\u00a0\u00bb][vc_row_inner equal_height=\u00a0\u00bbyes\u00a0\u00bb css=\u00a0\u00bb.vc_custom_1569942564706{background-color: #f6f6f6 !important;}\u00a0\u00bb el_class=\u00a0\u00bbpictoheberg\u00a0\u00bb][vc_column_inner width=\u00a0\u00bb1\/3&Prime; offset=\u00a0\u00bbvc_col-xs-4&Prime;][vc_column_text]<\/p>\n<p style=\"text-align: center;\"><strong>SURFACE<\/strong><\/p>\n<p style=\"text-align: center;\"><img loading=\"lazy\" decoding=\"async\" data-attachment-id=\"2050\" data-permalink=\"https:\/\/www.camping-lac-bournazel.com\/fr\/hebergement\/tipi-4-pers\/picto-surface\/\" data-orig-file=\"https:\/\/www.camping-lac-bournazel.com\/wp-content\/uploads\/picto-surface.svg\" data-orig-size=\"\" data-comments-opened=\"1\" data-image-meta=\"[]\" data-image-title=\"picto-surface\" data-image-description=\"\" data-image-caption=\"\" data-medium-file=\"https:\/\/www.camping-lac-bournazel.com\/wp-content\/uploads\/picto-surface.svg\" data-large-file=\"https:\/\/www.camping-lac-bournazel.com\/wp-content\/uploads\/picto-surface.svg\" class=\"alignnone wp-image-2050\" src=\"https:\/\/www.camping-lac-bournazel.com\/wp-content\/uploads\/picto-surface.svg\" alt=\"picto-surface\" width=\"32\" height=\"26\" \/>18\u00a0m2<\/p>\n<p>[\/vc_column_text][\/vc_column_inner][vc_column_inner width=\u00a0\u00bb1\/3&Prime; offset=\u00a0\u00bbvc_col-xs-4&Prime;][vc_column_text]<\/p>\n<p style=\"text-align: center;\"><strong>CHAMBRES<\/strong><\/p>\n<p style=\"text-align: center;\"><img data-recalc-dims=\"1\" loading=\"lazy\" decoding=\"async\" data-attachment-id=\"2050\" data-permalink=\"https:\/\/www.camping-lac-bournazel.com\/fr\/hebergement\/tipi-4-pers\/picto-surface\/\" data-orig-file=\"https:\/\/www.camping-lac-bournazel.com\/wp-content\/uploads\/picto-surface.svg\" data-orig-size=\"\" data-comments-opened=\"1\" data-image-meta=\"[]\" data-image-title=\"picto-surface\" data-image-description=\"\" data-image-caption=\"\" data-medium-file=\"https:\/\/www.camping-lac-bournazel.com\/wp-content\/uploads\/picto-surface.svg\" data-large-file=\"https:\/\/www.camping-lac-bournazel.com\/wp-content\/uploads\/picto-surface.svg\" class=\"alignnone wp-image-2050\" src=\"https:\/\/i0.wp.com\/www.camping-lac-bournazel.com\/wp-content\/uploads\/picto-chambres.png?resize=32%2C20&#038;ssl=1\" alt=\"picto-surface\" width=\"32\" height=\"20\" \/>\u00a02<\/p>\n<p>[\/vc_column_text][vc_column_text][\/vc_column_text][\/vc_column_inner][vc_column_inner width=\u00a0\u00bb1\/3&Prime; offset=\u00a0\u00bbvc_col-xs-4&Prime;][vc_column_text]<\/p>\n<p style=\"text-align: center;\"><strong>ANIMAUX<\/strong><\/p>\n<p style=\"text-align: center;\"><img loading=\"lazy\" decoding=\"async\" data-attachment-id=\"2050\" data-permalink=\"https:\/\/www.camping-lac-bournazel.com\/fr\/hebergement\/tipi-4-pers\/picto-surface\/\" data-orig-file=\"https:\/\/www.camping-lac-bournazel.com\/wp-content\/uploads\/picto-surface.svg\" data-orig-size=\"\" data-comments-opened=\"1\" data-image-meta=\"[]\" data-image-title=\"picto-surface\" data-image-description=\"\" data-image-caption=\"\" data-medium-file=\"https:\/\/www.camping-lac-bournazel.com\/wp-content\/uploads\/picto-surface.svg\" data-large-file=\"https:\/\/www.camping-lac-bournazel.com\/wp-content\/uploads\/picto-surface.svg\" class=\"wp-image-2050 aligncenter\" src=\"https:\/\/www.camping-lac-bournazel.com\/wp-content\/uploads\/picto-animaux.svg\" alt=\"picto-surface\" width=\"32\" height=\"26\" \/>\u00a0bienvenus<\/p>\n<p>[\/vc_column_text][\/vc_column_inner][\/vc_row_inner][\/vc_column][vc_column width=\u00a0\u00bb1\/2&Prime;][vc_custom_heading text=\u00a0\u00bbInterm\u00e9diaire ludique entre camping et locatif\u00a0\u00bb font_container=\u00a0\u00bbtag:div|font_size:24px|text_align:center|color:%238abd3a|line_height:32px\u00a0\u00bb google_fonts=\u00a0\u00bbfont_family:Merriweather%3A300%2C300italic%2Cregular%2Citalic%2C700%2C700italic%2C900%2C900italic|font_style:300%20light%20italic%3A300%3Aitalic\u00a0\u00bb css=\u00a0\u00bb.vc_custom_1479303394091{margin-top: 12px !important;}\u00a0\u00bb][vc_column_text css=\u00a0\u00bb.vc_custom_1652542928959{padding-top: 12px !important;}\u00a0\u00bb el_class=\u00a0\u00bbdescription\u00a0\u00bb]<strong>Retour \u00e0 une exp\u00e9rience plus \u00ab\u00a0glamping\u00a0\u00bb mais avec le ludisme et du confort en plus&#8230;<\/strong>\u00a0<!--more-->Vous \u00eates campeur et vous voulez un peu plus de confort&#8230;Nos tipis sont pl\u00e9biscit\u00e9s par les enfants qui aiment leur look indien, tandis que les parents appr\u00e9cient leur ossature bois, leur ameublement et mat\u00e9riel. Elles ont une superficie de 18 m\u00b2 hors terrasse bois, et sont install\u00e9es\u00a0non loin d&rsquo;un sanitaire et de la sortie pi\u00e9tonne pour vous rendre \u00e0 la <a href=\"https:\/\/www.camping-lac-bournazel.com\/camping\/le-lac-de-bournazel\/\">plage du Lac<\/a>.<\/p>\n<p>(Rendez-vous dans la rubrique doc \u00e0 t\u00e9l\u00e9charger pour l&rsquo;inventaire complet)<\/p>\n<ul>\n<li>1 Chambre avec 1 lit double (140&#215;190), vrai sommier bois \u00e0 lattes<\/li>\n<li>1 Chambre avec 2 lits simples superpos\u00e9s bois (90X190)<\/li>\n<li>1 Pi\u00e8ce \u00e0 manger\/cuisine avec meuble de rangement, r\u00e9chaud \u00e0 gaz et desserte, grille pain, cafeti\u00e8re, vaisselle et ustensiles<br \/>\nFrigo avec coin cong\u00e9lation<\/li>\n<li>Table \u00e0 manger avec chaises tout bois<\/li>\n<li>Mobilier de jardin avec parasol pour la terrasse<\/li>\n<li>Barbecue<\/li>\n<li>4 oreillers et couvertures<\/li>\n<li>Parking sur emplacement<\/li>\n<li>Caution de 100 \u20ac couvrant le mobilier et le m\u00e9nage renvoy\u00e9e apr\u00e8s v\u00e9rification.<br \/>\nIl n&rsquo;y a pas de chauffage ni de sanitaires \u00e0 l&rsquo;int\u00e9rieur des tipis<\/li>\n<\/ul>\n<p>[\/vc_column_text][vc_row_inner][vc_column_inner width=\u00a0\u00bb1\/2&Prime;][vc_column_text css=\u00a0\u00bb.vc_custom_1481794073560{padding-top: 12px !important;padding-right: 6px !important;padding-bottom: 12px !important;padding-left: 6px !important;background-color: #efa55b !important;}\u00a0\u00bb el_class=\u00a0\u00bbarrdep\u00a0\u00bb]<i class=\"fa fa-arrow-circle-down fa-2x\"><\/i> <strong>Arriv\u00e9e \u00e0 partir de 16h00<\/strong>[\/vc_column_text][\/vc_column_inner][vc_column_inner width=\u00a0\u00bb1\/2&Prime;][vc_column_text css=\u00a0\u00bb.vc_custom_1676201663857{padding-top: 12px !important;padding-right: 12px !important;padding-bottom: 12px !important;padding-left: 12px !important;background-color: #02d6c4 !important;}\u00a0\u00bb el_class=\u00a0\u00bbarrdep\u00a0\u00bb]<strong>D\u00e9part avant 10h00<\/strong>[\/vc_column_text][\/vc_column_inner][\/vc_row_inner][vc_btn title=\u00a0\u00bbJe r\u00e9serve\u00a0\u00bb style=\u00a0\u00bbflat\u00a0\u00bb color=\u00a0\u00bbjuicy-pink\u00a0\u00bb align=\u00a0\u00bbcenter\u00a0\u00bb i_icon_fontawesome=\u00a0\u00bb\u00a0\u00bb css=\u00a0\u00bb.vc_custom_1772183733452{margin-top: 24px !important;}\u00a0\u00bb button_block=\u00a0\u00bbtrue\u00a0\u00bb add_icon=\u00a0\u00bbtrue\u00a0\u00bb link=\u00a0\u00bburl:https%3A%2F%2Freservation.secureholiday.net%2FFR%2F5196%2F\u00a0\u00bb][\/vc_column][\/vc_row][vc_row][vc_column][vc_masonry_media_grid element_width=\u00a0\u00bb2&Prime; gap=\u00a0\u00bb2&Prime; item=\u00a0\u00bb764&Prime; grid_id=\u00a0\u00bbvc_gid:1772184065450-80ab69dd-d3e2-5&Prime; include=\u00a0\u00bb863,2617,868,867,862,2618&Prime;][\/vc_column][\/vc_row][\/vc_section][vc_section css=\u00a0\u00bb.vc_custom_1482250253252{border-top-width: 2px !important;background-color: #efe5df !important;border-top-color: #ded5ce !important;border-top-style: solid !important;}\u00a0\u00bb][vc_row full_width=\u00a0\u00bbstretch_row\u00a0\u00bb][vc_column][vc_column_text]<\/p>\n<h4>Infos pratiques<\/h4>\n<p>[\/vc_column_text][vc_row_inner][vc_column_inner width=\u00a0\u00bb1\/3&Prime;][\/vc_column_inner][vc_column_inner width=\u00a0\u00bb1\/3&Prime;][vc_single_image image=\u00a0\u00bb1987&Prime; alignment=\u00a0\u00bbcenter\u00a0\u00bb onclick=\u00a0\u00bblink_image\u00a0\u00bb title=\u00a0\u00bbPlan\u00a0\u00bb][\/vc_column_inner][\/vc_row_inner][\/vc_column][\/vc_row][\/vc_section][vc_row][vc_column][vc_column_text][\/vc_column_text][\/vc_column][\/vc_row]<\/p>\n<\/div>","protected":false},"excerpt":{"rendered":"<p>[vc_row][vc_column][vc_column_text][\/vc_column_text][\/vc_column][\/vc_row][vc_section css=\u00a0\u00bb.vc_custom_1482250060504{background-color: #ffffff !important;}\u00a0\u00bb][vc_row][vc_column][vc_btn title=\u00a0\u00bbJe r\u00e9serve\u00a0\u00bb style=\u00a0\u00bbflat\u00a0\u00bb color=\u00a0\u00bbjuicy-pink\u00a0\u00bb align=\u00a0\u00bbcenter\u00a0\u00bb i_icon_fontawesome=\u00a0\u00bb\u00a0\u00bb css=\u00a0\u00bb.vc_custom_1772183697060{margin-top: 24px !important;}\u00a0\u00bb button_block=\u00a0\u00bbtrue\u00a0\u00bb add_icon=\u00a0\u00bbtrue\u00a0\u00bb link=\u00a0\u00bburl:https%3A%2F%2Freservation.secureholiday.net%2FFR%2F5196%2F\u00a0\u00bb][\/vc_column][\/vc_row][vc_row][vc_column width=\u00a0\u00bb1\/2&Prime;][vc_single_image image=\u00a0\u00bb866&Prime; img_size=\u00a0\u00bblarge\u00a0\u00bb alignment=\u00a0\u00bbcenter\u00a0\u00bb onclick=\u00a0\u00bblink_image\u00a0\u00bb css_animation=\u00a0\u00bbfadeIn\u00a0\u00bb][vc_row_inner equal_height=\u00a0\u00bbyes\u00a0\u00bb css=\u00a0\u00bb.vc_custom_1569942564706{background-color: #f6f6f6 !important;}\u00a0\u00bb el_class=\u00a0\u00bbpictoheberg\u00a0\u00bb][vc_column_inner width=\u00a0\u00bb1\/3&Prime; offset=\u00a0\u00bbvc_col-xs-4&Prime;][vc_column_text] SURFACE 18\u00a0m2 [\/vc_column_text][\/vc_column_inner][vc_column_inner width=\u00a0\u00bb1\/3&Prime; offset=\u00a0\u00bbvc_col-xs-4&Prime;][vc_column_text] CHAMBRES \u00a02 [\/vc_column_text][vc_column_text][\/vc_column_text][\/vc_column_inner][vc_column_inner width=\u00a0\u00bb1\/3&Prime; offset=\u00a0\u00bbvc_col-xs-4&Prime;][vc_column_text] ANIMAUX \u00a0bienvenus [\/vc_column_text][\/vc_column_inner][\/vc_row_inner][\/vc_column][vc_column width=\u00a0\u00bb1\/2&Prime;][vc_custom_heading text=\u00a0\u00bbInterm\u00e9diaire ludique entre camping et locatif\u00a0\u00bb font_container=\u00a0\u00bbtag:div|font_size:24px|text_align:center|color:%238abd3a|line_height:32px\u00a0\u00bb google_fonts=\u00a0\u00bbfont_family:Merriweather%3A300%2C300italic%2Cregular%2Citalic%2C700%2C700italic%2C900%2C900italic|font_style:300%20light%20italic%3A300%3Aitalic\u00a0\u00bb css=\u00a0\u00bb.vc_custom_1479303394091{margin-top: 12px !important;}\u00a0\u00bb][vc_column_text css=\u00a0\u00bb.vc_custom_1652542928959{padding-top:&hellip;<\/p>\n","protected":false},"author":2,"featured_media":1942,"parent":18,"menu_order":6,"comment_status":"closed","ping_status":"closed","template":"","meta":{"inline_featured_image":false,"jetpack_post_was_ever_published":false,"footnotes":""},"categories":[4],"tags":[],"class_list":["post-94","page","type-page","status-publish","has-post-thumbnail","hentry","category-hebergement","description-off"],"yoast_head":"<!-- This site is optimized with the Yoast SEO plugin v25.3 - https:\/\/yoast.com\/wordpress\/plugins\/seo\/ -->\n<title>Tipi 4 pers. - Le camping du Lac de Bournazel ****<\/title>\n<meta name=\"description\" content=\"Back to a more glamping experience with our wooden tipis. You are used to camping and want more confort, try our tipis loved by children and parents.\" \/>\n<meta name=\"robots\" content=\"index, follow, max-snippet:-1, max-image-preview:large, max-video-preview:-1\" \/>\n<link rel=\"canonical\" href=\"https:\/\/www.camping-lac-bournazel.com\/hebergement\/tipi-4-pers\/\" \/>\n<meta property=\"og:locale\" content=\"fr_FR\" \/>\n<meta property=\"og:type\" content=\"article\" \/>\n<meta property=\"og:title\" content=\"Tipi 4 pers. - Le camping du Lac de Bournazel ****\" \/>\n<meta property=\"og:description\" content=\"Back to a more glamping experience with our wooden tipis. You are used to camping and want more confort, try our tipis loved by children and parents.\" \/>\n<meta property=\"og:url\" content=\"https:\/\/www.camping-lac-bournazel.com\/hebergement\/tipi-4-pers\/\" \/>\n<meta property=\"og:site_name\" content=\"Le camping du Lac de Bournazel ****\" \/>\n<meta property=\"article:publisher\" content=\"https:\/\/www.facebook.com\/Camping-du-Lac-de-Bournazel-178691212185189\/\" \/>\n<meta property=\"article:modified_time\" content=\"2026-02-27T09:46:12+00:00\" \/>\n<meta property=\"og:image\" content=\"https:\/\/www.camping-lac-bournazel.com\/wp-content\/uploads\/les-plus-02.jpg\" \/>\n\t<meta property=\"og:image:width\" content=\"250\" \/>\n\t<meta property=\"og:image:height\" content=\"250\" \/>\n\t<meta property=\"og:image:type\" content=\"image\/jpeg\" \/>\n<meta name=\"twitter:card\" content=\"summary_large_image\" \/>\n<meta name=\"twitter:label1\" content=\"Dur\u00e9e de lecture estim\u00e9e\" \/>\n\t<meta name=\"twitter:data1\" content=\"4 minutes\" \/>\n<script type=\"application\/ld+json\" class=\"yoast-schema-graph\">{\"@context\":\"https:\/\/schema.org\",\"@graph\":[{\"@type\":\"WebPage\",\"@id\":\"https:\/\/www.camping-lac-bournazel.com\/hebergement\/tipi-4-pers\/\",\"url\":\"https:\/\/www.camping-lac-bournazel.com\/hebergement\/tipi-4-pers\/\",\"name\":\"Tipi 4 pers. - Le camping du Lac de Bournazel ****\",\"isPartOf\":{\"@id\":\"https:\/\/www.camping-lac-bournazel.com\/fr\/#website\"},\"primaryImageOfPage\":{\"@id\":\"https:\/\/www.camping-lac-bournazel.com\/hebergement\/tipi-4-pers\/#primaryimage\"},\"image\":{\"@id\":\"https:\/\/www.camping-lac-bournazel.com\/hebergement\/tipi-4-pers\/#primaryimage\"},\"thumbnailUrl\":\"https:\/\/www.camping-lac-bournazel.com\/wp-content\/uploads\/les-plus-02.jpg\",\"datePublished\":\"2016-11-07T12:01:34+00:00\",\"dateModified\":\"2026-02-27T09:46:12+00:00\",\"description\":\"Back to a more glamping experience with our wooden tipis. You are used to camping and want more confort, try our tipis loved by children and parents.\",\"breadcrumb\":{\"@id\":\"https:\/\/www.camping-lac-bournazel.com\/hebergement\/tipi-4-pers\/#breadcrumb\"},\"inLanguage\":\"fr-FR\",\"potentialAction\":[{\"@type\":\"ReadAction\",\"target\":[\"https:\/\/www.camping-lac-bournazel.com\/hebergement\/tipi-4-pers\/\"]}]},{\"@type\":\"ImageObject\",\"inLanguage\":\"fr-FR\",\"@id\":\"https:\/\/www.camping-lac-bournazel.com\/hebergement\/tipi-4-pers\/#primaryimage\",\"url\":\"https:\/\/www.camping-lac-bournazel.com\/wp-content\/uploads\/les-plus-02.jpg\",\"contentUrl\":\"https:\/\/www.camping-lac-bournazel.com\/wp-content\/uploads\/les-plus-02.jpg\",\"width\":250,\"height\":250,\"caption\":\"Camping du Lac de Bournazel, Seilhac, Corr\u00e8ze | H\u00e9bergement ludique en tipi 4 personnes, Parfait pour le Glamping\"},{\"@type\":\"BreadcrumbList\",\"@id\":\"https:\/\/www.camping-lac-bournazel.com\/hebergement\/tipi-4-pers\/#breadcrumb\",\"itemListElement\":[{\"@type\":\"ListItem\",\"position\":1,\"name\":\"Accueil\",\"item\":\"https:\/\/www.camping-lac-bournazel.com\/\"},{\"@type\":\"ListItem\",\"position\":2,\"name\":\"H\u00e9bergement\",\"item\":\"https:\/\/www.camping-lac-bournazel.com\/hebergement\/\"},{\"@type\":\"ListItem\",\"position\":3,\"name\":\"Tipi 4 pers.\"}]},{\"@type\":\"WebSite\",\"@id\":\"https:\/\/www.camping-lac-bournazel.com\/fr\/#website\",\"url\":\"https:\/\/www.camping-lac-bournazel.com\/fr\/\",\"name\":\"Le camping du Lac de Bournazel ****\",\"description\":\"Camping et Glamping en Corr\u00e8ze, Nouvelle Aquitaine | France\",\"publisher\":{\"@id\":\"https:\/\/www.camping-lac-bournazel.com\/fr\/#organization\"},\"potentialAction\":[{\"@type\":\"SearchAction\",\"target\":{\"@type\":\"EntryPoint\",\"urlTemplate\":\"https:\/\/www.camping-lac-bournazel.com\/fr\/?s={search_term_string}\"},\"query-input\":{\"@type\":\"PropertyValueSpecification\",\"valueRequired\":true,\"valueName\":\"search_term_string\"}}],\"inLanguage\":\"fr-FR\"},{\"@type\":\"Organization\",\"@id\":\"https:\/\/www.camping-lac-bournazel.com\/fr\/#organization\",\"name\":\"Le Camping du Lac de Bournazel, Corr\u00e8ze\",\"url\":\"https:\/\/www.camping-lac-bournazel.com\/fr\/\",\"logo\":{\"@type\":\"ImageObject\",\"inLanguage\":\"fr-FR\",\"@id\":\"https:\/\/www.camping-lac-bournazel.com\/fr\/#\/schema\/logo\/image\/\",\"url\":\"https:\/\/www.camping-lac-bournazel.com\/wp-content\/uploads\/neo-logo-r.png\",\"contentUrl\":\"https:\/\/www.camping-lac-bournazel.com\/wp-content\/uploads\/neo-logo-r.png\",\"width\":304,\"height\":221,\"caption\":\"Le Camping du Lac de Bournazel, Corr\u00e8ze\"},\"image\":{\"@id\":\"https:\/\/www.camping-lac-bournazel.com\/fr\/#\/schema\/logo\/image\/\"},\"sameAs\":[\"https:\/\/www.facebook.com\/Camping-du-Lac-de-Bournazel-178691212185189\/\",\"https:\/\/www.youtube.com\/channel\/UCJdy4qKA94bm2d1MA_c2nHg\"]}]}<\/script>\n<!-- \/ Yoast SEO plugin. -->","yoast_head_json":{"title":"Tipi 4 pers. - Le camping du Lac de Bournazel ****","description":"Back to a more glamping experience with our wooden tipis. You are used to camping and want more confort, try our tipis loved by children and parents.","robots":{"index":"index","follow":"follow","max-snippet":"max-snippet:-1","max-image-preview":"max-image-preview:large","max-video-preview":"max-video-preview:-1"},"canonical":"https:\/\/www.camping-lac-bournazel.com\/hebergement\/tipi-4-pers\/","og_locale":"fr_FR","og_type":"article","og_title":"Tipi 4 pers. - Le camping du Lac de Bournazel ****","og_description":"Back to a more glamping experience with our wooden tipis. You are used to camping and want more confort, try our tipis loved by children and parents.","og_url":"https:\/\/www.camping-lac-bournazel.com\/hebergement\/tipi-4-pers\/","og_site_name":"Le camping du Lac de Bournazel ****","article_publisher":"https:\/\/www.facebook.com\/Camping-du-Lac-de-Bournazel-178691212185189\/","article_modified_time":"2026-02-27T09:46:12+00:00","og_image":[{"width":250,"height":250,"url":"https:\/\/www.camping-lac-bournazel.com\/wp-content\/uploads\/les-plus-02.jpg","type":"image\/jpeg"}],"twitter_card":"summary_large_image","twitter_misc":{"Dur\u00e9e de lecture estim\u00e9e":"4 minutes"},"schema":{"@context":"https:\/\/schema.org","@graph":[{"@type":"WebPage","@id":"https:\/\/www.camping-lac-bournazel.com\/hebergement\/tipi-4-pers\/","url":"https:\/\/www.camping-lac-bournazel.com\/hebergement\/tipi-4-pers\/","name":"Tipi 4 pers. - Le camping du Lac de Bournazel ****","isPartOf":{"@id":"https:\/\/www.camping-lac-bournazel.com\/fr\/#website"},"primaryImageOfPage":{"@id":"https:\/\/www.camping-lac-bournazel.com\/hebergement\/tipi-4-pers\/#primaryimage"},"image":{"@id":"https:\/\/www.camping-lac-bournazel.com\/hebergement\/tipi-4-pers\/#primaryimage"},"thumbnailUrl":"https:\/\/www.camping-lac-bournazel.com\/wp-content\/uploads\/les-plus-02.jpg","datePublished":"2016-11-07T12:01:34+00:00","dateModified":"2026-02-27T09:46:12+00:00","description":"Back to a more glamping experience with our wooden tipis. You are used to camping and want more confort, try our tipis loved by children and parents.","breadcrumb":{"@id":"https:\/\/www.camping-lac-bournazel.com\/hebergement\/tipi-4-pers\/#breadcrumb"},"inLanguage":"fr-FR","potentialAction":[{"@type":"ReadAction","target":["https:\/\/www.camping-lac-bournazel.com\/hebergement\/tipi-4-pers\/"]}]},{"@type":"ImageObject","inLanguage":"fr-FR","@id":"https:\/\/www.camping-lac-bournazel.com\/hebergement\/tipi-4-pers\/#primaryimage","url":"https:\/\/www.camping-lac-bournazel.com\/wp-content\/uploads\/les-plus-02.jpg","contentUrl":"https:\/\/www.camping-lac-bournazel.com\/wp-content\/uploads\/les-plus-02.jpg","width":250,"height":250,"caption":"Camping du Lac de Bournazel, Seilhac, Corr\u00e8ze | H\u00e9bergement ludique en tipi 4 personnes, Parfait pour le Glamping"},{"@type":"BreadcrumbList","@id":"https:\/\/www.camping-lac-bournazel.com\/hebergement\/tipi-4-pers\/#breadcrumb","itemListElement":[{"@type":"ListItem","position":1,"name":"Accueil","item":"https:\/\/www.camping-lac-bournazel.com\/"},{"@type":"ListItem","position":2,"name":"H\u00e9bergement","item":"https:\/\/www.camping-lac-bournazel.com\/hebergement\/"},{"@type":"ListItem","position":3,"name":"Tipi 4 pers."}]},{"@type":"WebSite","@id":"https:\/\/www.camping-lac-bournazel.com\/fr\/#website","url":"https:\/\/www.camping-lac-bournazel.com\/fr\/","name":"Le camping du Lac de Bournazel ****","description":"Camping et Glamping en Corr\u00e8ze, Nouvelle Aquitaine | France","publisher":{"@id":"https:\/\/www.camping-lac-bournazel.com\/fr\/#organization"},"potentialAction":[{"@type":"SearchAction","target":{"@type":"EntryPoint","urlTemplate":"https:\/\/www.camping-lac-bournazel.com\/fr\/?s={search_term_string}"},"query-input":{"@type":"PropertyValueSpecification","valueRequired":true,"valueName":"search_term_string"}}],"inLanguage":"fr-FR"},{"@type":"Organization","@id":"https:\/\/www.camping-lac-bournazel.com\/fr\/#organization","name":"Le Camping du Lac de Bournazel, Corr\u00e8ze","url":"https:\/\/www.camping-lac-bournazel.com\/fr\/","logo":{"@type":"ImageObject","inLanguage":"fr-FR","@id":"https:\/\/www.camping-lac-bournazel.com\/fr\/#\/schema\/logo\/image\/","url":"https:\/\/www.camping-lac-bournazel.com\/wp-content\/uploads\/neo-logo-r.png","contentUrl":"https:\/\/www.camping-lac-bournazel.com\/wp-content\/uploads\/neo-logo-r.png","width":304,"height":221,"caption":"Le Camping du Lac de Bournazel, Corr\u00e8ze"},"image":{"@id":"https:\/\/www.camping-lac-bournazel.com\/fr\/#\/schema\/logo\/image\/"},"sameAs":["https:\/\/www.facebook.com\/Camping-du-Lac-de-Bournazel-178691212185189\/","https:\/\/www.youtube.com\/channel\/UCJdy4qKA94bm2d1MA_c2nHg"]}]}},"jetpack_sharing_enabled":true,"jetpack_shortlink":"https:\/\/wp.me\/P8fRNC-1w","jetpack-related-posts":[],"_links":{"self":[{"href":"https:\/\/www.camping-lac-bournazel.com\/fr\/wp-json\/wp\/v2\/pages\/94","targetHints":{"allow":["GET"]}}],"collection":[{"href":"https:\/\/www.camping-lac-bournazel.com\/fr\/wp-json\/wp\/v2\/pages"}],"about":[{"href":"https:\/\/www.camping-lac-bournazel.com\/fr\/wp-json\/wp\/v2\/types\/page"}],"author":[{"embeddable":true,"href":"https:\/\/www.camping-lac-bournazel.com\/fr\/wp-json\/wp\/v2\/users\/2"}],"replies":[{"embeddable":true,"href":"https:\/\/www.camping-lac-bournazel.com\/fr\/wp-json\/wp\/v2\/comments?post=94"}],"version-history":[{"count":5,"href":"https:\/\/www.camping-lac-bournazel.com\/fr\/wp-json\/wp\/v2\/pages\/94\/revisions"}],"predecessor-version":[{"id":4073,"href":"https:\/\/www.camping-lac-bournazel.com\/fr\/wp-json\/wp\/v2\/pages\/94\/revisions\/4073"}],"up":[{"embeddable":true,"href":"https:\/\/www.camping-lac-bournazel.com\/fr\/wp-json\/wp\/v2\/pages\/18"}],"wp:featuredmedia":[{"embeddable":true,"href":"https:\/\/www.camping-lac-bournazel.com\/fr\/wp-json\/wp\/v2\/media\/1942"}],"wp:attachment":[{"href":"https:\/\/www.camping-lac-bournazel.com\/fr\/wp-json\/wp\/v2\/media?parent=94"}],"wp:term":[{"taxonomy":"category","embeddable":true,"href":"https:\/\/www.camping-lac-bournazel.com\/fr\/wp-json\/wp\/v2\/categories?post=94"},{"taxonomy":"post_tag","embeddable":true,"href":"https:\/\/www.camping-lac-bournazel.com\/fr\/wp-json\/wp\/v2\/tags?post=94"}],"curies":[{"name":"wp","href":"https:\/\/api.w.org\/{rel}","templated":true}]}}