{"id":401,"date":"2016-11-08T16:11:11","date_gmt":"2016-11-08T15:11:11","guid":{"rendered":"http:\/\/tokyostalgy.com\/bournazel\/?page_id=401"},"modified":"2026-02-27T11:04:59","modified_gmt":"2026-02-27T10:04:59","slug":"tarifs","status":"publish","type":"page","link":"https:\/\/www.camping-lac-bournazel.com\/fr\/infos-pratiques\/tarifs\/","title":{"rendered":"Tarifs et infos"},"content":{"rendered":"<div class=\"wpb-content-wrapper\"><p>[vc_section full_width=\u00a0\u00bbstretch_row\u00a0\u00bb css=\u00a0\u00bb.vc_custom_1481201046792{background-color: #fefefe !important;}\u00a0\u00bb][vc_row][vc_column width=\u00a0\u00bb2\/3&Prime; css=\u00a0\u00bb.vc_custom_1481201032896{border-right-width: 2px !important;border-right-color: #f0f0f0 !important;border-right-style: solid !important;}\u00a0\u00bb][vc_column_text css=\u00a0\u00bb.vc_custom_1693663864830{padding-top: 12px !important;}\u00a0\u00bb el_class=\u00a0\u00bbdescription\u00a0\u00bb]<\/p>\n<h4>More info<\/h4>\n<p><!--more--><\/p>\n<ul>\n<li>The campsite is open\u00a0from 1st April to 30th September.<\/li>\n<li>In low season, reception is open\u00a0from\u00a08h30 to 12 and from\u00a02 pm to\u00a07 pm.<\/li>\n<li>In high season, reception is\u00a0open\u00a0from\u00a08 am to 8 pm.<\/li>\n<li>Pets are allowed provided they are on a lead inside the campsite. Proof of vaccination must be presented upon request. Dogs from category 1 et 2 are not accepted.<\/li>\n<li>You may subscribe to our cancellation policy upon booking which enables you to cancel your reservation before the arrival date in case of sickness, accident or death. If you book through our website, tick the right box in the reservation form. Do not hesitate to contact us should you have any query.<\/li>\n<li>The electricity supply is\u00a016 Amp on the pitches and all the plugs are European. Thank you for bringing an adaptor.<\/li>\n<li>TV is not provided in our chalets.<\/li>\n<li>All minors must be accompanied by a responsible adult (parent) or may not be admitted.<\/li>\n<li>This is a family place therefore no adult sports groups or stag parties are accepted in our site.<\/li>\n<li>Any complaint should be submitted to management to ensure immediate solution. Should you not be satisfied, you may contact the Centre de M\u00e9diation de la Consommation de Conciliateurs de Justice au 49 rue de Ponthieu, 75008 Paris.<\/li>\n<\/ul>\n<p>[\/vc_column_text][\/vc_column][vc_column width=\u00a0\u00bb1\/3&Prime;][vc_column_text css=\u00a0\u00bb\u00a0\u00bb]<\/p>\n<h4>Pitch fares 2024<br \/>\n<a href=\"https:\/\/reservation.secureholiday.net\/FR\/5196\/\"><span class=\"Y2IQFc\" lang=\"en\">check prices<\/span><\/a><\/h4>\n<h4>Lodging fares 2024<br \/>\n<a href=\"https:\/\/reservation.secureholiday.net\/FR\/5196\/\">Check prices<\/a><\/h4>\n<p>[\/vc_column_text][\/vc_column][\/vc_row][\/vc_section]<\/p>\n<\/div>","protected":false},"excerpt":{"rendered":"<p>[vc_section full_width=\u00a0\u00bbstretch_row\u00a0\u00bb css=\u00a0\u00bb.vc_custom_1481201046792{background-color: #fefefe !important;}\u00a0\u00bb][vc_row][vc_column width=\u00a0\u00bb2\/3&Prime; css=\u00a0\u00bb.vc_custom_1481201032896{border-right-width: 2px !important;border-right-color: #f0f0f0 !important;border-right-style: solid !important;}\u00a0\u00bb][vc_column_text css=\u00a0\u00bb.vc_custom_1693663864830{padding-top: 12px !important;}\u00a0\u00bb el_class=\u00a0\u00bbdescription\u00a0\u00bb] More info<\/p>\n","protected":false},"author":2,"featured_media":2007,"parent":392,"menu_order":16,"comment_status":"closed","ping_status":"closed","template":"","meta":{"inline_featured_image":false,"jetpack_post_was_ever_published":false,"footnotes":""},"categories":[9],"tags":[],"class_list":["post-401","page","type-page","status-publish","has-post-thumbnail","hentry","category-pratique","description-off"],"yoast_head":"<!-- This site is optimized with the Yoast SEO plugin v25.3 - https:\/\/yoast.com\/wordpress\/plugins\/seo\/ -->\n<title>Tarifs et infos - Le camping du Lac de Bournazel ****<\/title>\n<meta name=\"description\" content=\"Tarifs et infos et p\u00e8le-m\u00eale de pr\u00e9cisions r\u00e9guli\u00e8rement mises \u00e0 jour. Les tarifs sont \u00e0 t\u00e9l\u00e9charger. Rubrique enrichie r\u00e9guli\u00e8rement.\" \/>\n<meta name=\"robots\" content=\"index, follow, max-snippet:-1, max-image-preview:large, max-video-preview:-1\" \/>\n<link rel=\"canonical\" href=\"https:\/\/www.camping-lac-bournazel.com\/infos-pratiques\/tarifs\/\" \/>\n<meta property=\"og:locale\" content=\"fr_FR\" \/>\n<meta property=\"og:type\" content=\"article\" \/>\n<meta property=\"og:title\" content=\"Tarifs et infos - Le camping du Lac de Bournazel ****\" \/>\n<meta property=\"og:description\" content=\"Tarifs et infos et p\u00e8le-m\u00eale de pr\u00e9cisions r\u00e9guli\u00e8rement mises \u00e0 jour. Les tarifs sont \u00e0 t\u00e9l\u00e9charger. Rubrique enrichie r\u00e9guli\u00e8rement.\" \/>\n<meta property=\"og:url\" content=\"https:\/\/www.camping-lac-bournazel.com\/infos-pratiques\/tarifs\/\" \/>\n<meta property=\"og:site_name\" content=\"Le camping du Lac de Bournazel ****\" \/>\n<meta property=\"article:publisher\" content=\"https:\/\/www.facebook.com\/Camping-du-Lac-de-Bournazel-178691212185189\/\" \/>\n<meta property=\"article:modified_time\" content=\"2026-02-27T10:04:59+00:00\" \/>\n<meta property=\"og:image\" content=\"https:\/\/www.camping-lac-bournazel.com\/wp-content\/uploads\/Logocampech.jpg\" \/>\n\t<meta property=\"og:image:width\" content=\"250\" \/>\n\t<meta property=\"og:image:height\" content=\"250\" \/>\n\t<meta property=\"og:image:type\" content=\"image\/jpeg\" \/>\n<meta name=\"twitter:card\" content=\"summary_large_image\" \/>\n<meta name=\"twitter:label1\" content=\"Dur\u00e9e de lecture estim\u00e9e\" \/>\n\t<meta name=\"twitter:data1\" content=\"2 minutes\" \/>\n<script type=\"application\/ld+json\" class=\"yoast-schema-graph\">{\"@context\":\"https:\/\/schema.org\",\"@graph\":[{\"@type\":\"WebPage\",\"@id\":\"https:\/\/www.camping-lac-bournazel.com\/infos-pratiques\/tarifs\/\",\"url\":\"https:\/\/www.camping-lac-bournazel.com\/infos-pratiques\/tarifs\/\",\"name\":\"Tarifs et infos - Le camping du Lac de Bournazel ****\",\"isPartOf\":{\"@id\":\"https:\/\/www.camping-lac-bournazel.com\/fr\/#website\"},\"primaryImageOfPage\":{\"@id\":\"https:\/\/www.camping-lac-bournazel.com\/infos-pratiques\/tarifs\/#primaryimage\"},\"image\":{\"@id\":\"https:\/\/www.camping-lac-bournazel.com\/infos-pratiques\/tarifs\/#primaryimage\"},\"thumbnailUrl\":\"https:\/\/www.camping-lac-bournazel.com\/wp-content\/uploads\/Logocampech.jpg\",\"datePublished\":\"2016-11-08T15:11:11+00:00\",\"dateModified\":\"2026-02-27T10:04:59+00:00\",\"description\":\"Tarifs et infos et p\u00e8le-m\u00eale de pr\u00e9cisions r\u00e9guli\u00e8rement mises \u00e0 jour. Les tarifs sont \u00e0 t\u00e9l\u00e9charger. Rubrique enrichie r\u00e9guli\u00e8rement.\",\"breadcrumb\":{\"@id\":\"https:\/\/www.camping-lac-bournazel.com\/infos-pratiques\/tarifs\/#breadcrumb\"},\"inLanguage\":\"fr-FR\",\"potentialAction\":[{\"@type\":\"ReadAction\",\"target\":[\"https:\/\/www.camping-lac-bournazel.com\/infos-pratiques\/tarifs\/\"]}]},{\"@type\":\"ImageObject\",\"inLanguage\":\"fr-FR\",\"@id\":\"https:\/\/www.camping-lac-bournazel.com\/infos-pratiques\/tarifs\/#primaryimage\",\"url\":\"https:\/\/www.camping-lac-bournazel.com\/wp-content\/uploads\/Logocampech.jpg\",\"contentUrl\":\"https:\/\/www.camping-lac-bournazel.com\/wp-content\/uploads\/Logocampech.jpg\",\"width\":250,\"height\":250},{\"@type\":\"BreadcrumbList\",\"@id\":\"https:\/\/www.camping-lac-bournazel.com\/infos-pratiques\/tarifs\/#breadcrumb\",\"itemListElement\":[{\"@type\":\"ListItem\",\"position\":1,\"name\":\"Accueil\",\"item\":\"https:\/\/www.camping-lac-bournazel.com\/\"},{\"@type\":\"ListItem\",\"position\":2,\"name\":\"Information\",\"item\":\"https:\/\/www.camping-lac-bournazel.com\/en\/infos-pratiques\/\"},{\"@type\":\"ListItem\",\"position\":3,\"name\":\"Tarifs et infos\"}]},{\"@type\":\"WebSite\",\"@id\":\"https:\/\/www.camping-lac-bournazel.com\/fr\/#website\",\"url\":\"https:\/\/www.camping-lac-bournazel.com\/fr\/\",\"name\":\"Le camping du Lac de Bournazel ****\",\"description\":\"Camping et Glamping en Corr\u00e8ze, Nouvelle Aquitaine | France\",\"publisher\":{\"@id\":\"https:\/\/www.camping-lac-bournazel.com\/fr\/#organization\"},\"potentialAction\":[{\"@type\":\"SearchAction\",\"target\":{\"@type\":\"EntryPoint\",\"urlTemplate\":\"https:\/\/www.camping-lac-bournazel.com\/fr\/?s={search_term_string}\"},\"query-input\":{\"@type\":\"PropertyValueSpecification\",\"valueRequired\":true,\"valueName\":\"search_term_string\"}}],\"inLanguage\":\"fr-FR\"},{\"@type\":\"Organization\",\"@id\":\"https:\/\/www.camping-lac-bournazel.com\/fr\/#organization\",\"name\":\"Le Camping du Lac de Bournazel, Corr\u00e8ze\",\"url\":\"https:\/\/www.camping-lac-bournazel.com\/fr\/\",\"logo\":{\"@type\":\"ImageObject\",\"inLanguage\":\"fr-FR\",\"@id\":\"https:\/\/www.camping-lac-bournazel.com\/fr\/#\/schema\/logo\/image\/\",\"url\":\"https:\/\/www.camping-lac-bournazel.com\/wp-content\/uploads\/neo-logo-r.png\",\"contentUrl\":\"https:\/\/www.camping-lac-bournazel.com\/wp-content\/uploads\/neo-logo-r.png\",\"width\":304,\"height\":221,\"caption\":\"Le Camping du Lac de Bournazel, Corr\u00e8ze\"},\"image\":{\"@id\":\"https:\/\/www.camping-lac-bournazel.com\/fr\/#\/schema\/logo\/image\/\"},\"sameAs\":[\"https:\/\/www.facebook.com\/Camping-du-Lac-de-Bournazel-178691212185189\/\",\"https:\/\/www.youtube.com\/channel\/UCJdy4qKA94bm2d1MA_c2nHg\"]}]}<\/script>\n<!-- \/ Yoast SEO plugin. -->","yoast_head_json":{"title":"Tarifs et infos - Le camping du Lac de Bournazel ****","description":"Tarifs et infos et p\u00e8le-m\u00eale de pr\u00e9cisions r\u00e9guli\u00e8rement mises \u00e0 jour. Les tarifs sont \u00e0 t\u00e9l\u00e9charger. Rubrique enrichie r\u00e9guli\u00e8rement.","robots":{"index":"index","follow":"follow","max-snippet":"max-snippet:-1","max-image-preview":"max-image-preview:large","max-video-preview":"max-video-preview:-1"},"canonical":"https:\/\/www.camping-lac-bournazel.com\/infos-pratiques\/tarifs\/","og_locale":"fr_FR","og_type":"article","og_title":"Tarifs et infos - Le camping du Lac de Bournazel ****","og_description":"Tarifs et infos et p\u00e8le-m\u00eale de pr\u00e9cisions r\u00e9guli\u00e8rement mises \u00e0 jour. Les tarifs sont \u00e0 t\u00e9l\u00e9charger. Rubrique enrichie r\u00e9guli\u00e8rement.","og_url":"https:\/\/www.camping-lac-bournazel.com\/infos-pratiques\/tarifs\/","og_site_name":"Le camping du Lac de Bournazel ****","article_publisher":"https:\/\/www.facebook.com\/Camping-du-Lac-de-Bournazel-178691212185189\/","article_modified_time":"2026-02-27T10:04:59+00:00","og_image":[{"width":250,"height":250,"url":"https:\/\/www.camping-lac-bournazel.com\/wp-content\/uploads\/Logocampech.jpg","type":"image\/jpeg"}],"twitter_card":"summary_large_image","twitter_misc":{"Dur\u00e9e de lecture estim\u00e9e":"2 minutes"},"schema":{"@context":"https:\/\/schema.org","@graph":[{"@type":"WebPage","@id":"https:\/\/www.camping-lac-bournazel.com\/infos-pratiques\/tarifs\/","url":"https:\/\/www.camping-lac-bournazel.com\/infos-pratiques\/tarifs\/","name":"Tarifs et infos - Le camping du Lac de Bournazel ****","isPartOf":{"@id":"https:\/\/www.camping-lac-bournazel.com\/fr\/#website"},"primaryImageOfPage":{"@id":"https:\/\/www.camping-lac-bournazel.com\/infos-pratiques\/tarifs\/#primaryimage"},"image":{"@id":"https:\/\/www.camping-lac-bournazel.com\/infos-pratiques\/tarifs\/#primaryimage"},"thumbnailUrl":"https:\/\/www.camping-lac-bournazel.com\/wp-content\/uploads\/Logocampech.jpg","datePublished":"2016-11-08T15:11:11+00:00","dateModified":"2026-02-27T10:04:59+00:00","description":"Tarifs et infos et p\u00e8le-m\u00eale de pr\u00e9cisions r\u00e9guli\u00e8rement mises \u00e0 jour. Les tarifs sont \u00e0 t\u00e9l\u00e9charger. Rubrique enrichie r\u00e9guli\u00e8rement.","breadcrumb":{"@id":"https:\/\/www.camping-lac-bournazel.com\/infos-pratiques\/tarifs\/#breadcrumb"},"inLanguage":"fr-FR","potentialAction":[{"@type":"ReadAction","target":["https:\/\/www.camping-lac-bournazel.com\/infos-pratiques\/tarifs\/"]}]},{"@type":"ImageObject","inLanguage":"fr-FR","@id":"https:\/\/www.camping-lac-bournazel.com\/infos-pratiques\/tarifs\/#primaryimage","url":"https:\/\/www.camping-lac-bournazel.com\/wp-content\/uploads\/Logocampech.jpg","contentUrl":"https:\/\/www.camping-lac-bournazel.com\/wp-content\/uploads\/Logocampech.jpg","width":250,"height":250},{"@type":"BreadcrumbList","@id":"https:\/\/www.camping-lac-bournazel.com\/infos-pratiques\/tarifs\/#breadcrumb","itemListElement":[{"@type":"ListItem","position":1,"name":"Accueil","item":"https:\/\/www.camping-lac-bournazel.com\/"},{"@type":"ListItem","position":2,"name":"Information","item":"https:\/\/www.camping-lac-bournazel.com\/en\/infos-pratiques\/"},{"@type":"ListItem","position":3,"name":"Tarifs et infos"}]},{"@type":"WebSite","@id":"https:\/\/www.camping-lac-bournazel.com\/fr\/#website","url":"https:\/\/www.camping-lac-bournazel.com\/fr\/","name":"Le camping du Lac de Bournazel ****","description":"Camping et Glamping en Corr\u00e8ze, Nouvelle Aquitaine | France","publisher":{"@id":"https:\/\/www.camping-lac-bournazel.com\/fr\/#organization"},"potentialAction":[{"@type":"SearchAction","target":{"@type":"EntryPoint","urlTemplate":"https:\/\/www.camping-lac-bournazel.com\/fr\/?s={search_term_string}"},"query-input":{"@type":"PropertyValueSpecification","valueRequired":true,"valueName":"search_term_string"}}],"inLanguage":"fr-FR"},{"@type":"Organization","@id":"https:\/\/www.camping-lac-bournazel.com\/fr\/#organization","name":"Le Camping du Lac de Bournazel, Corr\u00e8ze","url":"https:\/\/www.camping-lac-bournazel.com\/fr\/","logo":{"@type":"ImageObject","inLanguage":"fr-FR","@id":"https:\/\/www.camping-lac-bournazel.com\/fr\/#\/schema\/logo\/image\/","url":"https:\/\/www.camping-lac-bournazel.com\/wp-content\/uploads\/neo-logo-r.png","contentUrl":"https:\/\/www.camping-lac-bournazel.com\/wp-content\/uploads\/neo-logo-r.png","width":304,"height":221,"caption":"Le Camping du Lac de Bournazel, Corr\u00e8ze"},"image":{"@id":"https:\/\/www.camping-lac-bournazel.com\/fr\/#\/schema\/logo\/image\/"},"sameAs":["https:\/\/www.facebook.com\/Camping-du-Lac-de-Bournazel-178691212185189\/","https:\/\/www.youtube.com\/channel\/UCJdy4qKA94bm2d1MA_c2nHg"]}]}},"jetpack_sharing_enabled":true,"jetpack_shortlink":"https:\/\/wp.me\/P8fRNC-6t","jetpack-related-posts":[],"_links":{"self":[{"href":"https:\/\/www.camping-lac-bournazel.com\/fr\/wp-json\/wp\/v2\/pages\/401","targetHints":{"allow":["GET"]}}],"collection":[{"href":"https:\/\/www.camping-lac-bournazel.com\/fr\/wp-json\/wp\/v2\/pages"}],"about":[{"href":"https:\/\/www.camping-lac-bournazel.com\/fr\/wp-json\/wp\/v2\/types\/page"}],"author":[{"embeddable":true,"href":"https:\/\/www.camping-lac-bournazel.com\/fr\/wp-json\/wp\/v2\/users\/2"}],"replies":[{"embeddable":true,"href":"https:\/\/www.camping-lac-bournazel.com\/fr\/wp-json\/wp\/v2\/comments?post=401"}],"version-history":[{"count":2,"href":"https:\/\/www.camping-lac-bournazel.com\/fr\/wp-json\/wp\/v2\/pages\/401\/revisions"}],"predecessor-version":[{"id":4077,"href":"https:\/\/www.camping-lac-bournazel.com\/fr\/wp-json\/wp\/v2\/pages\/401\/revisions\/4077"}],"up":[{"embeddable":true,"href":"https:\/\/www.camping-lac-bournazel.com\/fr\/wp-json\/wp\/v2\/pages\/392"}],"wp:featuredmedia":[{"embeddable":true,"href":"https:\/\/www.camping-lac-bournazel.com\/fr\/wp-json\/wp\/v2\/media\/2007"}],"wp:attachment":[{"href":"https:\/\/www.camping-lac-bournazel.com\/fr\/wp-json\/wp\/v2\/media?parent=401"}],"wp:term":[{"taxonomy":"category","embeddable":true,"href":"https:\/\/www.camping-lac-bournazel.com\/fr\/wp-json\/wp\/v2\/categories?post=401"},{"taxonomy":"post_tag","embeddable":true,"href":"https:\/\/www.camping-lac-bournazel.com\/fr\/wp-json\/wp\/v2\/tags?post=401"}],"curies":[{"name":"wp","href":"https:\/\/api.w.org\/{rel}","templated":true}]}}