{"id":383,"date":"2016-11-08T16:02:34","date_gmt":"2016-11-08T15:02:34","guid":{"rendered":"http:\/\/tokyostalgy.com\/bournazel\/?page_id=383"},"modified":"2020-06-18T13:41:02","modified_gmt":"2020-06-18T11:41:02","slug":"location-vtt","status":"publish","type":"page","link":"https:\/\/www.camping-lac-bournazel.com\/fr\/services-et-loisirs\/location-vtt\/","title":{"rendered":"Location VTT"},"content":{"rendered":"<div class=\"wpb-content-wrapper\"><p>[vc_section content_placement=\u00a0\u00bbmiddle\u00a0\u00bb css=\u00a0\u00bb.vc_custom_1482249692803{background-color: #ffffff !important;}\u00a0\u00bb][vc_row][vc_column][vc_custom_heading source=\u00a0\u00bbpost_title\u00a0\u00bb font_container=\u00a0\u00bbtag:h1|font_size:36px|text_align:left|color:%23515151|line_height:42px\u00a0\u00bb use_theme_fonts=\u00a0\u00bbyes\u00a0\u00bb][vc_row_inner][vc_column_inner width=\u00a0\u00bb1\/3&Prime;][vc_custom_heading text=\u00a0\u00bbVous souhaitez d\u00e9couvrir le secteur&#8230;\u00a0\u00bb font_container=\u00a0\u00bbtag:div|font_size:24px|text_align:center|color:%238abd3a|line_height:32px\u00a0\u00bb google_fonts=\u00a0\u00bbfont_family:Merriweather%3A300%2C300italic%2Cregular%2Citalic%2C700%2C700italic%2C900%2C900italic|font_style:300%20light%20italic%3A300%3Aitalic\u00a0\u00bb css=\u00a0\u00bb.vc_custom_1480007074237{margin-top: 12px !important;}\u00a0\u00bb][vc_column_text css=\u00a0\u00bb.vc_custom_1485288656798{padding-top: 100px !important;padding-bottom: 100px !important;}\u00a0\u00bb]D\u00e9couvrir le secteur sans vous encombrer de votre v\u00e9lo?<!--more--><br \/>\nNous pouvons vous proposer de la location VTT pour homme, femme et enfants sur r\u00e9servation et selon disponibilit\u00e9.<\/p>\n<p><a href=\"https:\/\/www.camping-lac-bournazel.com\/nous-contacter\/\">Contactez-nous<\/a>.[\/vc_column_text][vc_column_text el_class=\u00a0\u00bbdescription\u00a0\u00bb css=\u00a0\u00bb.vc_custom_1480008085774{padding-top: 12px !important;}\u00a0\u00bb]<\/p>\n<h4>Tarifs<\/h4>\n<ul>\n<li>Location VTT demi-journ\u00e9e \u00a06 \u20ac<\/li>\n<li>Location VTT journ\u00e9e \u00a0 \u00a0 \u00a0 \u00a0 \u00a09 \u20ac<\/li>\n<li>Location VTT semaine \u00a0 \u00a0 \u00a0 28 \u20ac<\/li>\n<\/ul>\n<p>[\/vc_column_text][\/vc_column_inner][vc_column_inner width=\u00a0\u00bb2\/3&Prime;][vc_masonry_media_grid gap=\u00a0\u00bb2&Prime; item=\u00a0\u00bb764&Prime; grid_id=\u00a0\u00bbvc_gid:1592480389752-e8b728ea-9dc2-0&Prime; include=\u00a0\u00bb1972,1971,1973&Prime;][vc_message message_box_style=\u00a0\u00bbsolid-icon\u00a0\u00bb message_box_color=\u00a0\u00bborange\u00a0\u00bb]<\/p>\n<h5>D\u00e9tails pratiques<\/h5>\n<p>Nous vous fournissons sans suppl\u00e9ment le casque et nous avons un si\u00e8ge b\u00e9b\u00e9 \u00e0 disposition.<\/p>\n<h3><\/h3>\n<p>[\/vc_message][\/vc_column_inner][\/vc_row_inner][\/vc_column][\/vc_row][\/vc_section][vc_section css=\u00a0\u00bb.vc_custom_1482249748798{border-top-width: 2px !important;background-color: #efe5df !important;border-top-color: #ded5ce !important;border-top-style: solid !important;}\u00a0\u00bb][vc_row][vc_column width=\u00a0\u00bb1\/2&Prime;][vc_column_text]<\/p>\n<h3>Id\u00e9es de circuits \u00e0 pied ou \u00e0 v\u00e9lo<\/h3>\n<p>&nbsp;<\/p>\n<p>Plus cibl\u00e9 sur les enfants, consultez les parcours <a href=\"https:\/\/www.correzerando.com\/\" target=\"_blank\" rel=\"noopener noreferrer\">Randoland<\/a>.<\/p>\n<p>Pour toute les circuits VTT, consultez\u00a0les ballades propos\u00e9es par le site de <a href=\"https:\/\/www.tourismecorreze.com\/fr\/tourisme\/vtt_-_velo.html\" target=\"_blank\" rel=\"noopener noreferrer\">VTT Correze<\/a>.[\/vc_column_text][\/vc_column][\/vc_row][\/vc_section]<\/p>\n<\/div>","protected":false},"excerpt":{"rendered":"<p>[vc_section content_placement=\u00a0\u00bbmiddle\u00a0\u00bb css=\u00a0\u00bb.vc_custom_1482249692803{background-color: #ffffff !important;}\u00a0\u00bb][vc_row][vc_column][vc_custom_heading source=\u00a0\u00bbpost_title\u00a0\u00bb font_container=\u00a0\u00bbtag:h1|font_size:36px|text_align:left|color:%23515151|line_height:42px\u00a0\u00bb use_theme_fonts=\u00a0\u00bbyes\u00a0\u00bb][vc_row_inner][vc_column_inner width=\u00a0\u00bb1\/3&Prime;][vc_custom_heading text=\u00a0\u00bbVous souhaitez d\u00e9couvrir le secteur&#8230;\u00a0\u00bb font_container=\u00a0\u00bbtag:div|font_size:24px|text_align:center|color:%238abd3a|line_height:32px\u00a0\u00bb google_fonts=\u00a0\u00bbfont_family:Merriweather%3A300%2C300italic%2Cregular%2Citalic%2C700%2C700italic%2C900%2C900italic|font_style:300%20light%20italic%3A300%3Aitalic\u00a0\u00bb css=\u00a0\u00bb.vc_custom_1480007074237{margin-top: 12px !important;}\u00a0\u00bb][vc_column_text css=\u00a0\u00bb.vc_custom_1485288656798{padding-top: 100px !important;padding-bottom: 100px !important;}\u00a0\u00bb]D\u00e9couvrir le secteur sans vous encombrer de votre v\u00e9lo?<\/p>\n","protected":false},"author":2,"featured_media":1974,"parent":287,"menu_order":14,"comment_status":"closed","ping_status":"closed","template":"","meta":{"inline_featured_image":false,"jetpack_post_was_ever_published":false,"footnotes":""},"categories":[10],"tags":[],"class_list":["post-383","page","type-page","status-publish","has-post-thumbnail","hentry","category-services","description-off"],"yoast_head":"<!-- This site is optimized with the Yoast SEO plugin v25.3 - https:\/\/yoast.com\/wordpress\/plugins\/seo\/ -->\n<title>Location VTT - Le camping du Lac de Bournazel ****<\/title>\n<meta name=\"description\" content=\"Profitez de la location VTT pour d\u00e9couvrir le secteur sans vous encombrer de votre v\u00e9lo et d\u00e9couvrez des circuits de randos \u00e0 v\u00e9lo ou \u00e0 pied.\" \/>\n<meta name=\"robots\" content=\"index, follow, max-snippet:-1, max-image-preview:large, max-video-preview:-1\" \/>\n<link rel=\"canonical\" href=\"https:\/\/www.camping-lac-bournazel.com\/fr\/services-et-loisirs\/location-vtt\/\" \/>\n<meta property=\"og:locale\" content=\"fr_FR\" \/>\n<meta property=\"og:type\" content=\"article\" \/>\n<meta property=\"og:title\" content=\"Location VTT - Le camping du Lac de Bournazel ****\" \/>\n<meta property=\"og:description\" content=\"Profitez de la location VTT pour d\u00e9couvrir le secteur sans vous encombrer de votre v\u00e9lo et d\u00e9couvrez des circuits de randos \u00e0 v\u00e9lo ou \u00e0 pied.\" \/>\n<meta property=\"og:url\" content=\"https:\/\/www.camping-lac-bournazel.com\/fr\/services-et-loisirs\/location-vtt\/\" \/>\n<meta property=\"og:site_name\" content=\"Le camping du Lac de Bournazel ****\" \/>\n<meta property=\"article:publisher\" content=\"https:\/\/www.facebook.com\/Camping-du-Lac-de-Bournazel-178691212185189\/\" \/>\n<meta property=\"article:modified_time\" content=\"2020-06-18T11:41:02+00:00\" \/>\n<meta property=\"og:image\" content=\"https:\/\/www.camping-lac-bournazel.com\/wp-content\/uploads\/VTTech.jpg\" \/>\n\t<meta property=\"og:image:width\" content=\"250\" \/>\n\t<meta property=\"og:image:height\" content=\"250\" \/>\n\t<meta property=\"og:image:type\" content=\"image\/jpeg\" \/>\n<meta name=\"twitter:card\" content=\"summary_large_image\" \/>\n<meta name=\"twitter:label1\" content=\"Dur\u00e9e de lecture estim\u00e9e\" \/>\n\t<meta name=\"twitter:data1\" content=\"3 minutes\" \/>\n<script type=\"application\/ld+json\" class=\"yoast-schema-graph\">{\"@context\":\"https:\/\/schema.org\",\"@graph\":[{\"@type\":\"WebPage\",\"@id\":\"https:\/\/www.camping-lac-bournazel.com\/fr\/services-et-loisirs\/location-vtt\/\",\"url\":\"https:\/\/www.camping-lac-bournazel.com\/fr\/services-et-loisirs\/location-vtt\/\",\"name\":\"Location VTT - Le camping du Lac de Bournazel ****\",\"isPartOf\":{\"@id\":\"https:\/\/www.camping-lac-bournazel.com\/fr\/#website\"},\"primaryImageOfPage\":{\"@id\":\"https:\/\/www.camping-lac-bournazel.com\/fr\/services-et-loisirs\/location-vtt\/#primaryimage\"},\"image\":{\"@id\":\"https:\/\/www.camping-lac-bournazel.com\/fr\/services-et-loisirs\/location-vtt\/#primaryimage\"},\"thumbnailUrl\":\"https:\/\/www.camping-lac-bournazel.com\/wp-content\/uploads\/VTTech.jpg\",\"datePublished\":\"2016-11-08T15:02:34+00:00\",\"dateModified\":\"2020-06-18T11:41:02+00:00\",\"description\":\"Profitez de la location VTT pour d\u00e9couvrir le secteur sans vous encombrer de votre v\u00e9lo et d\u00e9couvrez des circuits de randos \u00e0 v\u00e9lo ou \u00e0 pied.\",\"breadcrumb\":{\"@id\":\"https:\/\/www.camping-lac-bournazel.com\/fr\/services-et-loisirs\/location-vtt\/#breadcrumb\"},\"inLanguage\":\"fr-FR\",\"potentialAction\":[{\"@type\":\"ReadAction\",\"target\":[\"https:\/\/www.camping-lac-bournazel.com\/fr\/services-et-loisirs\/location-vtt\/\"]}]},{\"@type\":\"ImageObject\",\"inLanguage\":\"fr-FR\",\"@id\":\"https:\/\/www.camping-lac-bournazel.com\/fr\/services-et-loisirs\/location-vtt\/#primaryimage\",\"url\":\"https:\/\/www.camping-lac-bournazel.com\/wp-content\/uploads\/VTTech.jpg\",\"contentUrl\":\"https:\/\/www.camping-lac-bournazel.com\/wp-content\/uploads\/VTTech.jpg\",\"width\":250,\"height\":250,\"caption\":\"Camping du Lac de Bournazel, Seilhac, Corr\u00e8ze | Parfait pour sejour en famille\"},{\"@type\":\"BreadcrumbList\",\"@id\":\"https:\/\/www.camping-lac-bournazel.com\/fr\/services-et-loisirs\/location-vtt\/#breadcrumb\",\"itemListElement\":[{\"@type\":\"ListItem\",\"position\":1,\"name\":\"Accueil\",\"item\":\"https:\/\/www.camping-lac-bournazel.com\/\"},{\"@type\":\"ListItem\",\"position\":2,\"name\":\"Services et Loisirs\",\"item\":\"https:\/\/www.camping-lac-bournazel.com\/fr\/services-et-loisirs\/\"},{\"@type\":\"ListItem\",\"position\":3,\"name\":\"Location VTT\"}]},{\"@type\":\"WebSite\",\"@id\":\"https:\/\/www.camping-lac-bournazel.com\/fr\/#website\",\"url\":\"https:\/\/www.camping-lac-bournazel.com\/fr\/\",\"name\":\"Le camping du Lac de Bournazel ****\",\"description\":\"Camping et Glamping en Corr\u00e8ze, Nouvelle Aquitaine | France\",\"publisher\":{\"@id\":\"https:\/\/www.camping-lac-bournazel.com\/fr\/#organization\"},\"potentialAction\":[{\"@type\":\"SearchAction\",\"target\":{\"@type\":\"EntryPoint\",\"urlTemplate\":\"https:\/\/www.camping-lac-bournazel.com\/fr\/?s={search_term_string}\"},\"query-input\":{\"@type\":\"PropertyValueSpecification\",\"valueRequired\":true,\"valueName\":\"search_term_string\"}}],\"inLanguage\":\"fr-FR\"},{\"@type\":\"Organization\",\"@id\":\"https:\/\/www.camping-lac-bournazel.com\/fr\/#organization\",\"name\":\"Le Camping du Lac de Bournazel, Corr\u00e8ze\",\"url\":\"https:\/\/www.camping-lac-bournazel.com\/fr\/\",\"logo\":{\"@type\":\"ImageObject\",\"inLanguage\":\"fr-FR\",\"@id\":\"https:\/\/www.camping-lac-bournazel.com\/fr\/#\/schema\/logo\/image\/\",\"url\":\"https:\/\/www.camping-lac-bournazel.com\/wp-content\/uploads\/neo-logo-r.png\",\"contentUrl\":\"https:\/\/www.camping-lac-bournazel.com\/wp-content\/uploads\/neo-logo-r.png\",\"width\":304,\"height\":221,\"caption\":\"Le Camping du Lac de Bournazel, Corr\u00e8ze\"},\"image\":{\"@id\":\"https:\/\/www.camping-lac-bournazel.com\/fr\/#\/schema\/logo\/image\/\"},\"sameAs\":[\"https:\/\/www.facebook.com\/Camping-du-Lac-de-Bournazel-178691212185189\/\",\"https:\/\/www.youtube.com\/channel\/UCJdy4qKA94bm2d1MA_c2nHg\"]}]}<\/script>\n<!-- \/ Yoast SEO plugin. -->","yoast_head_json":{"title":"Location VTT - Le camping du Lac de Bournazel ****","description":"Profitez de la location VTT pour d\u00e9couvrir le secteur sans vous encombrer de votre v\u00e9lo et d\u00e9couvrez des circuits de randos \u00e0 v\u00e9lo ou \u00e0 pied.","robots":{"index":"index","follow":"follow","max-snippet":"max-snippet:-1","max-image-preview":"max-image-preview:large","max-video-preview":"max-video-preview:-1"},"canonical":"https:\/\/www.camping-lac-bournazel.com\/fr\/services-et-loisirs\/location-vtt\/","og_locale":"fr_FR","og_type":"article","og_title":"Location VTT - Le camping du Lac de Bournazel ****","og_description":"Profitez de la location VTT pour d\u00e9couvrir le secteur sans vous encombrer de votre v\u00e9lo et d\u00e9couvrez des circuits de randos \u00e0 v\u00e9lo ou \u00e0 pied.","og_url":"https:\/\/www.camping-lac-bournazel.com\/fr\/services-et-loisirs\/location-vtt\/","og_site_name":"Le camping du Lac de Bournazel ****","article_publisher":"https:\/\/www.facebook.com\/Camping-du-Lac-de-Bournazel-178691212185189\/","article_modified_time":"2020-06-18T11:41:02+00:00","og_image":[{"width":250,"height":250,"url":"https:\/\/www.camping-lac-bournazel.com\/wp-content\/uploads\/VTTech.jpg","type":"image\/jpeg"}],"twitter_card":"summary_large_image","twitter_misc":{"Dur\u00e9e de lecture estim\u00e9e":"3 minutes"},"schema":{"@context":"https:\/\/schema.org","@graph":[{"@type":"WebPage","@id":"https:\/\/www.camping-lac-bournazel.com\/fr\/services-et-loisirs\/location-vtt\/","url":"https:\/\/www.camping-lac-bournazel.com\/fr\/services-et-loisirs\/location-vtt\/","name":"Location VTT - Le camping du Lac de Bournazel ****","isPartOf":{"@id":"https:\/\/www.camping-lac-bournazel.com\/fr\/#website"},"primaryImageOfPage":{"@id":"https:\/\/www.camping-lac-bournazel.com\/fr\/services-et-loisirs\/location-vtt\/#primaryimage"},"image":{"@id":"https:\/\/www.camping-lac-bournazel.com\/fr\/services-et-loisirs\/location-vtt\/#primaryimage"},"thumbnailUrl":"https:\/\/www.camping-lac-bournazel.com\/wp-content\/uploads\/VTTech.jpg","datePublished":"2016-11-08T15:02:34+00:00","dateModified":"2020-06-18T11:41:02+00:00","description":"Profitez de la location VTT pour d\u00e9couvrir le secteur sans vous encombrer de votre v\u00e9lo et d\u00e9couvrez des circuits de randos \u00e0 v\u00e9lo ou \u00e0 pied.","breadcrumb":{"@id":"https:\/\/www.camping-lac-bournazel.com\/fr\/services-et-loisirs\/location-vtt\/#breadcrumb"},"inLanguage":"fr-FR","potentialAction":[{"@type":"ReadAction","target":["https:\/\/www.camping-lac-bournazel.com\/fr\/services-et-loisirs\/location-vtt\/"]}]},{"@type":"ImageObject","inLanguage":"fr-FR","@id":"https:\/\/www.camping-lac-bournazel.com\/fr\/services-et-loisirs\/location-vtt\/#primaryimage","url":"https:\/\/www.camping-lac-bournazel.com\/wp-content\/uploads\/VTTech.jpg","contentUrl":"https:\/\/www.camping-lac-bournazel.com\/wp-content\/uploads\/VTTech.jpg","width":250,"height":250,"caption":"Camping du Lac de Bournazel, Seilhac, Corr\u00e8ze | Parfait pour sejour en famille"},{"@type":"BreadcrumbList","@id":"https:\/\/www.camping-lac-bournazel.com\/fr\/services-et-loisirs\/location-vtt\/#breadcrumb","itemListElement":[{"@type":"ListItem","position":1,"name":"Accueil","item":"https:\/\/www.camping-lac-bournazel.com\/"},{"@type":"ListItem","position":2,"name":"Services et Loisirs","item":"https:\/\/www.camping-lac-bournazel.com\/fr\/services-et-loisirs\/"},{"@type":"ListItem","position":3,"name":"Location VTT"}]},{"@type":"WebSite","@id":"https:\/\/www.camping-lac-bournazel.com\/fr\/#website","url":"https:\/\/www.camping-lac-bournazel.com\/fr\/","name":"Le camping du Lac de Bournazel ****","description":"Camping et Glamping en Corr\u00e8ze, Nouvelle Aquitaine | France","publisher":{"@id":"https:\/\/www.camping-lac-bournazel.com\/fr\/#organization"},"potentialAction":[{"@type":"SearchAction","target":{"@type":"EntryPoint","urlTemplate":"https:\/\/www.camping-lac-bournazel.com\/fr\/?s={search_term_string}"},"query-input":{"@type":"PropertyValueSpecification","valueRequired":true,"valueName":"search_term_string"}}],"inLanguage":"fr-FR"},{"@type":"Organization","@id":"https:\/\/www.camping-lac-bournazel.com\/fr\/#organization","name":"Le Camping du Lac de Bournazel, Corr\u00e8ze","url":"https:\/\/www.camping-lac-bournazel.com\/fr\/","logo":{"@type":"ImageObject","inLanguage":"fr-FR","@id":"https:\/\/www.camping-lac-bournazel.com\/fr\/#\/schema\/logo\/image\/","url":"https:\/\/www.camping-lac-bournazel.com\/wp-content\/uploads\/neo-logo-r.png","contentUrl":"https:\/\/www.camping-lac-bournazel.com\/wp-content\/uploads\/neo-logo-r.png","width":304,"height":221,"caption":"Le Camping du Lac de Bournazel, Corr\u00e8ze"},"image":{"@id":"https:\/\/www.camping-lac-bournazel.com\/fr\/#\/schema\/logo\/image\/"},"sameAs":["https:\/\/www.facebook.com\/Camping-du-Lac-de-Bournazel-178691212185189\/","https:\/\/www.youtube.com\/channel\/UCJdy4qKA94bm2d1MA_c2nHg"]}]}},"jetpack_sharing_enabled":true,"jetpack_shortlink":"https:\/\/wp.me\/P8fRNC-6b","jetpack-related-posts":[],"_links":{"self":[{"href":"https:\/\/www.camping-lac-bournazel.com\/fr\/wp-json\/wp\/v2\/pages\/383","targetHints":{"allow":["GET"]}}],"collection":[{"href":"https:\/\/www.camping-lac-bournazel.com\/fr\/wp-json\/wp\/v2\/pages"}],"about":[{"href":"https:\/\/www.camping-lac-bournazel.com\/fr\/wp-json\/wp\/v2\/types\/page"}],"author":[{"embeddable":true,"href":"https:\/\/www.camping-lac-bournazel.com\/fr\/wp-json\/wp\/v2\/users\/2"}],"replies":[{"embeddable":true,"href":"https:\/\/www.camping-lac-bournazel.com\/fr\/wp-json\/wp\/v2\/comments?post=383"}],"version-history":[{"count":0,"href":"https:\/\/www.camping-lac-bournazel.com\/fr\/wp-json\/wp\/v2\/pages\/383\/revisions"}],"up":[{"embeddable":true,"href":"https:\/\/www.camping-lac-bournazel.com\/fr\/wp-json\/wp\/v2\/pages\/287"}],"wp:featuredmedia":[{"embeddable":true,"href":"https:\/\/www.camping-lac-bournazel.com\/fr\/wp-json\/wp\/v2\/media\/1974"}],"wp:attachment":[{"href":"https:\/\/www.camping-lac-bournazel.com\/fr\/wp-json\/wp\/v2\/media?parent=383"}],"wp:term":[{"taxonomy":"category","embeddable":true,"href":"https:\/\/www.camping-lac-bournazel.com\/fr\/wp-json\/wp\/v2\/categories?post=383"},{"taxonomy":"post_tag","embeddable":true,"href":"https:\/\/www.camping-lac-bournazel.com\/fr\/wp-json\/wp\/v2\/tags?post=383"}],"curies":[{"name":"wp","href":"https:\/\/api.w.org\/{rel}","templated":true}]}}