{"id":381,"date":"2016-11-08T16:02:09","date_gmt":"2016-11-08T15:02:09","guid":{"rendered":"http:\/\/tokyostalgy.com\/bournazel\/?page_id=381"},"modified":"2024-07-09T18:22:45","modified_gmt":"2024-07-09T16:22:45","slug":"plus-encore","status":"publish","type":"page","link":"https:\/\/www.camping-lac-bournazel.com\/fr\/services-et-loisirs\/plus-encore\/","title":{"rendered":"Plus encore"},"content":{"rendered":"<div class=\"wpb-content-wrapper\"><p>[vc_row][vc_column][vc_column_text][\/vc_column_text][\/vc_column][\/vc_row][vc_row][vc_column][vc_column_text][\/vc_column_text][\/vc_column][\/vc_row][vc_section content_placement=\u00a0\u00bbmiddle\u00a0\u00bb css=\u00a0\u00bb.vc_custom_1482249692803{background-color: #ffffff !important;}\u00a0\u00bb][vc_row][vc_column][vc_custom_heading source=\u00a0\u00bbpost_title\u00a0\u00bb font_container=\u00a0\u00bbtag:h1|font_size:36px|text_align:left|color:%23515151|line_height:42px\u00a0\u00bb use_theme_fonts=\u00a0\u00bbyes\u00a0\u00bb css=\u00a0\u00bb.vc_custom_1483970906147{margin-bottom: 9px !important;border-bottom-width: 1px !important;padding-bottom: 9px !important;border-bottom-color: #515151 !important;border-bottom-style: solid !important;}\u00a0\u00bb][vc_row_inner][vc_column_inner width=\u00a0\u00bb1\/2&Prime;][vc_custom_heading text=\u00a0\u00bbPour vous&#8230;\u00a0\u00bb font_container=\u00a0\u00bbtag:div|font_size:24px|text_align:center|color:%238abd3a|line_height:32px\u00a0\u00bb google_fonts=\u00a0\u00bbfont_family:Merriweather%3A300%2C300italic%2Cregular%2Citalic%2C700%2C700italic%2C900%2C900italic|font_style:300%20light%20italic%3A300%3Aitalic\u00a0\u00bb css=\u00a0\u00bb.vc_custom_1480008481577{margin-top: 12px !important;}\u00a0\u00bb][vc_column_text el_class=\u00a0\u00bbdescription\u00a0\u00bb css=\u00a0\u00bb.vc_custom_1720542159582{padding-top: 12px !important;}\u00a0\u00bb]<\/p>\n<h4>Services gratuits<\/h4>\n<ul>\n<li>Wifi gratuite.<\/li>\n<li>Piscine chauff\u00e9e (mai \u00e0 septembre)<\/li>\n<li>Biblioth\u00e8que avec de nombreux livres fran\u00e7ais et anglais en pr\u00eat<\/li>\n<li>Salle t\u00e9l\u00e9vision<\/li>\n<li>Aire de jeux pour enfants (toboggan et balan\u00e7oires)<\/li>\n<li>Terrains de p\u00e9tanque, tables de ping-pong, terrain volley<\/li>\n<li>Pr\u00eat de mat\u00e9riel sportif : raquettes ping-pong, badminton, ballons, boules de p\u00e9tanque<\/li>\n<li>Pr\u00eat de jeux de soci\u00e9t\u00e9<\/li>\n<\/ul>\n<p>[\/vc_column_text][vc_column_text el_class=\u00a0\u00bbdescription\u00a0\u00bb css=\u00a0\u00bb.vc_custom_1667755296520{padding-top: 12px !important;}\u00a0\u00bb]<\/p>\n<h4>Services payants<\/h4>\n<ul>\n<li>Acc\u00e8s Wifi<\/li>\n<li>Petite \u00e9picerie avec produits de base et du terroir : miel de Correze, des confitures avec <a href=\"http:\/\/www.lamontagne.fr\/seilhac\/vie-pratique-consommation\/2013\/05\/16\/stephanie-et-ludovic-ont-saute-le-pas_1552048.html\" target=\"_blank\" rel=\"noopener noreferrer\">Les Cabanes de la Maurie<\/a>&#8230;<\/li>\n<li>Commande de pain et viennoiseries (hors lundi)<\/li>\n<li>Achat de cartes de p\u00eache pour l\u2019\u00c9tang Neuf.<\/li>\n<li>Acc\u00e8s terrain de Tennis<\/li>\n<li>Jetons lave-linge 8 kg : 5 \u20ac<\/li>\n<li>Jetons s\u00e8che-linge : 4 \u20ac<\/li>\n<li>M\u00e9nage final des locations : 45 \u20ac<\/li>\n<\/ul>\n<p>[\/vc_column_text][\/vc_column_inner][vc_column_inner width=\u00a0\u00bb1\/2&Prime;][vc_masonry_media_grid grid_id=\u00a0\u00bbvc_gid:1720542131233-d3e1375f-0eac-0&Prime; include=\u00a0\u00bb2875,2878,2877,2876,2624,2516&Prime;][vc_message message_box_style=\u00a0\u00bbsolid-icon\u00a0\u00bb message_box_color=\u00a0\u00bborange\u00a0\u00bb css=\u00a0\u00bb.vc_custom_1485288713479{padding-top: 26px !important;padding-bottom: 26px !important;}\u00a0\u00bb]Le Tuyau en plus!!<\/p>\n<p><a href=\"https:\/\/www.camping-lac-bournazel.com\/nous-contacter\/\">Appelez-nous<\/a>\u00a0la veille de votre arriv\u00e9e pour r\u00e9server votre pain ou viennoiseries (sauf lundis) pour \u00e9viter les pannes![\/vc_message][vc_column_text][\/vc_column_text][vc_masonry_media_grid grid_id=\u00a0\u00bbvc_gid:1720542131242-9d78c71f-f7b9-6&Prime; include=\u00a0\u00bb2877,2879&Prime;][\/vc_column_inner][\/vc_row_inner][\/vc_column][\/vc_row][\/vc_section][vc_section css=\u00a0\u00bb.vc_custom_1482249748798{border-top-width: 2px !important;background-color: #efe5df !important;border-top-color: #ded5ce !important;border-top-style: solid !important;}\u00a0\u00bb][vc_row][vc_column width=\u00a0\u00bb1\/2&Prime;][vc_column_text el_class=\u00a0\u00bbdescription\u00a0\u00bb css=\u00a0\u00bb.vc_custom_1700420256667{padding-top: 12px !important;}\u00a0\u00bb]<\/p>\n<h4>Locations<\/h4>\n<ul>\n<li>Location de draps simples ou doubles : 14 \u20ac\/lit<\/li>\n<li>Location de Barbecue : 15.00 \u20ac\/semaine, 4.00 \u20ac\/jour<\/li>\n<li>Location Frigo camping : 35.00 \u20ac\/semaine<\/li>\n<li>Location Lit B\u00e9b\u00e9 : 16.00 \u20ac\/semaine, 5.00 \u20ac\/journ\u00e9e<\/li>\n<\/ul>\n<p>[\/vc_column_text][vc_message message_box_style=\u00a0\u00bbsolid-icon\u00a0\u00bb message_box_color=\u00a0\u00bborange\u00a0\u00bb]Le Tuyau en plus!!<\/p>\n<p>Pour \u00e9viter les ruptures de stocks, r\u00e9servez le mat\u00e9riel dont vous aurez besoin : frigo, v\u00e9lo, draps, lit b\u00e9b\u00e9&#8230;<\/p>\n<p>Laissez un commentaire lors de votre r\u00e9servation en ligne ou <a href=\"https:\/\/www.camping-lac-bournazel.com\/nous-contacter\/\">appelez-nous<\/a>.[\/vc_message][\/vc_column][\/vc_row][\/vc_section][vc_row][vc_column][vc_column_text][\/vc_column_text][\/vc_column][\/vc_row][vc_row][vc_column][vc_column_text][\/vc_column_text][\/vc_column][\/vc_row]<\/p>\n<\/div>","protected":false},"excerpt":{"rendered":"<p>[vc_row][vc_column][vc_column_text][\/vc_column_text][\/vc_column][\/vc_row][vc_row][vc_column][vc_column_text][\/vc_column_text][\/vc_column][\/vc_row][vc_section content_placement=\u00a0\u00bbmiddle\u00a0\u00bb css=\u00a0\u00bb.vc_custom_1482249692803{background-color: #ffffff !important;}\u00a0\u00bb][vc_row][vc_column][vc_custom_heading source=\u00a0\u00bbpost_title\u00a0\u00bb font_container=\u00a0\u00bbtag:h1|font_size:36px|text_align:left|color:%23515151|line_height:42px\u00a0\u00bb use_theme_fonts=\u00a0\u00bbyes\u00a0\u00bb css=\u00a0\u00bb.vc_custom_1483970906147{margin-bottom: 9px !important;border-bottom-width: 1px !important;padding-bottom: 9px !important;border-bottom-color: #515151 !important;border-bottom-style: solid !important;}\u00a0\u00bb][vc_row_inner][vc_column_inner width=\u00a0\u00bb1\/2&Prime;][vc_custom_heading text=\u00a0\u00bbPour vous&#8230;\u00a0\u00bb font_container=\u00a0\u00bbtag:div|font_size:24px|text_align:center|color:%238abd3a|line_height:32px\u00a0\u00bb google_fonts=\u00a0\u00bbfont_family:Merriweather%3A300%2C300italic%2Cregular%2Citalic%2C700%2C700italic%2C900%2C900italic|font_style:300%20light%20italic%3A300%3Aitalic\u00a0\u00bb css=\u00a0\u00bb.vc_custom_1480008481577{margin-top: 12px !important;}\u00a0\u00bb][vc_column_text el_class=\u00a0\u00bbdescription\u00a0\u00bb css=\u00a0\u00bb.vc_custom_1720542159582{padding-top: 12px !important;}\u00a0\u00bb] Services gratuits Wifi gratuite. Piscine chauff\u00e9e (mai \u00e0 septembre) Biblioth\u00e8que avec de nombreux livres fran\u00e7ais et anglais en pr\u00eat Salle t\u00e9l\u00e9vision Aire de jeux&hellip;<\/p>\n","protected":false},"author":2,"featured_media":1970,"parent":287,"menu_order":15,"comment_status":"closed","ping_status":"closed","template":"","meta":{"inline_featured_image":false,"jetpack_post_was_ever_published":false,"footnotes":""},"categories":[10],"tags":[],"class_list":["post-381","page","type-page","status-publish","has-post-thumbnail","hentry","category-services","description-off"],"yoast_head":"<!-- This site is optimized with the Yoast SEO plugin v25.3 - https:\/\/yoast.com\/wordpress\/plugins\/seo\/ -->\n<title>Plus encore - Le camping du Lac de Bournazel ****<\/title>\n<meta name=\"description\" content=\"Retrouvez plus encore de services de l&#039;\u00e9picerie \u00e0 la location de draps, et de l&#039;acc\u00e8s WIFI en passant par la location de salle \u00e9quip\u00e9e.\" \/>\n<meta name=\"robots\" content=\"index, follow, max-snippet:-1, max-image-preview:large, max-video-preview:-1\" \/>\n<link rel=\"canonical\" href=\"https:\/\/www.camping-lac-bournazel.com\/services-et-loisirs\/plus-encore\/\" \/>\n<meta property=\"og:locale\" content=\"fr_FR\" \/>\n<meta property=\"og:type\" content=\"article\" \/>\n<meta property=\"og:title\" content=\"Plus encore - Le camping du Lac de Bournazel ****\" \/>\n<meta property=\"og:description\" content=\"Retrouvez plus encore de services de l&#039;\u00e9picerie \u00e0 la location de draps, et de l&#039;acc\u00e8s WIFI en passant par la location de salle \u00e9quip\u00e9e.\" \/>\n<meta property=\"og:url\" content=\"https:\/\/www.camping-lac-bournazel.com\/services-et-loisirs\/plus-encore\/\" \/>\n<meta property=\"og:site_name\" content=\"Le camping du Lac de Bournazel ****\" \/>\n<meta property=\"article:publisher\" content=\"https:\/\/www.facebook.com\/Camping-du-Lac-de-Bournazel-178691212185189\/\" \/>\n<meta property=\"article:modified_time\" content=\"2024-07-09T16:22:45+00:00\" \/>\n<meta property=\"og:image\" content=\"https:\/\/www.camping-lac-bournazel.com\/wp-content\/uploads\/Receptionech.jpg\" \/>\n\t<meta property=\"og:image:width\" content=\"250\" \/>\n\t<meta property=\"og:image:height\" content=\"250\" \/>\n\t<meta property=\"og:image:type\" content=\"image\/jpeg\" \/>\n<meta name=\"twitter:card\" content=\"summary_large_image\" \/>\n<meta name=\"twitter:label1\" content=\"Dur\u00e9e de lecture estim\u00e9e\" \/>\n\t<meta name=\"twitter:data1\" content=\"4 minutes\" \/>\n<script type=\"application\/ld+json\" class=\"yoast-schema-graph\">{\"@context\":\"https:\/\/schema.org\",\"@graph\":[{\"@type\":\"WebPage\",\"@id\":\"https:\/\/www.camping-lac-bournazel.com\/services-et-loisirs\/plus-encore\/\",\"url\":\"https:\/\/www.camping-lac-bournazel.com\/services-et-loisirs\/plus-encore\/\",\"name\":\"Plus encore - Le camping du Lac de Bournazel ****\",\"isPartOf\":{\"@id\":\"https:\/\/www.camping-lac-bournazel.com\/fr\/#website\"},\"primaryImageOfPage\":{\"@id\":\"https:\/\/www.camping-lac-bournazel.com\/services-et-loisirs\/plus-encore\/#primaryimage\"},\"image\":{\"@id\":\"https:\/\/www.camping-lac-bournazel.com\/services-et-loisirs\/plus-encore\/#primaryimage\"},\"thumbnailUrl\":\"https:\/\/www.camping-lac-bournazel.com\/wp-content\/uploads\/Receptionech.jpg\",\"datePublished\":\"2016-11-08T15:02:09+00:00\",\"dateModified\":\"2024-07-09T16:22:45+00:00\",\"description\":\"Retrouvez plus encore de services de l'\u00e9picerie \u00e0 la location de draps, et de l'acc\u00e8s WIFI en passant par la location de salle \u00e9quip\u00e9e.\",\"breadcrumb\":{\"@id\":\"https:\/\/www.camping-lac-bournazel.com\/services-et-loisirs\/plus-encore\/#breadcrumb\"},\"inLanguage\":\"fr-FR\",\"potentialAction\":[{\"@type\":\"ReadAction\",\"target\":[\"https:\/\/www.camping-lac-bournazel.com\/services-et-loisirs\/plus-encore\/\"]}]},{\"@type\":\"ImageObject\",\"inLanguage\":\"fr-FR\",\"@id\":\"https:\/\/www.camping-lac-bournazel.com\/services-et-loisirs\/plus-encore\/#primaryimage\",\"url\":\"https:\/\/www.camping-lac-bournazel.com\/wp-content\/uploads\/Receptionech.jpg\",\"contentUrl\":\"https:\/\/www.camping-lac-bournazel.com\/wp-content\/uploads\/Receptionech.jpg\",\"width\":250,\"height\":250},{\"@type\":\"BreadcrumbList\",\"@id\":\"https:\/\/www.camping-lac-bournazel.com\/services-et-loisirs\/plus-encore\/#breadcrumb\",\"itemListElement\":[{\"@type\":\"ListItem\",\"position\":1,\"name\":\"Accueil\",\"item\":\"https:\/\/www.camping-lac-bournazel.com\/\"},{\"@type\":\"ListItem\",\"position\":2,\"name\":\"Services et Loisirs\",\"item\":\"https:\/\/www.camping-lac-bournazel.com\/fr\/services-et-loisirs\/\"},{\"@type\":\"ListItem\",\"position\":3,\"name\":\"Plus encore\"}]},{\"@type\":\"WebSite\",\"@id\":\"https:\/\/www.camping-lac-bournazel.com\/fr\/#website\",\"url\":\"https:\/\/www.camping-lac-bournazel.com\/fr\/\",\"name\":\"Le camping du Lac de Bournazel ****\",\"description\":\"Camping et Glamping en Corr\u00e8ze, Nouvelle Aquitaine | France\",\"publisher\":{\"@id\":\"https:\/\/www.camping-lac-bournazel.com\/fr\/#organization\"},\"potentialAction\":[{\"@type\":\"SearchAction\",\"target\":{\"@type\":\"EntryPoint\",\"urlTemplate\":\"https:\/\/www.camping-lac-bournazel.com\/fr\/?s={search_term_string}\"},\"query-input\":{\"@type\":\"PropertyValueSpecification\",\"valueRequired\":true,\"valueName\":\"search_term_string\"}}],\"inLanguage\":\"fr-FR\"},{\"@type\":\"Organization\",\"@id\":\"https:\/\/www.camping-lac-bournazel.com\/fr\/#organization\",\"name\":\"Le Camping du Lac de Bournazel, Corr\u00e8ze\",\"url\":\"https:\/\/www.camping-lac-bournazel.com\/fr\/\",\"logo\":{\"@type\":\"ImageObject\",\"inLanguage\":\"fr-FR\",\"@id\":\"https:\/\/www.camping-lac-bournazel.com\/fr\/#\/schema\/logo\/image\/\",\"url\":\"https:\/\/www.camping-lac-bournazel.com\/wp-content\/uploads\/neo-logo-r.png\",\"contentUrl\":\"https:\/\/www.camping-lac-bournazel.com\/wp-content\/uploads\/neo-logo-r.png\",\"width\":304,\"height\":221,\"caption\":\"Le Camping du Lac de Bournazel, Corr\u00e8ze\"},\"image\":{\"@id\":\"https:\/\/www.camping-lac-bournazel.com\/fr\/#\/schema\/logo\/image\/\"},\"sameAs\":[\"https:\/\/www.facebook.com\/Camping-du-Lac-de-Bournazel-178691212185189\/\",\"https:\/\/www.youtube.com\/channel\/UCJdy4qKA94bm2d1MA_c2nHg\"]}]}<\/script>\n<!-- \/ Yoast SEO plugin. -->","yoast_head_json":{"title":"Plus encore - Le camping du Lac de Bournazel ****","description":"Retrouvez plus encore de services de l'\u00e9picerie \u00e0 la location de draps, et de l'acc\u00e8s WIFI en passant par la location de salle \u00e9quip\u00e9e.","robots":{"index":"index","follow":"follow","max-snippet":"max-snippet:-1","max-image-preview":"max-image-preview:large","max-video-preview":"max-video-preview:-1"},"canonical":"https:\/\/www.camping-lac-bournazel.com\/services-et-loisirs\/plus-encore\/","og_locale":"fr_FR","og_type":"article","og_title":"Plus encore - Le camping du Lac de Bournazel ****","og_description":"Retrouvez plus encore de services de l'\u00e9picerie \u00e0 la location de draps, et de l'acc\u00e8s WIFI en passant par la location de salle \u00e9quip\u00e9e.","og_url":"https:\/\/www.camping-lac-bournazel.com\/services-et-loisirs\/plus-encore\/","og_site_name":"Le camping du Lac de Bournazel ****","article_publisher":"https:\/\/www.facebook.com\/Camping-du-Lac-de-Bournazel-178691212185189\/","article_modified_time":"2024-07-09T16:22:45+00:00","og_image":[{"width":250,"height":250,"url":"https:\/\/www.camping-lac-bournazel.com\/wp-content\/uploads\/Receptionech.jpg","type":"image\/jpeg"}],"twitter_card":"summary_large_image","twitter_misc":{"Dur\u00e9e de lecture estim\u00e9e":"4 minutes"},"schema":{"@context":"https:\/\/schema.org","@graph":[{"@type":"WebPage","@id":"https:\/\/www.camping-lac-bournazel.com\/services-et-loisirs\/plus-encore\/","url":"https:\/\/www.camping-lac-bournazel.com\/services-et-loisirs\/plus-encore\/","name":"Plus encore - Le camping du Lac de Bournazel ****","isPartOf":{"@id":"https:\/\/www.camping-lac-bournazel.com\/fr\/#website"},"primaryImageOfPage":{"@id":"https:\/\/www.camping-lac-bournazel.com\/services-et-loisirs\/plus-encore\/#primaryimage"},"image":{"@id":"https:\/\/www.camping-lac-bournazel.com\/services-et-loisirs\/plus-encore\/#primaryimage"},"thumbnailUrl":"https:\/\/www.camping-lac-bournazel.com\/wp-content\/uploads\/Receptionech.jpg","datePublished":"2016-11-08T15:02:09+00:00","dateModified":"2024-07-09T16:22:45+00:00","description":"Retrouvez plus encore de services de l'\u00e9picerie \u00e0 la location de draps, et de l'acc\u00e8s WIFI en passant par la location de salle \u00e9quip\u00e9e.","breadcrumb":{"@id":"https:\/\/www.camping-lac-bournazel.com\/services-et-loisirs\/plus-encore\/#breadcrumb"},"inLanguage":"fr-FR","potentialAction":[{"@type":"ReadAction","target":["https:\/\/www.camping-lac-bournazel.com\/services-et-loisirs\/plus-encore\/"]}]},{"@type":"ImageObject","inLanguage":"fr-FR","@id":"https:\/\/www.camping-lac-bournazel.com\/services-et-loisirs\/plus-encore\/#primaryimage","url":"https:\/\/www.camping-lac-bournazel.com\/wp-content\/uploads\/Receptionech.jpg","contentUrl":"https:\/\/www.camping-lac-bournazel.com\/wp-content\/uploads\/Receptionech.jpg","width":250,"height":250},{"@type":"BreadcrumbList","@id":"https:\/\/www.camping-lac-bournazel.com\/services-et-loisirs\/plus-encore\/#breadcrumb","itemListElement":[{"@type":"ListItem","position":1,"name":"Accueil","item":"https:\/\/www.camping-lac-bournazel.com\/"},{"@type":"ListItem","position":2,"name":"Services et Loisirs","item":"https:\/\/www.camping-lac-bournazel.com\/fr\/services-et-loisirs\/"},{"@type":"ListItem","position":3,"name":"Plus encore"}]},{"@type":"WebSite","@id":"https:\/\/www.camping-lac-bournazel.com\/fr\/#website","url":"https:\/\/www.camping-lac-bournazel.com\/fr\/","name":"Le camping du Lac de Bournazel ****","description":"Camping et Glamping en Corr\u00e8ze, Nouvelle Aquitaine | France","publisher":{"@id":"https:\/\/www.camping-lac-bournazel.com\/fr\/#organization"},"potentialAction":[{"@type":"SearchAction","target":{"@type":"EntryPoint","urlTemplate":"https:\/\/www.camping-lac-bournazel.com\/fr\/?s={search_term_string}"},"query-input":{"@type":"PropertyValueSpecification","valueRequired":true,"valueName":"search_term_string"}}],"inLanguage":"fr-FR"},{"@type":"Organization","@id":"https:\/\/www.camping-lac-bournazel.com\/fr\/#organization","name":"Le Camping du Lac de Bournazel, Corr\u00e8ze","url":"https:\/\/www.camping-lac-bournazel.com\/fr\/","logo":{"@type":"ImageObject","inLanguage":"fr-FR","@id":"https:\/\/www.camping-lac-bournazel.com\/fr\/#\/schema\/logo\/image\/","url":"https:\/\/www.camping-lac-bournazel.com\/wp-content\/uploads\/neo-logo-r.png","contentUrl":"https:\/\/www.camping-lac-bournazel.com\/wp-content\/uploads\/neo-logo-r.png","width":304,"height":221,"caption":"Le Camping du Lac de Bournazel, Corr\u00e8ze"},"image":{"@id":"https:\/\/www.camping-lac-bournazel.com\/fr\/#\/schema\/logo\/image\/"},"sameAs":["https:\/\/www.facebook.com\/Camping-du-Lac-de-Bournazel-178691212185189\/","https:\/\/www.youtube.com\/channel\/UCJdy4qKA94bm2d1MA_c2nHg"]}]}},"jetpack_sharing_enabled":true,"jetpack_shortlink":"https:\/\/wp.me\/P8fRNC-69","jetpack-related-posts":[],"_links":{"self":[{"href":"https:\/\/www.camping-lac-bournazel.com\/fr\/wp-json\/wp\/v2\/pages\/381","targetHints":{"allow":["GET"]}}],"collection":[{"href":"https:\/\/www.camping-lac-bournazel.com\/fr\/wp-json\/wp\/v2\/pages"}],"about":[{"href":"https:\/\/www.camping-lac-bournazel.com\/fr\/wp-json\/wp\/v2\/types\/page"}],"author":[{"embeddable":true,"href":"https:\/\/www.camping-lac-bournazel.com\/fr\/wp-json\/wp\/v2\/users\/2"}],"replies":[{"embeddable":true,"href":"https:\/\/www.camping-lac-bournazel.com\/fr\/wp-json\/wp\/v2\/comments?post=381"}],"version-history":[{"count":0,"href":"https:\/\/www.camping-lac-bournazel.com\/fr\/wp-json\/wp\/v2\/pages\/381\/revisions"}],"up":[{"embeddable":true,"href":"https:\/\/www.camping-lac-bournazel.com\/fr\/wp-json\/wp\/v2\/pages\/287"}],"wp:featuredmedia":[{"embeddable":true,"href":"https:\/\/www.camping-lac-bournazel.com\/fr\/wp-json\/wp\/v2\/media\/1970"}],"wp:attachment":[{"href":"https:\/\/www.camping-lac-bournazel.com\/fr\/wp-json\/wp\/v2\/media?parent=381"}],"wp:term":[{"taxonomy":"category","embeddable":true,"href":"https:\/\/www.camping-lac-bournazel.com\/fr\/wp-json\/wp\/v2\/categories?post=381"},{"taxonomy":"post_tag","embeddable":true,"href":"https:\/\/www.camping-lac-bournazel.com\/fr\/wp-json\/wp\/v2\/tags?post=381"}],"curies":[{"name":"wp","href":"https:\/\/api.w.org\/{rel}","templated":true}]}}