{"id":378,"date":"2016-11-08T16:01:08","date_gmt":"2016-11-08T15:01:08","guid":{"rendered":"http:\/\/tokyostalgy.com\/bournazel\/?page_id=378"},"modified":"2026-02-25T16:12:26","modified_gmt":"2026-02-25T15:12:26","slug":"piscine","status":"publish","type":"page","link":"https:\/\/www.camping-lac-bournazel.com\/fr\/services-et-loisirs\/piscine\/","title":{"rendered":"Piscine chauff\u00e9e"},"content":{"rendered":"<div class=\"wpb-content-wrapper\"><p>[vc_row][vc_column width=\u00a0\u00bb1\/3&Prime; css=\u00a0\u00bb.vc_custom_1479917488556{background-color: #ffffff !important;}\u00a0\u00bb][vc_column_text]<\/p>\n<h3>La piscine chauff\u00e9e au Camping du lac de Bournazel****<\/h3>\n<p>[\/vc_column_text][vc_custom_heading text=\u00a0\u00bbPour toute la famille\u00a0\u00bb font_container=\u00a0\u00bbtag:div|font_size:24px|text_align:center|color:%238abd3a|line_height:32px\u00a0\u00bb google_fonts=\u00a0\u00bbfont_family:Merriweather%3A300%2C300italic%2Cregular%2Citalic%2C700%2C700italic%2C900%2C900italic|font_style:300%20light%20italic%3A300%3Aitalic\u00a0\u00bb css=\u00a0\u00bb.vc_custom_1479995518030{margin-top: 12px !important;}\u00a0\u00bb][vc_column_text css=\u00a0\u00bb\u00a0\u00bb]Exclusivement r\u00e9serv\u00e9e \u00e0 nos campeurs et locataires, notre piscine chauff\u00e9e de 112 m\u00b2 est ouverte de mai \u00e0 septembre.<!--more--><\/p>\n<p>En pleine nature et au c\u0153ur du camping, notre piscine se situe \u00e0 en face de <a href=\"https:\/\/www.camping-lac-bournazel.com\/services-et-loisirs\/bar-manger\/\">le bar \u00e0 manger<\/a>\u00a0(ouverte en juillet-ao\u00fbt). Pratique pour aller chercher une glace ou boire un verre&#8230;<br \/>\nDes nocturnes sont organis\u00e9es l&rsquo;\u00e9t\u00e9.<\/p>\n<h3><\/h3>\n<p>[\/vc_column_text][vc_message message_box_style=\u00a0\u00bbsolid-icon\u00a0\u00bb message_box_color=\u00a0\u00bborange\u00a0\u00bb]<\/p>\n<h5>D\u00e9tails pratiques :<\/h5>\n<p>Notre piscine dispose d&rsquo;un espace pataugeoire pour les plus petits.<br \/>\nElle n&rsquo;est pas surveill\u00e9e et n\u00e9cessite la pr\u00e9sence d&rsquo;un adulte responsable. Pr\u00e9voyez votre maillot de bain (shorts de bain interdits).[\/vc_message][\/vc_column][vc_column width=\u00a0\u00bb2\/3&Prime;][vc_masonry_media_grid gap=\u00a0\u00bb2&Prime; item=\u00a0\u00bb764&Prime; grid_id=\u00a0\u00bbvc_gid:1772032195370-2a74d429-bb4d-2&Prime; include=\u00a0\u00bb587,586,588,585,49,3013&Prime;][\/vc_column][\/vc_row]<\/p>\n<\/div>","protected":false},"excerpt":{"rendered":"<p>[vc_row][vc_column width=\u00a0\u00bb1\/3&Prime; css=\u00a0\u00bb.vc_custom_1479917488556{background-color: #ffffff !important;}\u00a0\u00bb][vc_column_text] La piscine chauff\u00e9e au Camping du lac de Bournazel**** [\/vc_column_text][vc_custom_heading text=\u00a0\u00bbPour toute la famille\u00a0\u00bb font_container=\u00a0\u00bbtag:div|font_size:24px|text_align:center|color:%238abd3a|line_height:32px\u00a0\u00bb google_fonts=\u00a0\u00bbfont_family:Merriweather%3A300%2C300italic%2Cregular%2Citalic%2C700%2C700italic%2C900%2C900italic|font_style:300%20light%20italic%3A300%3Aitalic\u00a0\u00bb css=\u00a0\u00bb.vc_custom_1479995518030{margin-top: 12px !important;}\u00a0\u00bb][vc_column_text css=\u00a0\u00bb\u00a0\u00bb]Exclusivement r\u00e9serv\u00e9e \u00e0 nos campeurs et locataires, notre piscine chauff\u00e9e de 112 m\u00b2 est ouverte de mai \u00e0 septembre.<\/p>\n","protected":false},"author":2,"featured_media":1927,"parent":287,"menu_order":11,"comment_status":"closed","ping_status":"closed","template":"","meta":{"inline_featured_image":false,"jetpack_post_was_ever_published":false,"footnotes":""},"categories":[2,10],"tags":[],"class_list":["post-378","page","type-page","status-publish","has-post-thumbnail","hentry","category-4-raisons","category-services","description-off"],"yoast_head":"<!-- This site is optimized with the Yoast SEO plugin v25.3 - https:\/\/yoast.com\/wordpress\/plugins\/seo\/ -->\n<title>Piscine chauff\u00e9e - Le camping du Lac de Bournazel ****<\/title>\n<meta name=\"description\" content=\"Profitez de notre piscine chauff\u00e9e ouverte de mai \u00e0 septembre et exclusivement r\u00e9serv\u00e9e \u00e0 nos campeurs. Espace pataugeoire pour les enfants.\" \/>\n<meta name=\"robots\" content=\"index, follow, max-snippet:-1, max-image-preview:large, max-video-preview:-1\" \/>\n<link rel=\"canonical\" href=\"https:\/\/www.camping-lac-bournazel.com\/services-et-loisirs\/piscine\/\" \/>\n<meta property=\"og:locale\" content=\"fr_FR\" \/>\n<meta property=\"og:type\" content=\"article\" \/>\n<meta property=\"og:title\" content=\"Piscine chauff\u00e9e - Le camping du Lac de Bournazel ****\" \/>\n<meta property=\"og:description\" content=\"{:fr}Profitez de notre piscine chauff\u00e9e ouverte de mai \u00e0 septembre et exclusivement r\u00e9serv\u00e9e \u00e0 nos campeurs. Espace pataugeoire pour les enfants.{:en}Our heated swimming pool is open from May to September and is reserved to our guests. It is situated in front of Thierry&#039;s snack bar and late openings{:}\" \/>\n<meta property=\"og:url\" content=\"https:\/\/www.camping-lac-bournazel.com\/services-et-loisirs\/piscine\/\" \/>\n<meta property=\"og:site_name\" content=\"Le camping du Lac de Bournazel ****\" \/>\n<meta property=\"article:publisher\" content=\"https:\/\/www.facebook.com\/Camping-du-Lac-de-Bournazel-178691212185189\/\" \/>\n<meta property=\"article:modified_time\" content=\"2026-02-25T15:12:26+00:00\" \/>\n<meta property=\"og:image\" content=\"https:\/\/www.camping-lac-bournazel.com\/wp-content\/uploads\/foureasons-03.png\" \/>\n\t<meta property=\"og:image:width\" content=\"250\" \/>\n\t<meta property=\"og:image:height\" content=\"250\" \/>\n\t<meta property=\"og:image:type\" content=\"image\/png\" \/>\n<meta name=\"twitter:card\" content=\"summary_large_image\" \/>\n<meta name=\"twitter:label1\" content=\"Dur\u00e9e de lecture estim\u00e9e\" \/>\n\t<meta name=\"twitter:data1\" content=\"3 minutes\" \/>\n<script type=\"application\/ld+json\" class=\"yoast-schema-graph\">{\"@context\":\"https:\/\/schema.org\",\"@graph\":[{\"@type\":\"WebPage\",\"@id\":\"https:\/\/www.camping-lac-bournazel.com\/services-et-loisirs\/piscine\/\",\"url\":\"https:\/\/www.camping-lac-bournazel.com\/services-et-loisirs\/piscine\/\",\"name\":\"Piscine chauff\u00e9e - Le camping du Lac de Bournazel ****\",\"isPartOf\":{\"@id\":\"https:\/\/www.camping-lac-bournazel.com\/fr\/#website\"},\"primaryImageOfPage\":{\"@id\":\"https:\/\/www.camping-lac-bournazel.com\/services-et-loisirs\/piscine\/#primaryimage\"},\"image\":{\"@id\":\"https:\/\/www.camping-lac-bournazel.com\/services-et-loisirs\/piscine\/#primaryimage\"},\"thumbnailUrl\":\"https:\/\/www.camping-lac-bournazel.com\/wp-content\/uploads\/foureasons-03.png\",\"datePublished\":\"2016-11-08T15:01:08+00:00\",\"dateModified\":\"2026-02-25T15:12:26+00:00\",\"description\":\"{:fr}Profitez de notre piscine chauff\u00e9e ouverte de mai \u00e0 septembre et exclusivement r\u00e9serv\u00e9e \u00e0 nos campeurs. Espace pataugeoire pour les enfants.{:en}Our heated swimming pool is open from May to September and is reserved to our guests. It is situated in front of Thierry's snack bar and late openings{:}\",\"breadcrumb\":{\"@id\":\"https:\/\/www.camping-lac-bournazel.com\/services-et-loisirs\/piscine\/#breadcrumb\"},\"inLanguage\":\"fr-FR\",\"potentialAction\":[{\"@type\":\"ReadAction\",\"target\":[\"https:\/\/www.camping-lac-bournazel.com\/services-et-loisirs\/piscine\/\"]}]},{\"@type\":\"ImageObject\",\"inLanguage\":\"fr-FR\",\"@id\":\"https:\/\/www.camping-lac-bournazel.com\/services-et-loisirs\/piscine\/#primaryimage\",\"url\":\"https:\/\/www.camping-lac-bournazel.com\/wp-content\/uploads\/foureasons-03.png\",\"contentUrl\":\"https:\/\/www.camping-lac-bournazel.com\/wp-content\/uploads\/foureasons-03.png\",\"width\":250,\"height\":250},{\"@type\":\"BreadcrumbList\",\"@id\":\"https:\/\/www.camping-lac-bournazel.com\/services-et-loisirs\/piscine\/#breadcrumb\",\"itemListElement\":[{\"@type\":\"ListItem\",\"position\":1,\"name\":\"Accueil\",\"item\":\"https:\/\/www.camping-lac-bournazel.com\/\"},{\"@type\":\"ListItem\",\"position\":2,\"name\":\"Services et Loisirs\",\"item\":\"https:\/\/www.camping-lac-bournazel.com\/fr\/services-et-loisirs\/\"},{\"@type\":\"ListItem\",\"position\":3,\"name\":\"Piscine chauff\u00e9e\"}]},{\"@type\":\"WebSite\",\"@id\":\"https:\/\/www.camping-lac-bournazel.com\/fr\/#website\",\"url\":\"https:\/\/www.camping-lac-bournazel.com\/fr\/\",\"name\":\"Le camping du Lac de Bournazel ****\",\"description\":\"Camping et Glamping en Corr\u00e8ze, Nouvelle Aquitaine | France\",\"publisher\":{\"@id\":\"https:\/\/www.camping-lac-bournazel.com\/fr\/#organization\"},\"potentialAction\":[{\"@type\":\"SearchAction\",\"target\":{\"@type\":\"EntryPoint\",\"urlTemplate\":\"https:\/\/www.camping-lac-bournazel.com\/fr\/?s={search_term_string}\"},\"query-input\":{\"@type\":\"PropertyValueSpecification\",\"valueRequired\":true,\"valueName\":\"search_term_string\"}}],\"inLanguage\":\"fr-FR\"},{\"@type\":\"Organization\",\"@id\":\"https:\/\/www.camping-lac-bournazel.com\/fr\/#organization\",\"name\":\"Le Camping du Lac de Bournazel, Corr\u00e8ze\",\"url\":\"https:\/\/www.camping-lac-bournazel.com\/fr\/\",\"logo\":{\"@type\":\"ImageObject\",\"inLanguage\":\"fr-FR\",\"@id\":\"https:\/\/www.camping-lac-bournazel.com\/fr\/#\/schema\/logo\/image\/\",\"url\":\"https:\/\/www.camping-lac-bournazel.com\/wp-content\/uploads\/neo-logo-r.png\",\"contentUrl\":\"https:\/\/www.camping-lac-bournazel.com\/wp-content\/uploads\/neo-logo-r.png\",\"width\":304,\"height\":221,\"caption\":\"Le Camping du Lac de Bournazel, Corr\u00e8ze\"},\"image\":{\"@id\":\"https:\/\/www.camping-lac-bournazel.com\/fr\/#\/schema\/logo\/image\/\"},\"sameAs\":[\"https:\/\/www.facebook.com\/Camping-du-Lac-de-Bournazel-178691212185189\/\",\"https:\/\/www.youtube.com\/channel\/UCJdy4qKA94bm2d1MA_c2nHg\"]}]}<\/script>\n<!-- \/ Yoast SEO plugin. -->","yoast_head_json":{"title":"Piscine chauff\u00e9e - Le camping du Lac de Bournazel ****","description":"Profitez de notre piscine chauff\u00e9e ouverte de mai \u00e0 septembre et exclusivement r\u00e9serv\u00e9e \u00e0 nos campeurs. Espace pataugeoire pour les enfants.","robots":{"index":"index","follow":"follow","max-snippet":"max-snippet:-1","max-image-preview":"max-image-preview:large","max-video-preview":"max-video-preview:-1"},"canonical":"https:\/\/www.camping-lac-bournazel.com\/services-et-loisirs\/piscine\/","og_locale":"fr_FR","og_type":"article","og_title":"Piscine chauff\u00e9e - Le camping du Lac de Bournazel ****","og_description":"{:fr}Profitez de notre piscine chauff\u00e9e ouverte de mai \u00e0 septembre et exclusivement r\u00e9serv\u00e9e \u00e0 nos campeurs. Espace pataugeoire pour les enfants.{:en}Our heated swimming pool is open from May to September and is reserved to our guests. It is situated in front of Thierry's snack bar and late openings{:}","og_url":"https:\/\/www.camping-lac-bournazel.com\/services-et-loisirs\/piscine\/","og_site_name":"Le camping du Lac de Bournazel ****","article_publisher":"https:\/\/www.facebook.com\/Camping-du-Lac-de-Bournazel-178691212185189\/","article_modified_time":"2026-02-25T15:12:26+00:00","og_image":[{"width":250,"height":250,"url":"https:\/\/www.camping-lac-bournazel.com\/wp-content\/uploads\/foureasons-03.png","type":"image\/png"}],"twitter_card":"summary_large_image","twitter_misc":{"Dur\u00e9e de lecture estim\u00e9e":"3 minutes"},"schema":{"@context":"https:\/\/schema.org","@graph":[{"@type":"WebPage","@id":"https:\/\/www.camping-lac-bournazel.com\/services-et-loisirs\/piscine\/","url":"https:\/\/www.camping-lac-bournazel.com\/services-et-loisirs\/piscine\/","name":"Piscine chauff\u00e9e - Le camping du Lac de Bournazel ****","isPartOf":{"@id":"https:\/\/www.camping-lac-bournazel.com\/fr\/#website"},"primaryImageOfPage":{"@id":"https:\/\/www.camping-lac-bournazel.com\/services-et-loisirs\/piscine\/#primaryimage"},"image":{"@id":"https:\/\/www.camping-lac-bournazel.com\/services-et-loisirs\/piscine\/#primaryimage"},"thumbnailUrl":"https:\/\/www.camping-lac-bournazel.com\/wp-content\/uploads\/foureasons-03.png","datePublished":"2016-11-08T15:01:08+00:00","dateModified":"2026-02-25T15:12:26+00:00","description":"{:fr}Profitez de notre piscine chauff\u00e9e ouverte de mai \u00e0 septembre et exclusivement r\u00e9serv\u00e9e \u00e0 nos campeurs. Espace pataugeoire pour les enfants.{:en}Our heated swimming pool is open from May to September and is reserved to our guests. It is situated in front of Thierry's snack bar and late openings{:}","breadcrumb":{"@id":"https:\/\/www.camping-lac-bournazel.com\/services-et-loisirs\/piscine\/#breadcrumb"},"inLanguage":"fr-FR","potentialAction":[{"@type":"ReadAction","target":["https:\/\/www.camping-lac-bournazel.com\/services-et-loisirs\/piscine\/"]}]},{"@type":"ImageObject","inLanguage":"fr-FR","@id":"https:\/\/www.camping-lac-bournazel.com\/services-et-loisirs\/piscine\/#primaryimage","url":"https:\/\/www.camping-lac-bournazel.com\/wp-content\/uploads\/foureasons-03.png","contentUrl":"https:\/\/www.camping-lac-bournazel.com\/wp-content\/uploads\/foureasons-03.png","width":250,"height":250},{"@type":"BreadcrumbList","@id":"https:\/\/www.camping-lac-bournazel.com\/services-et-loisirs\/piscine\/#breadcrumb","itemListElement":[{"@type":"ListItem","position":1,"name":"Accueil","item":"https:\/\/www.camping-lac-bournazel.com\/"},{"@type":"ListItem","position":2,"name":"Services et Loisirs","item":"https:\/\/www.camping-lac-bournazel.com\/fr\/services-et-loisirs\/"},{"@type":"ListItem","position":3,"name":"Piscine chauff\u00e9e"}]},{"@type":"WebSite","@id":"https:\/\/www.camping-lac-bournazel.com\/fr\/#website","url":"https:\/\/www.camping-lac-bournazel.com\/fr\/","name":"Le camping du Lac de Bournazel ****","description":"Camping et Glamping en Corr\u00e8ze, Nouvelle Aquitaine | France","publisher":{"@id":"https:\/\/www.camping-lac-bournazel.com\/fr\/#organization"},"potentialAction":[{"@type":"SearchAction","target":{"@type":"EntryPoint","urlTemplate":"https:\/\/www.camping-lac-bournazel.com\/fr\/?s={search_term_string}"},"query-input":{"@type":"PropertyValueSpecification","valueRequired":true,"valueName":"search_term_string"}}],"inLanguage":"fr-FR"},{"@type":"Organization","@id":"https:\/\/www.camping-lac-bournazel.com\/fr\/#organization","name":"Le Camping du Lac de Bournazel, Corr\u00e8ze","url":"https:\/\/www.camping-lac-bournazel.com\/fr\/","logo":{"@type":"ImageObject","inLanguage":"fr-FR","@id":"https:\/\/www.camping-lac-bournazel.com\/fr\/#\/schema\/logo\/image\/","url":"https:\/\/www.camping-lac-bournazel.com\/wp-content\/uploads\/neo-logo-r.png","contentUrl":"https:\/\/www.camping-lac-bournazel.com\/wp-content\/uploads\/neo-logo-r.png","width":304,"height":221,"caption":"Le Camping du Lac de Bournazel, Corr\u00e8ze"},"image":{"@id":"https:\/\/www.camping-lac-bournazel.com\/fr\/#\/schema\/logo\/image\/"},"sameAs":["https:\/\/www.facebook.com\/Camping-du-Lac-de-Bournazel-178691212185189\/","https:\/\/www.youtube.com\/channel\/UCJdy4qKA94bm2d1MA_c2nHg"]}]}},"jetpack_sharing_enabled":true,"jetpack_shortlink":"https:\/\/wp.me\/P8fRNC-66","jetpack-related-posts":[],"_links":{"self":[{"href":"https:\/\/www.camping-lac-bournazel.com\/fr\/wp-json\/wp\/v2\/pages\/378","targetHints":{"allow":["GET"]}}],"collection":[{"href":"https:\/\/www.camping-lac-bournazel.com\/fr\/wp-json\/wp\/v2\/pages"}],"about":[{"href":"https:\/\/www.camping-lac-bournazel.com\/fr\/wp-json\/wp\/v2\/types\/page"}],"author":[{"embeddable":true,"href":"https:\/\/www.camping-lac-bournazel.com\/fr\/wp-json\/wp\/v2\/users\/2"}],"replies":[{"embeddable":true,"href":"https:\/\/www.camping-lac-bournazel.com\/fr\/wp-json\/wp\/v2\/comments?post=378"}],"version-history":[{"count":1,"href":"https:\/\/www.camping-lac-bournazel.com\/fr\/wp-json\/wp\/v2\/pages\/378\/revisions"}],"predecessor-version":[{"id":4056,"href":"https:\/\/www.camping-lac-bournazel.com\/fr\/wp-json\/wp\/v2\/pages\/378\/revisions\/4056"}],"up":[{"embeddable":true,"href":"https:\/\/www.camping-lac-bournazel.com\/fr\/wp-json\/wp\/v2\/pages\/287"}],"wp:featuredmedia":[{"embeddable":true,"href":"https:\/\/www.camping-lac-bournazel.com\/fr\/wp-json\/wp\/v2\/media\/1927"}],"wp:attachment":[{"href":"https:\/\/www.camping-lac-bournazel.com\/fr\/wp-json\/wp\/v2\/media?parent=378"}],"wp:term":[{"taxonomy":"category","embeddable":true,"href":"https:\/\/www.camping-lac-bournazel.com\/fr\/wp-json\/wp\/v2\/categories?post=378"},{"taxonomy":"post_tag","embeddable":true,"href":"https:\/\/www.camping-lac-bournazel.com\/fr\/wp-json\/wp\/v2\/tags?post=378"}],"curies":[{"name":"wp","href":"https:\/\/api.w.org\/{rel}","templated":true}]}}