{"id":374,"date":"2016-11-08T16:00:00","date_gmt":"2016-11-08T15:00:00","guid":{"rendered":"http:\/\/tokyostalgy.com\/bournazel\/?page_id=374"},"modified":"2026-02-27T11:25:26","modified_gmt":"2026-02-27T10:25:26","slug":"stop-accueil-camping-car","status":"publish","type":"page","link":"https:\/\/www.camping-lac-bournazel.com\/fr\/camping\/stop-accueil-camping-car\/","title":{"rendered":"Stop Accueil camping car"},"content":{"rendered":"<div class=\"wpb-content-wrapper\"><p>[vc_section css=\u00a0\u00bb.vc_custom_1482248470644{background-color: #ffffff !important;}\u00a0\u00bb][vc_row][vc_column][vc_custom_heading source=\u00a0\u00bbpost_title\u00a0\u00bb font_container=\u00a0\u00bbtag:h1|font_size:36px|text_align:left|color:%23515151|line_height:42px\u00a0\u00bb use_theme_fonts=\u00a0\u00bbyes\u00a0\u00bb css=\u00a0\u00bb.vc_custom_1482249327285{margin-top: 12px !important;}\u00a0\u00bb][\/vc_column][\/vc_row][vc_row][vc_column width=\u00a0\u00bb1\/3&Prime;][vc_custom_heading text=\u00a0\u00bbFaites un arr\u00eat chez nous\u00a0\u00bb font_container=\u00a0\u00bbtag:div|font_size:24px|text_align:center|color:%238abd3a|line_height:32px\u00a0\u00bb google_fonts=\u00a0\u00bbfont_family:Merriweather%3A300%2C300italic%2Cregular%2Citalic%2C700%2C700italic%2C900%2C900italic|font_style:300%20light%20italic%3A300%3Aitalic\u00a0\u00bb css=\u00a0\u00bb.vc_custom_1479993089939{margin-top: 12px !important;}\u00a0\u00bb][vc_column_text]<\/p>\n<h3>La formule Stop Accueil<\/h3>\n<p>[\/vc_column_text][vc_column_text]Vous poss\u00e9dez un camping car et vous souhaitez faire une pause chez nous, voire plus si affinit\u00e9s ??<!--more--><\/p>\n<p>La formule Stop Accueil \u00a0a \u00e9t\u00e9 pens\u00e9e pour vous. Elle vous permet de profiter \u00e0 un tarif r\u00e9duit d&rsquo;un <a href=\"https:\/\/www.camping-lac-bournazel.com\/camping\/nos-emplacements\/\">emplacement <\/a>aussi qualitatif que n&rsquo;importe quel autre campeur ainsi que des m\u00eames \u00e9quipements pour une nuit.[\/vc_column_text][\/vc_column][vc_column width=\u00a0\u00bb2\/3&Prime;][vc_masonry_media_grid gap=\u00a0\u00bb2&Prime; item=\u00a0\u00bb764&Prime; grid_id=\u00a0\u00bbvc_gid:1772187905809-52c6c88a-f67e-1&Prime; include=\u00a0\u00bb1937,586&Prime;][\/vc_column][\/vc_row][\/vc_section][vc_section css=\u00a0\u00bb.vc_custom_1482248456222{border-top-width: 2px !important;background-color: #efe5df !important;border-top-color: #ded5ce !important;border-top-style: solid !important;}\u00a0\u00bb][vc_row][vc_column][\/vc_column][\/vc_row][\/vc_section]<\/p>\n<\/div>","protected":false},"excerpt":{"rendered":"<p>[vc_section css=\u00a0\u00bb.vc_custom_1482248470644{background-color: #ffffff !important;}\u00a0\u00bb][vc_row][vc_column][vc_custom_heading source=\u00a0\u00bbpost_title\u00a0\u00bb font_container=\u00a0\u00bbtag:h1|font_size:36px|text_align:left|color:%23515151|line_height:42px\u00a0\u00bb use_theme_fonts=\u00a0\u00bbyes\u00a0\u00bb css=\u00a0\u00bb.vc_custom_1482249327285{margin-top: 12px !important;}\u00a0\u00bb][\/vc_column][\/vc_row][vc_row][vc_column width=\u00a0\u00bb1\/3&Prime;][vc_custom_heading text=\u00a0\u00bbFaites un arr\u00eat chez nous\u00a0\u00bb font_container=\u00a0\u00bbtag:div|font_size:24px|text_align:center|color:%238abd3a|line_height:32px\u00a0\u00bb google_fonts=\u00a0\u00bbfont_family:Merriweather%3A300%2C300italic%2Cregular%2Citalic%2C700%2C700italic%2C900%2C900italic|font_style:300%20light%20italic%3A300%3Aitalic\u00a0\u00bb css=\u00a0\u00bb.vc_custom_1479993089939{margin-top: 12px !important;}\u00a0\u00bb][vc_column_text] La formule Stop Accueil [\/vc_column_text][vc_column_text]Vous poss\u00e9dez un camping car et vous souhaitez faire une pause chez nous, voire plus si affinit\u00e9s ??<\/p>\n","protected":false},"author":2,"featured_media":1937,"parent":16,"menu_order":4,"comment_status":"closed","ping_status":"closed","template":"","meta":{"inline_featured_image":false,"jetpack_post_was_ever_published":false,"footnotes":""},"categories":[3],"tags":[],"class_list":["post-374","page","type-page","status-publish","has-post-thumbnail","hentry","category-camping","description-off"],"yoast_head":"<!-- This site is optimized with the Yoast SEO plugin v25.3 - https:\/\/yoast.com\/wordpress\/plugins\/seo\/ -->\n<title>Stop Accueil camping car - Le camping du Lac de Bournazel ****<\/title>\n<meta name=\"description\" content=\"Stop Accueil : vous avez un camping-car et vous souhaitez faire une pause chez nous, voire plus si affinit\u00e9s. Profitez d&#039;un tarif r\u00e9duit pour une nuit.\" \/>\n<meta name=\"robots\" content=\"index, follow, max-snippet:-1, max-image-preview:large, max-video-preview:-1\" \/>\n<link rel=\"canonical\" href=\"https:\/\/www.camping-lac-bournazel.com\/camping\/stop-accueil-camping-car\/\" \/>\n<meta property=\"og:locale\" content=\"fr_FR\" \/>\n<meta property=\"og:type\" content=\"article\" \/>\n<meta property=\"og:title\" content=\"Stop Accueil camping car - Le camping du Lac de Bournazel ****\" \/>\n<meta property=\"og:description\" content=\"{:fr}Stop Accueil : vous avez un camping-car et vous souhaitez faire une pause chez nous, voire plus si affinit\u00e9s. Profitez d&#039;un tarif r\u00e9duit pour une nuit.{:en}You have a camper and you wish to settle for the night? The welcome break pack is made for you and enables you to enjoy a nice pitch for the night.{:}\" \/>\n<meta property=\"og:url\" content=\"https:\/\/www.camping-lac-bournazel.com\/camping\/stop-accueil-camping-car\/\" \/>\n<meta property=\"og:site_name\" content=\"Le camping du Lac de Bournazel ****\" \/>\n<meta property=\"article:publisher\" content=\"https:\/\/www.facebook.com\/Camping-du-Lac-de-Bournazel-178691212185189\/\" \/>\n<meta property=\"article:modified_time\" content=\"2026-02-27T10:25:26+00:00\" \/>\n<meta property=\"og:image\" content=\"https:\/\/www.camping-lac-bournazel.com\/wp-content\/uploads\/camping-car.jpg\" \/>\n\t<meta property=\"og:image:width\" content=\"250\" \/>\n\t<meta property=\"og:image:height\" content=\"250\" \/>\n\t<meta property=\"og:image:type\" content=\"image\/jpeg\" \/>\n<meta name=\"twitter:card\" content=\"summary_large_image\" \/>\n<meta name=\"twitter:label1\" content=\"Dur\u00e9e de lecture estim\u00e9e\" \/>\n\t<meta name=\"twitter:data1\" content=\"1 minute\" \/>\n<script type=\"application\/ld+json\" class=\"yoast-schema-graph\">{\"@context\":\"https:\/\/schema.org\",\"@graph\":[{\"@type\":\"WebPage\",\"@id\":\"https:\/\/www.camping-lac-bournazel.com\/camping\/stop-accueil-camping-car\/\",\"url\":\"https:\/\/www.camping-lac-bournazel.com\/camping\/stop-accueil-camping-car\/\",\"name\":\"Stop Accueil camping car - Le camping du Lac de Bournazel ****\",\"isPartOf\":{\"@id\":\"https:\/\/www.camping-lac-bournazel.com\/fr\/#website\"},\"primaryImageOfPage\":{\"@id\":\"https:\/\/www.camping-lac-bournazel.com\/camping\/stop-accueil-camping-car\/#primaryimage\"},\"image\":{\"@id\":\"https:\/\/www.camping-lac-bournazel.com\/camping\/stop-accueil-camping-car\/#primaryimage\"},\"thumbnailUrl\":\"https:\/\/www.camping-lac-bournazel.com\/wp-content\/uploads\/camping-car.jpg\",\"datePublished\":\"2016-11-08T15:00:00+00:00\",\"dateModified\":\"2026-02-27T10:25:26+00:00\",\"description\":\"{:fr}Stop Accueil : vous avez un camping-car et vous souhaitez faire une pause chez nous, voire plus si affinit\u00e9s. Profitez d'un tarif r\u00e9duit pour une nuit.{:en}You have a camper and you wish to settle for the night? The welcome break pack is made for you and enables you to enjoy a nice pitch for the night.{:}\",\"breadcrumb\":{\"@id\":\"https:\/\/www.camping-lac-bournazel.com\/camping\/stop-accueil-camping-car\/#breadcrumb\"},\"inLanguage\":\"fr-FR\",\"potentialAction\":[{\"@type\":\"ReadAction\",\"target\":[\"https:\/\/www.camping-lac-bournazel.com\/camping\/stop-accueil-camping-car\/\"]}]},{\"@type\":\"ImageObject\",\"inLanguage\":\"fr-FR\",\"@id\":\"https:\/\/www.camping-lac-bournazel.com\/camping\/stop-accueil-camping-car\/#primaryimage\",\"url\":\"https:\/\/www.camping-lac-bournazel.com\/wp-content\/uploads\/camping-car.jpg\",\"contentUrl\":\"https:\/\/www.camping-lac-bournazel.com\/wp-content\/uploads\/camping-car.jpg\",\"width\":250,\"height\":250,\"caption\":\"Camping du Lac de Bournazel, Seilhac, Corr\u00e8ze | Stop Accueil. Parfait pour sejour en famille\"},{\"@type\":\"BreadcrumbList\",\"@id\":\"https:\/\/www.camping-lac-bournazel.com\/camping\/stop-accueil-camping-car\/#breadcrumb\",\"itemListElement\":[{\"@type\":\"ListItem\",\"position\":1,\"name\":\"Accueil\",\"item\":\"https:\/\/www.camping-lac-bournazel.com\/\"},{\"@type\":\"ListItem\",\"position\":2,\"name\":\"Camping\",\"item\":\"https:\/\/www.camping-lac-bournazel.com\/fr\/camping\/\"},{\"@type\":\"ListItem\",\"position\":3,\"name\":\"Stop Accueil camping car\"}]},{\"@type\":\"WebSite\",\"@id\":\"https:\/\/www.camping-lac-bournazel.com\/fr\/#website\",\"url\":\"https:\/\/www.camping-lac-bournazel.com\/fr\/\",\"name\":\"Le camping du Lac de Bournazel ****\",\"description\":\"Camping et Glamping en Corr\u00e8ze, Nouvelle Aquitaine | France\",\"publisher\":{\"@id\":\"https:\/\/www.camping-lac-bournazel.com\/fr\/#organization\"},\"potentialAction\":[{\"@type\":\"SearchAction\",\"target\":{\"@type\":\"EntryPoint\",\"urlTemplate\":\"https:\/\/www.camping-lac-bournazel.com\/fr\/?s={search_term_string}\"},\"query-input\":{\"@type\":\"PropertyValueSpecification\",\"valueRequired\":true,\"valueName\":\"search_term_string\"}}],\"inLanguage\":\"fr-FR\"},{\"@type\":\"Organization\",\"@id\":\"https:\/\/www.camping-lac-bournazel.com\/fr\/#organization\",\"name\":\"Le Camping du Lac de Bournazel, Corr\u00e8ze\",\"url\":\"https:\/\/www.camping-lac-bournazel.com\/fr\/\",\"logo\":{\"@type\":\"ImageObject\",\"inLanguage\":\"fr-FR\",\"@id\":\"https:\/\/www.camping-lac-bournazel.com\/fr\/#\/schema\/logo\/image\/\",\"url\":\"https:\/\/www.camping-lac-bournazel.com\/wp-content\/uploads\/neo-logo-r.png\",\"contentUrl\":\"https:\/\/www.camping-lac-bournazel.com\/wp-content\/uploads\/neo-logo-r.png\",\"width\":304,\"height\":221,\"caption\":\"Le Camping du Lac de Bournazel, Corr\u00e8ze\"},\"image\":{\"@id\":\"https:\/\/www.camping-lac-bournazel.com\/fr\/#\/schema\/logo\/image\/\"},\"sameAs\":[\"https:\/\/www.facebook.com\/Camping-du-Lac-de-Bournazel-178691212185189\/\",\"https:\/\/www.youtube.com\/channel\/UCJdy4qKA94bm2d1MA_c2nHg\"]}]}<\/script>\n<!-- \/ Yoast SEO plugin. -->","yoast_head_json":{"title":"Stop Accueil camping car - Le camping du Lac de Bournazel ****","description":"Stop Accueil : vous avez un camping-car et vous souhaitez faire une pause chez nous, voire plus si affinit\u00e9s. Profitez d'un tarif r\u00e9duit pour une nuit.","robots":{"index":"index","follow":"follow","max-snippet":"max-snippet:-1","max-image-preview":"max-image-preview:large","max-video-preview":"max-video-preview:-1"},"canonical":"https:\/\/www.camping-lac-bournazel.com\/camping\/stop-accueil-camping-car\/","og_locale":"fr_FR","og_type":"article","og_title":"Stop Accueil camping car - Le camping du Lac de Bournazel ****","og_description":"{:fr}Stop Accueil : vous avez un camping-car et vous souhaitez faire une pause chez nous, voire plus si affinit\u00e9s. Profitez d'un tarif r\u00e9duit pour une nuit.{:en}You have a camper and you wish to settle for the night? The welcome break pack is made for you and enables you to enjoy a nice pitch for the night.{:}","og_url":"https:\/\/www.camping-lac-bournazel.com\/camping\/stop-accueil-camping-car\/","og_site_name":"Le camping du Lac de Bournazel ****","article_publisher":"https:\/\/www.facebook.com\/Camping-du-Lac-de-Bournazel-178691212185189\/","article_modified_time":"2026-02-27T10:25:26+00:00","og_image":[{"width":250,"height":250,"url":"https:\/\/www.camping-lac-bournazel.com\/wp-content\/uploads\/camping-car.jpg","type":"image\/jpeg"}],"twitter_card":"summary_large_image","twitter_misc":{"Dur\u00e9e de lecture estim\u00e9e":"1 minute"},"schema":{"@context":"https:\/\/schema.org","@graph":[{"@type":"WebPage","@id":"https:\/\/www.camping-lac-bournazel.com\/camping\/stop-accueil-camping-car\/","url":"https:\/\/www.camping-lac-bournazel.com\/camping\/stop-accueil-camping-car\/","name":"Stop Accueil camping car - Le camping du Lac de Bournazel ****","isPartOf":{"@id":"https:\/\/www.camping-lac-bournazel.com\/fr\/#website"},"primaryImageOfPage":{"@id":"https:\/\/www.camping-lac-bournazel.com\/camping\/stop-accueil-camping-car\/#primaryimage"},"image":{"@id":"https:\/\/www.camping-lac-bournazel.com\/camping\/stop-accueil-camping-car\/#primaryimage"},"thumbnailUrl":"https:\/\/www.camping-lac-bournazel.com\/wp-content\/uploads\/camping-car.jpg","datePublished":"2016-11-08T15:00:00+00:00","dateModified":"2026-02-27T10:25:26+00:00","description":"{:fr}Stop Accueil : vous avez un camping-car et vous souhaitez faire une pause chez nous, voire plus si affinit\u00e9s. Profitez d'un tarif r\u00e9duit pour une nuit.{:en}You have a camper and you wish to settle for the night? The welcome break pack is made for you and enables you to enjoy a nice pitch for the night.{:}","breadcrumb":{"@id":"https:\/\/www.camping-lac-bournazel.com\/camping\/stop-accueil-camping-car\/#breadcrumb"},"inLanguage":"fr-FR","potentialAction":[{"@type":"ReadAction","target":["https:\/\/www.camping-lac-bournazel.com\/camping\/stop-accueil-camping-car\/"]}]},{"@type":"ImageObject","inLanguage":"fr-FR","@id":"https:\/\/www.camping-lac-bournazel.com\/camping\/stop-accueil-camping-car\/#primaryimage","url":"https:\/\/www.camping-lac-bournazel.com\/wp-content\/uploads\/camping-car.jpg","contentUrl":"https:\/\/www.camping-lac-bournazel.com\/wp-content\/uploads\/camping-car.jpg","width":250,"height":250,"caption":"Camping du Lac de Bournazel, Seilhac, Corr\u00e8ze | Stop Accueil. Parfait pour sejour en famille"},{"@type":"BreadcrumbList","@id":"https:\/\/www.camping-lac-bournazel.com\/camping\/stop-accueil-camping-car\/#breadcrumb","itemListElement":[{"@type":"ListItem","position":1,"name":"Accueil","item":"https:\/\/www.camping-lac-bournazel.com\/"},{"@type":"ListItem","position":2,"name":"Camping","item":"https:\/\/www.camping-lac-bournazel.com\/fr\/camping\/"},{"@type":"ListItem","position":3,"name":"Stop Accueil camping car"}]},{"@type":"WebSite","@id":"https:\/\/www.camping-lac-bournazel.com\/fr\/#website","url":"https:\/\/www.camping-lac-bournazel.com\/fr\/","name":"Le camping du Lac de Bournazel ****","description":"Camping et Glamping en Corr\u00e8ze, Nouvelle Aquitaine | France","publisher":{"@id":"https:\/\/www.camping-lac-bournazel.com\/fr\/#organization"},"potentialAction":[{"@type":"SearchAction","target":{"@type":"EntryPoint","urlTemplate":"https:\/\/www.camping-lac-bournazel.com\/fr\/?s={search_term_string}"},"query-input":{"@type":"PropertyValueSpecification","valueRequired":true,"valueName":"search_term_string"}}],"inLanguage":"fr-FR"},{"@type":"Organization","@id":"https:\/\/www.camping-lac-bournazel.com\/fr\/#organization","name":"Le Camping du Lac de Bournazel, Corr\u00e8ze","url":"https:\/\/www.camping-lac-bournazel.com\/fr\/","logo":{"@type":"ImageObject","inLanguage":"fr-FR","@id":"https:\/\/www.camping-lac-bournazel.com\/fr\/#\/schema\/logo\/image\/","url":"https:\/\/www.camping-lac-bournazel.com\/wp-content\/uploads\/neo-logo-r.png","contentUrl":"https:\/\/www.camping-lac-bournazel.com\/wp-content\/uploads\/neo-logo-r.png","width":304,"height":221,"caption":"Le Camping du Lac de Bournazel, Corr\u00e8ze"},"image":{"@id":"https:\/\/www.camping-lac-bournazel.com\/fr\/#\/schema\/logo\/image\/"},"sameAs":["https:\/\/www.facebook.com\/Camping-du-Lac-de-Bournazel-178691212185189\/","https:\/\/www.youtube.com\/channel\/UCJdy4qKA94bm2d1MA_c2nHg"]}]}},"jetpack_sharing_enabled":true,"jetpack_shortlink":"https:\/\/wp.me\/P8fRNC-62","jetpack-related-posts":[],"_links":{"self":[{"href":"https:\/\/www.camping-lac-bournazel.com\/fr\/wp-json\/wp\/v2\/pages\/374","targetHints":{"allow":["GET"]}}],"collection":[{"href":"https:\/\/www.camping-lac-bournazel.com\/fr\/wp-json\/wp\/v2\/pages"}],"about":[{"href":"https:\/\/www.camping-lac-bournazel.com\/fr\/wp-json\/wp\/v2\/types\/page"}],"author":[{"embeddable":true,"href":"https:\/\/www.camping-lac-bournazel.com\/fr\/wp-json\/wp\/v2\/users\/2"}],"replies":[{"embeddable":true,"href":"https:\/\/www.camping-lac-bournazel.com\/fr\/wp-json\/wp\/v2\/comments?post=374"}],"version-history":[{"count":2,"href":"https:\/\/www.camping-lac-bournazel.com\/fr\/wp-json\/wp\/v2\/pages\/374\/revisions"}],"predecessor-version":[{"id":4085,"href":"https:\/\/www.camping-lac-bournazel.com\/fr\/wp-json\/wp\/v2\/pages\/374\/revisions\/4085"}],"up":[{"embeddable":true,"href":"https:\/\/www.camping-lac-bournazel.com\/fr\/wp-json\/wp\/v2\/pages\/16"}],"wp:featuredmedia":[{"embeddable":true,"href":"https:\/\/www.camping-lac-bournazel.com\/fr\/wp-json\/wp\/v2\/media\/1937"}],"wp:attachment":[{"href":"https:\/\/www.camping-lac-bournazel.com\/fr\/wp-json\/wp\/v2\/media?parent=374"}],"wp:term":[{"taxonomy":"category","embeddable":true,"href":"https:\/\/www.camping-lac-bournazel.com\/fr\/wp-json\/wp\/v2\/categories?post=374"},{"taxonomy":"post_tag","embeddable":true,"href":"https:\/\/www.camping-lac-bournazel.com\/fr\/wp-json\/wp\/v2\/tags?post=374"}],"curies":[{"name":"wp","href":"https:\/\/api.w.org\/{rel}","templated":true}]}}