{"id":3481,"date":"2020-04-29T20:31:14","date_gmt":"2020-04-29T18:31:14","guid":{"rendered":"https:\/\/www.camping-lac-bournazel.com\/?page_id=3481"},"modified":"2020-04-30T11:58:45","modified_gmt":"2020-04-30T09:58:45","slug":"notre-vision-du-camping","status":"publish","type":"page","link":"https:\/\/www.camping-lac-bournazel.com\/fr\/infos-pratiques\/notre-vision-du-camping\/","title":{"rendered":"Notre vision du camping"},"content":{"rendered":"<div class=\"wpb-content-wrapper\"><p>[vc_row][vc_column][vc_row_inner][vc_column_inner][vc_column_text css=\u00a0\u00bb.vc_custom_1588185049072{margin-bottom: 0px !important;}\u00a0\u00bb]Passez votre souris sur les photos pour d\u00e9couvrir&#8230;[\/vc_column_text][vc_media_grid item=\u00a0\u00bbbasicGrid_GoTopSlideout\u00a0\u00bb grid_id=\u00a0\u00bbvc_gid:1588177179741-8b321470-4d79-5&Prime; include=\u00a0\u00bb3520,3518,2766,3517,2631,2489&Prime; css=\u00a0\u00bb.vc_custom_1588185006423{border-top-width: 0px !important;padding-top: 0px !important;}\u00a0\u00bb][\/vc_column_inner][\/vc_row_inner][\/vc_column][\/vc_row]<\/p>\n<\/div>","protected":false},"excerpt":{"rendered":"<p>[vc_row][vc_column][vc_row_inner][vc_column_inner][vc_column_text css=\u00a0\u00bb.vc_custom_1588185049072{margin-bottom: 0px !important;}\u00a0\u00bb]Passez votre souris sur les photos pour d\u00e9couvrir&#8230;[\/vc_column_text][vc_media_grid item=\u00a0\u00bbbasicGrid_GoTopSlideout\u00a0\u00bb grid_id=\u00a0\u00bbvc_gid:1588177179741-8b321470-4d79-5&Prime; include=\u00a0\u00bb3520,3518,2766,3517,2631,2489&Prime; css=\u00a0\u00bb.vc_custom_1588185006423{border-top-width: 0px !important;padding-top: 0px !important;}\u00a0\u00bb][\/vc_column_inner][\/vc_row_inner][\/vc_column][\/vc_row]<\/p>\n","protected":false},"author":2,"featured_media":0,"parent":392,"menu_order":0,"comment_status":"closed","ping_status":"closed","template":"","meta":{"inline_featured_image":false,"jetpack_post_was_ever_published":false,"footnotes":""},"categories":[9],"tags":[],"class_list":["post-3481","page","type-page","status-publish","hentry","category-pratique","description-off"],"yoast_head":"<!-- This site is optimized with the Yoast SEO plugin v25.3 - https:\/\/yoast.com\/wordpress\/plugins\/seo\/ -->\n<title>Notre vision du camping - Le camping du Lac de Bournazel ****<\/title>\n<meta name=\"description\" content=\"De l&#039;amour des grands espaces \u00e0 ce que l&#039;on a dans son assiette, nous nous effor\u00e7ons d&#039;\u00eatre en accord avec nos valeurs pour une meilleure exp\u00e9rience.\" \/>\n<meta name=\"robots\" content=\"index, follow, max-snippet:-1, max-image-preview:large, max-video-preview:-1\" \/>\n<link rel=\"canonical\" href=\"https:\/\/www.camping-lac-bournazel.com\/en\/infos-pratiques\/notre-vision-du-camping\/\" \/>\n<meta property=\"og:locale\" content=\"fr_FR\" \/>\n<meta property=\"og:type\" content=\"article\" \/>\n<meta property=\"og:title\" content=\"Notre vision du camping - Le camping du Lac de Bournazel ****\" \/>\n<meta property=\"og:description\" content=\"De l&#039;amour des grands espaces \u00e0 ce que l&#039;on a dans son assiette, nous nous effor\u00e7ons d&#039;\u00eatre en accord avec nos valeurs pour une meilleure exp\u00e9rience.\" \/>\n<meta property=\"og:url\" content=\"https:\/\/www.camping-lac-bournazel.com\/en\/infos-pratiques\/notre-vision-du-camping\/\" \/>\n<meta property=\"og:site_name\" content=\"Le camping du Lac de Bournazel ****\" \/>\n<meta property=\"article:publisher\" content=\"https:\/\/www.facebook.com\/Camping-du-Lac-de-Bournazel-178691212185189\/\" \/>\n<meta property=\"article:modified_time\" content=\"2020-04-30T09:58:45+00:00\" \/>\n<meta property=\"og:image\" content=\"https:\/\/www.camping-lac-bournazel.com\/wp-content\/uploads\/Nousech.jpg\" \/>\n\t<meta property=\"og:image:width\" content=\"250\" \/>\n\t<meta property=\"og:image:height\" content=\"250\" \/>\n\t<meta property=\"og:image:type\" content=\"image\/jpeg\" \/>\n<meta name=\"twitter:card\" content=\"summary_large_image\" \/>\n<script type=\"application\/ld+json\" class=\"yoast-schema-graph\">{\"@context\":\"https:\/\/schema.org\",\"@graph\":[{\"@type\":\"WebPage\",\"@id\":\"https:\/\/www.camping-lac-bournazel.com\/en\/infos-pratiques\/notre-vision-du-camping\/\",\"url\":\"https:\/\/www.camping-lac-bournazel.com\/en\/infos-pratiques\/notre-vision-du-camping\/\",\"name\":\"Notre vision du camping - Le camping du Lac de Bournazel ****\",\"isPartOf\":{\"@id\":\"https:\/\/www.camping-lac-bournazel.com\/fr\/#website\"},\"datePublished\":\"2020-04-29T18:31:14+00:00\",\"dateModified\":\"2020-04-30T09:58:45+00:00\",\"description\":\"De l'amour des grands espaces \u00e0 ce que l'on a dans son assiette, nous nous effor\u00e7ons d'\u00eatre en accord avec nos valeurs pour une meilleure exp\u00e9rience.\",\"breadcrumb\":{\"@id\":\"https:\/\/www.camping-lac-bournazel.com\/en\/infos-pratiques\/notre-vision-du-camping\/#breadcrumb\"},\"inLanguage\":\"fr-FR\",\"potentialAction\":[{\"@type\":\"ReadAction\",\"target\":[\"https:\/\/www.camping-lac-bournazel.com\/en\/infos-pratiques\/notre-vision-du-camping\/\"]}]},{\"@type\":\"BreadcrumbList\",\"@id\":\"https:\/\/www.camping-lac-bournazel.com\/en\/infos-pratiques\/notre-vision-du-camping\/#breadcrumb\",\"itemListElement\":[{\"@type\":\"ListItem\",\"position\":1,\"name\":\"Accueil\",\"item\":\"https:\/\/www.camping-lac-bournazel.com\/\"},{\"@type\":\"ListItem\",\"position\":2,\"name\":\"Information\",\"item\":\"https:\/\/www.camping-lac-bournazel.com\/en\/infos-pratiques\/\"},{\"@type\":\"ListItem\",\"position\":3,\"name\":\"Notre vision du camping\"}]},{\"@type\":\"WebSite\",\"@id\":\"https:\/\/www.camping-lac-bournazel.com\/fr\/#website\",\"url\":\"https:\/\/www.camping-lac-bournazel.com\/fr\/\",\"name\":\"Le camping du Lac de Bournazel ****\",\"description\":\"Camping et Glamping en Corr\u00e8ze, Nouvelle Aquitaine | France\",\"publisher\":{\"@id\":\"https:\/\/www.camping-lac-bournazel.com\/fr\/#organization\"},\"potentialAction\":[{\"@type\":\"SearchAction\",\"target\":{\"@type\":\"EntryPoint\",\"urlTemplate\":\"https:\/\/www.camping-lac-bournazel.com\/fr\/?s={search_term_string}\"},\"query-input\":{\"@type\":\"PropertyValueSpecification\",\"valueRequired\":true,\"valueName\":\"search_term_string\"}}],\"inLanguage\":\"fr-FR\"},{\"@type\":\"Organization\",\"@id\":\"https:\/\/www.camping-lac-bournazel.com\/fr\/#organization\",\"name\":\"Le Camping du Lac de Bournazel, Corr\u00e8ze\",\"url\":\"https:\/\/www.camping-lac-bournazel.com\/fr\/\",\"logo\":{\"@type\":\"ImageObject\",\"inLanguage\":\"fr-FR\",\"@id\":\"https:\/\/www.camping-lac-bournazel.com\/fr\/#\/schema\/logo\/image\/\",\"url\":\"https:\/\/www.camping-lac-bournazel.com\/wp-content\/uploads\/neo-logo-r.png\",\"contentUrl\":\"https:\/\/www.camping-lac-bournazel.com\/wp-content\/uploads\/neo-logo-r.png\",\"width\":304,\"height\":221,\"caption\":\"Le Camping du Lac de Bournazel, Corr\u00e8ze\"},\"image\":{\"@id\":\"https:\/\/www.camping-lac-bournazel.com\/fr\/#\/schema\/logo\/image\/\"},\"sameAs\":[\"https:\/\/www.facebook.com\/Camping-du-Lac-de-Bournazel-178691212185189\/\",\"https:\/\/www.youtube.com\/channel\/UCJdy4qKA94bm2d1MA_c2nHg\"]}]}<\/script>\n<!-- \/ Yoast SEO plugin. -->","yoast_head_json":{"title":"Notre vision du camping - Le camping du Lac de Bournazel ****","description":"De l'amour des grands espaces \u00e0 ce que l'on a dans son assiette, nous nous effor\u00e7ons d'\u00eatre en accord avec nos valeurs pour une meilleure exp\u00e9rience.","robots":{"index":"index","follow":"follow","max-snippet":"max-snippet:-1","max-image-preview":"max-image-preview:large","max-video-preview":"max-video-preview:-1"},"canonical":"https:\/\/www.camping-lac-bournazel.com\/en\/infos-pratiques\/notre-vision-du-camping\/","og_locale":"fr_FR","og_type":"article","og_title":"Notre vision du camping - Le camping du Lac de Bournazel ****","og_description":"De l'amour des grands espaces \u00e0 ce que l'on a dans son assiette, nous nous effor\u00e7ons d'\u00eatre en accord avec nos valeurs pour une meilleure exp\u00e9rience.","og_url":"https:\/\/www.camping-lac-bournazel.com\/en\/infos-pratiques\/notre-vision-du-camping\/","og_site_name":"Le camping du Lac de Bournazel ****","article_publisher":"https:\/\/www.facebook.com\/Camping-du-Lac-de-Bournazel-178691212185189\/","article_modified_time":"2020-04-30T09:58:45+00:00","og_image":[{"width":250,"height":250,"url":"https:\/\/www.camping-lac-bournazel.com\/wp-content\/uploads\/Nousech.jpg","type":"image\/jpeg"}],"twitter_card":"summary_large_image","schema":{"@context":"https:\/\/schema.org","@graph":[{"@type":"WebPage","@id":"https:\/\/www.camping-lac-bournazel.com\/en\/infos-pratiques\/notre-vision-du-camping\/","url":"https:\/\/www.camping-lac-bournazel.com\/en\/infos-pratiques\/notre-vision-du-camping\/","name":"Notre vision du camping - Le camping du Lac de Bournazel ****","isPartOf":{"@id":"https:\/\/www.camping-lac-bournazel.com\/fr\/#website"},"datePublished":"2020-04-29T18:31:14+00:00","dateModified":"2020-04-30T09:58:45+00:00","description":"De l'amour des grands espaces \u00e0 ce que l'on a dans son assiette, nous nous effor\u00e7ons d'\u00eatre en accord avec nos valeurs pour une meilleure exp\u00e9rience.","breadcrumb":{"@id":"https:\/\/www.camping-lac-bournazel.com\/en\/infos-pratiques\/notre-vision-du-camping\/#breadcrumb"},"inLanguage":"fr-FR","potentialAction":[{"@type":"ReadAction","target":["https:\/\/www.camping-lac-bournazel.com\/en\/infos-pratiques\/notre-vision-du-camping\/"]}]},{"@type":"BreadcrumbList","@id":"https:\/\/www.camping-lac-bournazel.com\/en\/infos-pratiques\/notre-vision-du-camping\/#breadcrumb","itemListElement":[{"@type":"ListItem","position":1,"name":"Accueil","item":"https:\/\/www.camping-lac-bournazel.com\/"},{"@type":"ListItem","position":2,"name":"Information","item":"https:\/\/www.camping-lac-bournazel.com\/en\/infos-pratiques\/"},{"@type":"ListItem","position":3,"name":"Notre vision du camping"}]},{"@type":"WebSite","@id":"https:\/\/www.camping-lac-bournazel.com\/fr\/#website","url":"https:\/\/www.camping-lac-bournazel.com\/fr\/","name":"Le camping du Lac de Bournazel ****","description":"Camping et Glamping en Corr\u00e8ze, Nouvelle Aquitaine | France","publisher":{"@id":"https:\/\/www.camping-lac-bournazel.com\/fr\/#organization"},"potentialAction":[{"@type":"SearchAction","target":{"@type":"EntryPoint","urlTemplate":"https:\/\/www.camping-lac-bournazel.com\/fr\/?s={search_term_string}"},"query-input":{"@type":"PropertyValueSpecification","valueRequired":true,"valueName":"search_term_string"}}],"inLanguage":"fr-FR"},{"@type":"Organization","@id":"https:\/\/www.camping-lac-bournazel.com\/fr\/#organization","name":"Le Camping du Lac de Bournazel, Corr\u00e8ze","url":"https:\/\/www.camping-lac-bournazel.com\/fr\/","logo":{"@type":"ImageObject","inLanguage":"fr-FR","@id":"https:\/\/www.camping-lac-bournazel.com\/fr\/#\/schema\/logo\/image\/","url":"https:\/\/www.camping-lac-bournazel.com\/wp-content\/uploads\/neo-logo-r.png","contentUrl":"https:\/\/www.camping-lac-bournazel.com\/wp-content\/uploads\/neo-logo-r.png","width":304,"height":221,"caption":"Le Camping du Lac de Bournazel, Corr\u00e8ze"},"image":{"@id":"https:\/\/www.camping-lac-bournazel.com\/fr\/#\/schema\/logo\/image\/"},"sameAs":["https:\/\/www.facebook.com\/Camping-du-Lac-de-Bournazel-178691212185189\/","https:\/\/www.youtube.com\/channel\/UCJdy4qKA94bm2d1MA_c2nHg"]}]}},"jetpack_sharing_enabled":true,"jetpack_shortlink":"https:\/\/wp.me\/P8fRNC-U9","jetpack-related-posts":[],"_links":{"self":[{"href":"https:\/\/www.camping-lac-bournazel.com\/fr\/wp-json\/wp\/v2\/pages\/3481","targetHints":{"allow":["GET"]}}],"collection":[{"href":"https:\/\/www.camping-lac-bournazel.com\/fr\/wp-json\/wp\/v2\/pages"}],"about":[{"href":"https:\/\/www.camping-lac-bournazel.com\/fr\/wp-json\/wp\/v2\/types\/page"}],"author":[{"embeddable":true,"href":"https:\/\/www.camping-lac-bournazel.com\/fr\/wp-json\/wp\/v2\/users\/2"}],"replies":[{"embeddable":true,"href":"https:\/\/www.camping-lac-bournazel.com\/fr\/wp-json\/wp\/v2\/comments?post=3481"}],"version-history":[{"count":0,"href":"https:\/\/www.camping-lac-bournazel.com\/fr\/wp-json\/wp\/v2\/pages\/3481\/revisions"}],"up":[{"embeddable":true,"href":"https:\/\/www.camping-lac-bournazel.com\/fr\/wp-json\/wp\/v2\/pages\/392"}],"wp:attachment":[{"href":"https:\/\/www.camping-lac-bournazel.com\/fr\/wp-json\/wp\/v2\/media?parent=3481"}],"wp:term":[{"taxonomy":"category","embeddable":true,"href":"https:\/\/www.camping-lac-bournazel.com\/fr\/wp-json\/wp\/v2\/categories?post=3481"},{"taxonomy":"post_tag","embeddable":true,"href":"https:\/\/www.camping-lac-bournazel.com\/fr\/wp-json\/wp\/v2\/tags?post=3481"}],"curies":[{"name":"wp","href":"https:\/\/api.w.org\/{rel}","templated":true}]}}