{"id":267,"date":"2016-11-08T15:37:51","date_gmt":"2016-11-08T14:37:51","guid":{"rendered":"http:\/\/tokyostalgy.com\/bournazel\/?page_id=267"},"modified":"2026-02-27T11:21:22","modified_gmt":"2026-02-27T10:21:22","slug":"nos-emplacements","status":"publish","type":"page","link":"https:\/\/www.camping-lac-bournazel.com\/fr\/camping\/nos-emplacements\/","title":{"rendered":"Nos emplacements"},"content":{"rendered":"<div class=\"wpb-content-wrapper\"><p>[vc_section css=\u00a0\u00bb.vc_custom_1482233729129{background-color: #ffffff !important;}\u00a0\u00bb][vc_row][vc_column width=\u00a0\u00bb1\/2&Prime;][vc_row_inner][vc_column_inner width=\u00a0\u00bb2\/3&Prime;][vc_custom_heading text=\u00a0\u00bbL&rsquo;espace pour mieux se retrouver&#8230;\u00a0\u00bb font_container=\u00a0\u00bbtag:div|font_size:24px|text_align:center|color:%238abd3a|line_height:32px\u00a0\u00bb google_fonts=\u00a0\u00bbfont_family:Merriweather%3A300%2C300italic%2Cregular%2Citalic%2C700%2C700italic%2C900%2C900italic|font_style:300%20light%20italic%3A300%3Aitalic\u00a0\u00bb css=\u00a0\u00bb.vc_custom_1482170925568{margin-top: 12px !important;}\u00a0\u00bb][\/vc_column_inner][vc_column_inner width=\u00a0\u00bb1\/3&Prime;][vc_btn title=\u00a0\u00bbJe r\u00e9serve\u00a0\u00bb style=\u00a0\u00bbflat\u00a0\u00bb color=\u00a0\u00bbjuicy-pink\u00a0\u00bb align=\u00a0\u00bbcenter\u00a0\u00bb i_icon_fontawesome=\u00a0\u00bb\u00a0\u00bb css=\u00a0\u00bb.vc_custom_1772187543510{margin-top: 24px !important;}\u00a0\u00bb button_block=\u00a0\u00bbtrue\u00a0\u00bb add_icon=\u00a0\u00bbtrue\u00a0\u00bb link=\u00a0\u00bburl:https%3A%2F%2Freservation.secureholiday.net%2FFR%2F5196%2F\u00a0\u00bb][\/vc_column_inner][\/vc_row_inner][vc_column_text css=\u00a0\u00bb.vc_custom_1484914769277{padding-top: 12px !important;}\u00a0\u00bb el_class=\u00a0\u00bbdescription\u00a0\u00bb]Avec une superficie de 110 m\u00b2 en moyenne et une d\u00e9limitation nette, nos emplacements font l&rsquo;unanimit\u00e9.<!--more--><\/p>\n<p>L&rsquo;esprit camping implique une certaine proximit\u00e9 mais cela n&#8217;emp\u00eache pas d&rsquo;appr\u00e9cier sa tranquillit\u00e9 et son espace personnel! Souvent en surr\u00e9gime et serr\u00e9s comme des sardines au quotidien, les emplacements du Camping du Lac de Bournazel vous fournissent\u00a0l&rsquo;espace de mieux vous d\u00e9tendre.<\/p>\n<p>Vous disposez en plus d&rsquo;un bloc sanitaire neuf avec espace nurserie et wc-lavabo sp\u00e9cialement con\u00e7us pour les enfants.<\/p>\n<p>Lors de votre r\u00e9servation par t\u00e9l\u00e9phone ou en ligne, n&rsquo;h\u00e9sitez pas \u00e0 nous faire part de vos souhaits en mati\u00e8re d&#8217;emplacement (proche piscine, sanitaires,&#8230;) et nous nous efforcerons de les combler en fonction de nos disponibilit\u00e9s.<\/p>\n<p>La moiti\u00e9 de nos emplacements sont accessibles pour les personnes \u00e0 mobilit\u00e9 r\u00e9duite et les sanitaires avec pente d&rsquo;acc\u00e8s disposent d&rsquo;une douche et toilettes adapt\u00e9s.<\/p>\n<p>Pour nos autres services, merci de consulter notre rubrique <a href=\"https:\/\/www.camping-lac-bournazel.com\/services-et-loisirs\/plus-encore\/\">plus encore<\/a>.[\/vc_column_text][vc_row_inner][vc_column_inner width=\u00a0\u00bb1\/2&Prime;][vc_column_text]<\/p>\n<h3>Liste des services inclus<\/h3>\n<ul>\n<li>Coin nurserie avec table \u00e0 langer et douchette<\/li>\n<li>Douches chaudes<\/li>\n<li>Wifi zone piscine et accueil<\/li>\n<\/ul>\n<p>[\/vc_column_text][\/vc_column_inner][vc_column_inner width=\u00a0\u00bb1\/2&Prime;][vc_column_text]<\/p>\n<h3>En suppl\u00e9ment<\/h3>\n<ul>\n<li>Machine \u00e0 laver et s\u00e8che linge<\/li>\n<li>Location frigo et barbecue sur r\u00e9servation<\/li>\n<li>Electricit\u00e9 16 amp\u00e8res (bornes europ\u00e9ennes)<\/li>\n<\/ul>\n<p>[\/vc_column_text][\/vc_column_inner][\/vc_row_inner][vc_row_inner][vc_column_inner width=\u00a0\u00bb1\/2&Prime;][vc_column_text el_class=\u00a0\u00bbarrarr\u00a0\u00bb]<strong>A partir de 14h00 en haute saison<\/strong>[\/vc_column_text][\/vc_column_inner][vc_column_inner width=\u00a0\u00bb1\/2&Prime;][vc_column_text el_class=\u00a0\u00bbarrdep\u00a0\u00bb]<i class=\"fa fa-arrow-circle-up fa-2x\"><\/i> <strong>D\u00e9part\u00a0avant 12h00 en haute saison<\/strong>[\/vc_column_text][\/vc_column_inner][\/vc_row_inner][vc_single_image image=\u00a0\u00bb3034&Prime; add_caption=\u00a0\u00bbyes\u00a0\u00bb style=\u00a0\u00bbvc_box_shadow_3d\u00a0\u00bb onclick=\u00a0\u00bblink_image\u00a0\u00bb title=\u00a0\u00bbPlan du camping\u00a0\u00bb][vc_column_text]Cliquez pour m&rsquo;agrandir![\/vc_column_text][\/vc_column][vc_column width=\u00a0\u00bb1\/2&Prime;][vc_single_image image=\u00a0\u00bb957&Prime; img_size=\u00a0\u00bblarge\u00a0\u00bb alignment=\u00a0\u00bbcenter\u00a0\u00bb style=\u00a0\u00bbvc_box_border\u00a0\u00bb onclick=\u00a0\u00bblink_image\u00a0\u00bb css_animation=\u00a0\u00bbfadeIn\u00a0\u00bb][vc_masonry_media_grid element_width=\u00a0\u00bb3&Prime; gap=\u00a0\u00bb2&Prime; item=\u00a0\u00bb764&Prime; initial_loading_animation=\u00a0\u00bbnone\u00a0\u00bb grid_id=\u00a0\u00bbvc_gid:1772187464221-954a90a7-f14f-1&Prime; include=\u00a0\u00bb960,958,1159,955,950,953,954,951&Prime;][\/vc_column][\/vc_row][\/vc_section][vc_section css=\u00a0\u00bb.vc_custom_1482246345929{border-top-width: 2px !important;background-color: #efe5df !important;border-top-color: #ded5ce !important;border-top-style: solid !important;}\u00a0\u00bb][vc_row][vc_column width=\u00a0\u00bb1\/2&Prime;][\/vc_column][vc_column width=\u00a0\u00bb1\/2&Prime;][vc_btn title=\u00a0\u00bbJe r\u00e9serve\u00a0\u00bb style=\u00a0\u00bbflat\u00a0\u00bb color=\u00a0\u00bbjuicy-pink\u00a0\u00bb align=\u00a0\u00bbcenter\u00a0\u00bb i_icon_fontawesome=\u00a0\u00bb\u00a0\u00bb css=\u00a0\u00bb.vc_custom_1772187524455{margin-top: 24px !important;}\u00a0\u00bb button_block=\u00a0\u00bbtrue\u00a0\u00bb add_icon=\u00a0\u00bbtrue\u00a0\u00bb link=\u00a0\u00bburl:https%3A%2F%2Freservation.secureholiday.net%2FFR%2F5196%2F\u00a0\u00bb][\/vc_column][\/vc_row][\/vc_section]<\/p>\n<\/div>","protected":false},"excerpt":{"rendered":"<p>[vc_section css=\u00a0\u00bb.vc_custom_1482233729129{background-color: #ffffff !important;}\u00a0\u00bb][vc_row][vc_column width=\u00a0\u00bb1\/2&Prime;][vc_row_inner][vc_column_inner width=\u00a0\u00bb2\/3&Prime;][vc_custom_heading text=\u00a0\u00bbL&rsquo;espace pour mieux se retrouver&#8230;\u00a0\u00bb font_container=\u00a0\u00bbtag:div|font_size:24px|text_align:center|color:%238abd3a|line_height:32px\u00a0\u00bb google_fonts=\u00a0\u00bbfont_family:Merriweather%3A300%2C300italic%2Cregular%2Citalic%2C700%2C700italic%2C900%2C900italic|font_style:300%20light%20italic%3A300%3Aitalic\u00a0\u00bb css=\u00a0\u00bb.vc_custom_1482170925568{margin-top: 12px !important;}\u00a0\u00bb][\/vc_column_inner][vc_column_inner width=\u00a0\u00bb1\/3&Prime;][vc_btn title=\u00a0\u00bbJe r\u00e9serve\u00a0\u00bb style=\u00a0\u00bbflat\u00a0\u00bb color=\u00a0\u00bbjuicy-pink\u00a0\u00bb align=\u00a0\u00bbcenter\u00a0\u00bb i_icon_fontawesome=\u00a0\u00bb\u00a0\u00bb css=\u00a0\u00bb.vc_custom_1772187543510{margin-top: 24px !important;}\u00a0\u00bb button_block=\u00a0\u00bbtrue\u00a0\u00bb add_icon=\u00a0\u00bbtrue\u00a0\u00bb link=\u00a0\u00bburl:https%3A%2F%2Freservation.secureholiday.net%2FFR%2F5196%2F\u00a0\u00bb][\/vc_column_inner][\/vc_row_inner][vc_column_text css=\u00a0\u00bb.vc_custom_1484914769277{padding-top: 12px !important;}\u00a0\u00bb el_class=\u00a0\u00bbdescription\u00a0\u00bb]Avec une superficie de 110 m\u00b2 en moyenne et une d\u00e9limitation nette, nos emplacements font l&rsquo;unanimit\u00e9.<\/p>\n","protected":false},"author":2,"featured_media":1929,"parent":16,"menu_order":3,"comment_status":"closed","ping_status":"closed","template":"","meta":{"inline_featured_image":false,"jetpack_post_was_ever_published":false,"footnotes":""},"categories":[3],"tags":[],"class_list":["post-267","page","type-page","status-publish","has-post-thumbnail","hentry","category-camping","description-off"],"yoast_head":"<!-- This site is optimized with the Yoast SEO plugin v25.3 - https:\/\/yoast.com\/wordpress\/plugins\/seo\/ -->\n<title>Nos emplacements - Le camping du Lac de Bournazel ****<\/title>\n<meta name=\"description\" content=\"Avec une superficie de 110 m\u00b2 en moyenne et une d\u00e9limitation nette, nos emplacements font l&#039;unanimit\u00e9 et vous fournissent l&#039;espace de mieux vous d\u00e9tendre.\" \/>\n<meta name=\"robots\" content=\"index, follow, max-snippet:-1, max-image-preview:large, max-video-preview:-1\" \/>\n<link rel=\"canonical\" href=\"https:\/\/www.camping-lac-bournazel.com\/camping\/nos-emplacements\/\" \/>\n<meta property=\"og:locale\" content=\"fr_FR\" \/>\n<meta property=\"og:type\" content=\"article\" \/>\n<meta property=\"og:title\" content=\"Nos emplacements - Le camping du Lac de Bournazel ****\" \/>\n<meta property=\"og:description\" content=\"{:fr}Avec une superficie de 110 m\u00b2 en moyenne et une d\u00e9limitation nette, nos emplacements font l&#039;unanimit\u00e9 et vous fournissent l&#039;espace de mieux vous d\u00e9tendre.{:en}With an average of 110 m\u00b2 and a clear delimitation, our pitches will make you happy. Stressed out by everyday life, the space and quiet will help you relax{:}\" \/>\n<meta property=\"og:url\" content=\"https:\/\/www.camping-lac-bournazel.com\/camping\/nos-emplacements\/\" \/>\n<meta property=\"og:site_name\" content=\"Le camping du Lac de Bournazel ****\" \/>\n<meta property=\"article:publisher\" content=\"https:\/\/www.facebook.com\/Camping-du-Lac-de-Bournazel-178691212185189\/\" \/>\n<meta property=\"article:modified_time\" content=\"2026-02-27T10:21:22+00:00\" \/>\n<meta property=\"og:image\" content=\"https:\/\/www.camping-lac-bournazel.com\/wp-content\/uploads\/foureasons-01.png\" \/>\n\t<meta property=\"og:image:width\" content=\"250\" \/>\n\t<meta property=\"og:image:height\" content=\"250\" \/>\n\t<meta property=\"og:image:type\" content=\"image\/png\" \/>\n<meta name=\"twitter:card\" content=\"summary_large_image\" \/>\n<meta name=\"twitter:label1\" content=\"Dur\u00e9e de lecture estim\u00e9e\" \/>\n\t<meta name=\"twitter:data1\" content=\"5 minutes\" \/>\n<script type=\"application\/ld+json\" class=\"yoast-schema-graph\">{\"@context\":\"https:\/\/schema.org\",\"@graph\":[{\"@type\":\"WebPage\",\"@id\":\"https:\/\/www.camping-lac-bournazel.com\/camping\/nos-emplacements\/\",\"url\":\"https:\/\/www.camping-lac-bournazel.com\/camping\/nos-emplacements\/\",\"name\":\"Nos emplacements - Le camping du Lac de Bournazel ****\",\"isPartOf\":{\"@id\":\"https:\/\/www.camping-lac-bournazel.com\/fr\/#website\"},\"primaryImageOfPage\":{\"@id\":\"https:\/\/www.camping-lac-bournazel.com\/camping\/nos-emplacements\/#primaryimage\"},\"image\":{\"@id\":\"https:\/\/www.camping-lac-bournazel.com\/camping\/nos-emplacements\/#primaryimage\"},\"thumbnailUrl\":\"https:\/\/www.camping-lac-bournazel.com\/wp-content\/uploads\/foureasons-01.png\",\"datePublished\":\"2016-11-08T14:37:51+00:00\",\"dateModified\":\"2026-02-27T10:21:22+00:00\",\"description\":\"{:fr}Avec une superficie de 110 m\u00b2 en moyenne et une d\u00e9limitation nette, nos emplacements font l'unanimit\u00e9 et vous fournissent l'espace de mieux vous d\u00e9tendre.{:en}With an average of 110 m\u00b2 and a clear delimitation, our pitches will make you happy. Stressed out by everyday life, the space and quiet will help you relax{:}\",\"breadcrumb\":{\"@id\":\"https:\/\/www.camping-lac-bournazel.com\/camping\/nos-emplacements\/#breadcrumb\"},\"inLanguage\":\"fr-FR\",\"potentialAction\":[{\"@type\":\"ReadAction\",\"target\":[\"https:\/\/www.camping-lac-bournazel.com\/camping\/nos-emplacements\/\"]}]},{\"@type\":\"ImageObject\",\"inLanguage\":\"fr-FR\",\"@id\":\"https:\/\/www.camping-lac-bournazel.com\/camping\/nos-emplacements\/#primaryimage\",\"url\":\"https:\/\/www.camping-lac-bournazel.com\/wp-content\/uploads\/foureasons-01.png\",\"contentUrl\":\"https:\/\/www.camping-lac-bournazel.com\/wp-content\/uploads\/foureasons-01.png\",\"width\":250,\"height\":250,\"caption\":\"Camping du Lac de Bournazel, Seilhac, Corr\u00e8ze | Nos emplcements. Parfait pour sejour en famille\"},{\"@type\":\"BreadcrumbList\",\"@id\":\"https:\/\/www.camping-lac-bournazel.com\/camping\/nos-emplacements\/#breadcrumb\",\"itemListElement\":[{\"@type\":\"ListItem\",\"position\":1,\"name\":\"Accueil\",\"item\":\"https:\/\/www.camping-lac-bournazel.com\/\"},{\"@type\":\"ListItem\",\"position\":2,\"name\":\"Camping\",\"item\":\"https:\/\/www.camping-lac-bournazel.com\/fr\/camping\/\"},{\"@type\":\"ListItem\",\"position\":3,\"name\":\"Nos emplacements\"}]},{\"@type\":\"WebSite\",\"@id\":\"https:\/\/www.camping-lac-bournazel.com\/fr\/#website\",\"url\":\"https:\/\/www.camping-lac-bournazel.com\/fr\/\",\"name\":\"Le camping du Lac de Bournazel ****\",\"description\":\"Camping et Glamping en Corr\u00e8ze, Nouvelle Aquitaine | France\",\"publisher\":{\"@id\":\"https:\/\/www.camping-lac-bournazel.com\/fr\/#organization\"},\"potentialAction\":[{\"@type\":\"SearchAction\",\"target\":{\"@type\":\"EntryPoint\",\"urlTemplate\":\"https:\/\/www.camping-lac-bournazel.com\/fr\/?s={search_term_string}\"},\"query-input\":{\"@type\":\"PropertyValueSpecification\",\"valueRequired\":true,\"valueName\":\"search_term_string\"}}],\"inLanguage\":\"fr-FR\"},{\"@type\":\"Organization\",\"@id\":\"https:\/\/www.camping-lac-bournazel.com\/fr\/#organization\",\"name\":\"Le Camping du Lac de Bournazel, Corr\u00e8ze\",\"url\":\"https:\/\/www.camping-lac-bournazel.com\/fr\/\",\"logo\":{\"@type\":\"ImageObject\",\"inLanguage\":\"fr-FR\",\"@id\":\"https:\/\/www.camping-lac-bournazel.com\/fr\/#\/schema\/logo\/image\/\",\"url\":\"https:\/\/www.camping-lac-bournazel.com\/wp-content\/uploads\/neo-logo-r.png\",\"contentUrl\":\"https:\/\/www.camping-lac-bournazel.com\/wp-content\/uploads\/neo-logo-r.png\",\"width\":304,\"height\":221,\"caption\":\"Le Camping du Lac de Bournazel, Corr\u00e8ze\"},\"image\":{\"@id\":\"https:\/\/www.camping-lac-bournazel.com\/fr\/#\/schema\/logo\/image\/\"},\"sameAs\":[\"https:\/\/www.facebook.com\/Camping-du-Lac-de-Bournazel-178691212185189\/\",\"https:\/\/www.youtube.com\/channel\/UCJdy4qKA94bm2d1MA_c2nHg\"]}]}<\/script>\n<!-- \/ Yoast SEO plugin. -->","yoast_head_json":{"title":"Nos emplacements - Le camping du Lac de Bournazel ****","description":"Avec une superficie de 110 m\u00b2 en moyenne et une d\u00e9limitation nette, nos emplacements font l'unanimit\u00e9 et vous fournissent l'espace de mieux vous d\u00e9tendre.","robots":{"index":"index","follow":"follow","max-snippet":"max-snippet:-1","max-image-preview":"max-image-preview:large","max-video-preview":"max-video-preview:-1"},"canonical":"https:\/\/www.camping-lac-bournazel.com\/camping\/nos-emplacements\/","og_locale":"fr_FR","og_type":"article","og_title":"Nos emplacements - Le camping du Lac de Bournazel ****","og_description":"{:fr}Avec une superficie de 110 m\u00b2 en moyenne et une d\u00e9limitation nette, nos emplacements font l'unanimit\u00e9 et vous fournissent l'espace de mieux vous d\u00e9tendre.{:en}With an average of 110 m\u00b2 and a clear delimitation, our pitches will make you happy. Stressed out by everyday life, the space and quiet will help you relax{:}","og_url":"https:\/\/www.camping-lac-bournazel.com\/camping\/nos-emplacements\/","og_site_name":"Le camping du Lac de Bournazel ****","article_publisher":"https:\/\/www.facebook.com\/Camping-du-Lac-de-Bournazel-178691212185189\/","article_modified_time":"2026-02-27T10:21:22+00:00","og_image":[{"width":250,"height":250,"url":"https:\/\/www.camping-lac-bournazel.com\/wp-content\/uploads\/foureasons-01.png","type":"image\/png"}],"twitter_card":"summary_large_image","twitter_misc":{"Dur\u00e9e de lecture estim\u00e9e":"5 minutes"},"schema":{"@context":"https:\/\/schema.org","@graph":[{"@type":"WebPage","@id":"https:\/\/www.camping-lac-bournazel.com\/camping\/nos-emplacements\/","url":"https:\/\/www.camping-lac-bournazel.com\/camping\/nos-emplacements\/","name":"Nos emplacements - Le camping du Lac de Bournazel ****","isPartOf":{"@id":"https:\/\/www.camping-lac-bournazel.com\/fr\/#website"},"primaryImageOfPage":{"@id":"https:\/\/www.camping-lac-bournazel.com\/camping\/nos-emplacements\/#primaryimage"},"image":{"@id":"https:\/\/www.camping-lac-bournazel.com\/camping\/nos-emplacements\/#primaryimage"},"thumbnailUrl":"https:\/\/www.camping-lac-bournazel.com\/wp-content\/uploads\/foureasons-01.png","datePublished":"2016-11-08T14:37:51+00:00","dateModified":"2026-02-27T10:21:22+00:00","description":"{:fr}Avec une superficie de 110 m\u00b2 en moyenne et une d\u00e9limitation nette, nos emplacements font l'unanimit\u00e9 et vous fournissent l'espace de mieux vous d\u00e9tendre.{:en}With an average of 110 m\u00b2 and a clear delimitation, our pitches will make you happy. Stressed out by everyday life, the space and quiet will help you relax{:}","breadcrumb":{"@id":"https:\/\/www.camping-lac-bournazel.com\/camping\/nos-emplacements\/#breadcrumb"},"inLanguage":"fr-FR","potentialAction":[{"@type":"ReadAction","target":["https:\/\/www.camping-lac-bournazel.com\/camping\/nos-emplacements\/"]}]},{"@type":"ImageObject","inLanguage":"fr-FR","@id":"https:\/\/www.camping-lac-bournazel.com\/camping\/nos-emplacements\/#primaryimage","url":"https:\/\/www.camping-lac-bournazel.com\/wp-content\/uploads\/foureasons-01.png","contentUrl":"https:\/\/www.camping-lac-bournazel.com\/wp-content\/uploads\/foureasons-01.png","width":250,"height":250,"caption":"Camping du Lac de Bournazel, Seilhac, Corr\u00e8ze | Nos emplcements. Parfait pour sejour en famille"},{"@type":"BreadcrumbList","@id":"https:\/\/www.camping-lac-bournazel.com\/camping\/nos-emplacements\/#breadcrumb","itemListElement":[{"@type":"ListItem","position":1,"name":"Accueil","item":"https:\/\/www.camping-lac-bournazel.com\/"},{"@type":"ListItem","position":2,"name":"Camping","item":"https:\/\/www.camping-lac-bournazel.com\/fr\/camping\/"},{"@type":"ListItem","position":3,"name":"Nos emplacements"}]},{"@type":"WebSite","@id":"https:\/\/www.camping-lac-bournazel.com\/fr\/#website","url":"https:\/\/www.camping-lac-bournazel.com\/fr\/","name":"Le camping du Lac de Bournazel ****","description":"Camping et Glamping en Corr\u00e8ze, Nouvelle Aquitaine | France","publisher":{"@id":"https:\/\/www.camping-lac-bournazel.com\/fr\/#organization"},"potentialAction":[{"@type":"SearchAction","target":{"@type":"EntryPoint","urlTemplate":"https:\/\/www.camping-lac-bournazel.com\/fr\/?s={search_term_string}"},"query-input":{"@type":"PropertyValueSpecification","valueRequired":true,"valueName":"search_term_string"}}],"inLanguage":"fr-FR"},{"@type":"Organization","@id":"https:\/\/www.camping-lac-bournazel.com\/fr\/#organization","name":"Le Camping du Lac de Bournazel, Corr\u00e8ze","url":"https:\/\/www.camping-lac-bournazel.com\/fr\/","logo":{"@type":"ImageObject","inLanguage":"fr-FR","@id":"https:\/\/www.camping-lac-bournazel.com\/fr\/#\/schema\/logo\/image\/","url":"https:\/\/www.camping-lac-bournazel.com\/wp-content\/uploads\/neo-logo-r.png","contentUrl":"https:\/\/www.camping-lac-bournazel.com\/wp-content\/uploads\/neo-logo-r.png","width":304,"height":221,"caption":"Le Camping du Lac de Bournazel, Corr\u00e8ze"},"image":{"@id":"https:\/\/www.camping-lac-bournazel.com\/fr\/#\/schema\/logo\/image\/"},"sameAs":["https:\/\/www.facebook.com\/Camping-du-Lac-de-Bournazel-178691212185189\/","https:\/\/www.youtube.com\/channel\/UCJdy4qKA94bm2d1MA_c2nHg"]}]}},"jetpack_sharing_enabled":true,"jetpack_shortlink":"https:\/\/wp.me\/P8fRNC-4j","jetpack-related-posts":[],"_links":{"self":[{"href":"https:\/\/www.camping-lac-bournazel.com\/fr\/wp-json\/wp\/v2\/pages\/267","targetHints":{"allow":["GET"]}}],"collection":[{"href":"https:\/\/www.camping-lac-bournazel.com\/fr\/wp-json\/wp\/v2\/pages"}],"about":[{"href":"https:\/\/www.camping-lac-bournazel.com\/fr\/wp-json\/wp\/v2\/types\/page"}],"author":[{"embeddable":true,"href":"https:\/\/www.camping-lac-bournazel.com\/fr\/wp-json\/wp\/v2\/users\/2"}],"replies":[{"embeddable":true,"href":"https:\/\/www.camping-lac-bournazel.com\/fr\/wp-json\/wp\/v2\/comments?post=267"}],"version-history":[{"count":2,"href":"https:\/\/www.camping-lac-bournazel.com\/fr\/wp-json\/wp\/v2\/pages\/267\/revisions"}],"predecessor-version":[{"id":4083,"href":"https:\/\/www.camping-lac-bournazel.com\/fr\/wp-json\/wp\/v2\/pages\/267\/revisions\/4083"}],"up":[{"embeddable":true,"href":"https:\/\/www.camping-lac-bournazel.com\/fr\/wp-json\/wp\/v2\/pages\/16"}],"wp:featuredmedia":[{"embeddable":true,"href":"https:\/\/www.camping-lac-bournazel.com\/fr\/wp-json\/wp\/v2\/media\/1929"}],"wp:attachment":[{"href":"https:\/\/www.camping-lac-bournazel.com\/fr\/wp-json\/wp\/v2\/media?parent=267"}],"wp:term":[{"taxonomy":"category","embeddable":true,"href":"https:\/\/www.camping-lac-bournazel.com\/fr\/wp-json\/wp\/v2\/categories?post=267"},{"taxonomy":"post_tag","embeddable":true,"href":"https:\/\/www.camping-lac-bournazel.com\/fr\/wp-json\/wp\/v2\/tags?post=267"}],"curies":[{"name":"wp","href":"https:\/\/api.w.org\/{rel}","templated":true}]}}