{"id":263,"date":"2016-11-08T14:59:57","date_gmt":"2016-11-08T13:59:57","guid":{"rendered":"http:\/\/tokyostalgy.com\/bournazel\/?page_id=263"},"modified":"2026-02-27T10:48:07","modified_gmt":"2026-02-27T09:48:07","slug":"chalet-35-pers","status":"publish","type":"page","link":"https:\/\/www.camping-lac-bournazel.com\/fr\/hebergement\/chalet-35-pers\/","title":{"rendered":"Chalet 3\/5 pers"},"content":{"rendered":"<div class=\"wpb-content-wrapper\"><p>[vc_row][vc_column][vc_btn title=\u00a0\u00bbJe r\u00e9serve\u00a0\u00bb style=\u00a0\u00bbflat\u00a0\u00bb color=\u00a0\u00bbjuicy-pink\u00a0\u00bb align=\u00a0\u00bbcenter\u00a0\u00bb i_icon_fontawesome=\u00a0\u00bb\u00a0\u00bb css=\u00a0\u00bb.vc_custom_1772185110505{margin-top: 24px !important;}\u00a0\u00bb button_block=\u00a0\u00bbtrue\u00a0\u00bb add_icon=\u00a0\u00bbtrue\u00a0\u00bb link=\u00a0\u00bburl:https%3A%2F%2Freservation.secureholiday.net%2FFR%2F5196%2F|title:Je%20r%C3%A9serve\u00a0\u00bb][\/vc_column][\/vc_row][vc_section css=\u00a0\u00bb.vc_custom_1484147124162{background-color: #ffffff !important;}\u00a0\u00bb][vc_row css=\u00a0\u00bb.vc_custom_1484146627290{background-color: #ffffff !important;}\u00a0\u00bb][vc_column width=\u00a0\u00bb1\/2&Prime;][vc_single_image image=\u00a0\u00bb900&Prime; img_size=\u00a0\u00bblarge\u00a0\u00bb alignment=\u00a0\u00bbcenter\u00a0\u00bb onclick=\u00a0\u00bblink_image\u00a0\u00bb css_animation=\u00a0\u00bbfadeIn\u00a0\u00bb][vc_row_inner equal_height=\u00a0\u00bbyes\u00a0\u00bb css=\u00a0\u00bb.vc_custom_1569942785452{background-color: #f6f6f6 !important;}\u00a0\u00bb el_class=\u00a0\u00bbpictoheberg\u00a0\u00bb][vc_column_inner width=\u00a0\u00bb1\/4&Prime; offset=\u00a0\u00bbvc_col-xs-3&Prime;][vc_column_text]<\/p>\n<p style=\"text-align: center;\"><strong>SURFACE<\/strong><\/p>\n<p style=\"text-align: center;\"><img loading=\"lazy\" decoding=\"async\" data-attachment-id=\"2050\" data-permalink=\"https:\/\/www.camping-lac-bournazel.com\/fr\/hebergement\/tipi-4-pers\/picto-surface\/\" data-orig-file=\"https:\/\/www.camping-lac-bournazel.com\/wp-content\/uploads\/picto-surface.svg\" data-orig-size=\"\" data-comments-opened=\"1\" data-image-meta=\"[]\" data-image-title=\"picto-surface\" data-image-description=\"\" data-image-caption=\"\" data-medium-file=\"https:\/\/www.camping-lac-bournazel.com\/wp-content\/uploads\/picto-surface.svg\" data-large-file=\"https:\/\/www.camping-lac-bournazel.com\/wp-content\/uploads\/picto-surface.svg\" class=\"alignnone wp-image-2050\" src=\"https:\/\/www.camping-lac-bournazel.com\/wp-content\/uploads\/picto-surface.svg\" alt=\"picto-surface\" width=\"32\" height=\"26\" \/>24 m2<\/p>\n<p>[\/vc_column_text][\/vc_column_inner][vc_column_inner width=\u00a0\u00bb1\/4&Prime; offset=\u00a0\u00bbvc_col-xs-3&Prime;][vc_column_text]<\/p>\n<p style=\"text-align: center;\"><strong>CHAMBRE<\/strong><\/p>\n<p style=\"text-align: center;\"><img data-recalc-dims=\"1\" loading=\"lazy\" decoding=\"async\" data-attachment-id=\"2050\" data-permalink=\"https:\/\/www.camping-lac-bournazel.com\/fr\/hebergement\/tipi-4-pers\/picto-surface\/\" data-orig-file=\"https:\/\/www.camping-lac-bournazel.com\/wp-content\/uploads\/picto-surface.svg\" data-orig-size=\"\" data-comments-opened=\"1\" data-image-meta=\"[]\" data-image-title=\"picto-surface\" data-image-description=\"\" data-image-caption=\"\" data-medium-file=\"https:\/\/www.camping-lac-bournazel.com\/wp-content\/uploads\/picto-surface.svg\" data-large-file=\"https:\/\/www.camping-lac-bournazel.com\/wp-content\/uploads\/picto-surface.svg\" class=\"alignnone wp-image-2050\" src=\"https:\/\/i0.wp.com\/www.camping-lac-bournazel.com\/wp-content\/uploads\/picto-chambres.png?resize=32%2C20&#038;ssl=1\" alt=\"picto-surface\" width=\"32\" height=\"20\" \/>\u00a01<\/p>\n<p>[\/vc_column_text][vc_column_text][\/vc_column_text][\/vc_column_inner][vc_column_inner width=\u00a0\u00bb1\/4&Prime; offset=\u00a0\u00bbvc_col-xs-3&Prime;][vc_column_text]<\/p>\n<p style=\"text-align: center;\"><strong>SALLE DE BAIN<\/strong><\/p>\n<p style=\"text-align: center;\"><img loading=\"lazy\" decoding=\"async\" data-attachment-id=\"2050\" data-permalink=\"https:\/\/www.camping-lac-bournazel.com\/fr\/hebergement\/tipi-4-pers\/picto-surface\/\" data-orig-file=\"https:\/\/www.camping-lac-bournazel.com\/wp-content\/uploads\/picto-surface.svg\" data-orig-size=\"\" data-comments-opened=\"1\" data-image-meta=\"[]\" data-image-title=\"picto-surface\" data-image-description=\"\" data-image-caption=\"\" data-medium-file=\"https:\/\/www.camping-lac-bournazel.com\/wp-content\/uploads\/picto-surface.svg\" data-large-file=\"https:\/\/www.camping-lac-bournazel.com\/wp-content\/uploads\/picto-surface.svg\" class=\"wp-image-2050 alignnone\" src=\"https:\/\/www.camping-lac-bournazel.com\/wp-content\/uploads\/picto-douche.svg\" alt=\"picto-surface\" width=\"32\" height=\"26\" \/><\/p>\n<p>[\/vc_column_text][\/vc_column_inner][vc_column_inner width=\u00a0\u00bb1\/4&Prime; offset=\u00a0\u00bbvc_col-xs-3&Prime;][vc_column_text]<\/p>\n<p style=\"text-align: center;\"><strong>ANIMAUX<\/strong><\/p>\n<p style=\"text-align: center;\"><img loading=\"lazy\" decoding=\"async\" data-attachment-id=\"2050\" data-permalink=\"https:\/\/www.camping-lac-bournazel.com\/fr\/hebergement\/tipi-4-pers\/picto-surface\/\" data-orig-file=\"https:\/\/www.camping-lac-bournazel.com\/wp-content\/uploads\/picto-surface.svg\" data-orig-size=\"\" data-comments-opened=\"1\" data-image-meta=\"[]\" data-image-title=\"picto-surface\" data-image-description=\"\" data-image-caption=\"\" data-medium-file=\"https:\/\/www.camping-lac-bournazel.com\/wp-content\/uploads\/picto-surface.svg\" data-large-file=\"https:\/\/www.camping-lac-bournazel.com\/wp-content\/uploads\/picto-surface.svg\" class=\"wp-image-2050 alignnone\" src=\"https:\/\/www.camping-lac-bournazel.com\/wp-content\/uploads\/picto-animaux.svg\" alt=\"picto-surface\" width=\"32\" height=\"26\" \/>\u00a0bienvenus<\/p>\n<p>[\/vc_column_text][\/vc_column_inner][\/vc_row_inner][\/vc_column][vc_column width=\u00a0\u00bb1\/2&Prime;][vc_custom_heading source=\u00a0\u00bbpost_title\u00a0\u00bb font_container=\u00a0\u00bbtag:h1|font_size:36px|text_align:left|color:%23515151|line_height:42px\u00a0\u00bb google_fonts=\u00a0\u00bbfont_family:Roboto%3A100%2C100italic%2C300%2C300italic%2Cregular%2Citalic%2C500%2C500italic%2C700%2C700italic%2C900%2C900italic|font_style:700%20bold%20regular%3A700%3Anormal\u00a0\u00bb css=\u00a0\u00bb.vc_custom_1479215148108{margin-bottom: 9px !important;border-bottom-width: 1px !important;padding-bottom: 9px !important;border-bottom-color: #515151 !important;border-bottom-style: solid !important;}\u00a0\u00bb][vc_row_inner][vc_column_inner width=\u00a0\u00bb2\/3&Prime;][\/vc_column_inner][\/vc_row_inner][vc_custom_heading text=\u00a0\u00bbVersion adapt\u00e9e pour personnes \u00e0 mobilit\u00e9 r\u00e9duite.\u00a0\u00bb font_container=\u00a0\u00bbtag:div|font_size:24px|text_align:center|color:%238abd3a|line_height:32px\u00a0\u00bb google_fonts=\u00a0\u00bbfont_family:Merriweather%3A300%2C300italic%2Cregular%2Citalic%2C700%2C700italic%2C900%2C900italic|font_style:300%20light%20italic%3A300%3Aitalic\u00a0\u00bb css=\u00a0\u00bb.vc_custom_1479310463524{margin-top: 12px !important;}\u00a0\u00bb][vc_column_text css=\u00a0\u00bb.vc_custom_1652543148167{padding-top: 12px !important;}\u00a0\u00bb el_class=\u00a0\u00bbdescription\u00a0\u00bb]Il a\u00a0une superficie de 24 m\u00b2, poss\u00e8de une rampe d&rsquo;acc\u00e8s et est plac\u00e9 en village de fa\u00e7on \u00e0 pr\u00e9server votre <a href=\"https:\/\/www.camping-lac-bournazel.com\/camping\/camping-familial\/\">espace<\/a>. Il est dot\u00e9 d&rsquo;une petite terrasse avec mobilier de jardin et barbecue.<\/p>\n<p>(Rendez-vous dans la rubrique doc \u00e0 t\u00e9l\u00e9charger pour l&rsquo;inventaire complet)<\/p>\n<p><!--more--><\/p>\n<ul>\n<li>1 Chambre avec 1 lit double (140&#215;190) et 1 lit simple (80&#215;190)<\/li>\n<li>1 Salle de bain adapt\u00e9e avec toilettes, douche sans bordure et avec assise et lavabo<\/li>\n<li>1 S\u00e9jour avec canap\u00e9 convertible 2 places et Coin cuisine avec 2 plaques \u00e9lectriques, frigo avec coin cong\u00e9lation, grille pain, micro-ondes, cafeti\u00e8re, vaisselle et ustensiles<\/li>\n<li>Table \u00e0 manger avec chaises<\/li>\n<li>Chauffage<\/li>\n<li>Terrasse couverte<\/li>\n<li>Mobilier de jardin<\/li>\n<li>Barbecue<\/li>\n<li>4 couvertures et 3 oreillers fournis<\/li>\n<li>Place parking<\/li>\n<li>Caution de 150 \u20ac couvrant le mobilier et le m\u00e9nage renvoy\u00e9e apr\u00e8s v\u00e9rification.<\/li>\n<\/ul>\n<p>[\/vc_column_text][vc_row_inner][vc_column_inner width=\u00a0\u00bb1\/2&Prime;][vc_column_text css=\u00a0\u00bb.vc_custom_1481809112929{padding-top: 12px !important;padding-right: 6px !important;padding-bottom: 12px !important;padding-left: 6px !important;background-color: #efa55b !important;}\u00a0\u00bb el_class=\u00a0\u00bbarrdep\u00a0\u00bb]<i class=\"fa fa-arrow-circle-down fa-2x\"><\/i> <strong>Arriv\u00e9e \u00e0 partir de 16h00<\/strong>[\/vc_column_text][\/vc_column_inner][vc_column_inner width=\u00a0\u00bb1\/2&Prime;][vc_column_text css=\u00a0\u00bb.vc_custom_1481809125921{padding-top: 12px !important;padding-right: 12px !important;padding-bottom: 12px !important;padding-left: 12px !important;background-color: #02d6c4 !important;}\u00a0\u00bb el_class=\u00a0\u00bbarrdep\u00a0\u00bb]<i class=\"fa fa-arrow-circle-up fa-2x\"><\/i> <strong>D\u00e9part\u00a0avant 11h00<\/strong>[\/vc_column_text][\/vc_column_inner][\/vc_row_inner][\/vc_column][\/vc_row][vc_row][vc_column][vc_masonry_media_grid element_width=\u00a0\u00bb2&Prime; gap=\u00a0\u00bb2&Prime; item=\u00a0\u00bb764&Prime; grid_id=\u00a0\u00bbvc_gid:1772185141084-e8615c55-3038-2&Prime; include=\u00a0\u00bb902,903&Prime;][\/vc_column][\/vc_row][\/vc_section][vc_row full_width=\u00a0\u00bbstretch_row\u00a0\u00bb css=\u00a0\u00bb.vc_custom_1484147412735{padding-top: 36px !important;padding-bottom: 36px !important;}\u00a0\u00bb][vc_column][\/vc_column][\/vc_row][vc_row][vc_column][vc_column_text]<\/p>\n<h4>Infos pratiques<\/h4>\n<p>[\/vc_column_text][vc_row_inner][vc_column_inner width=\u00a0\u00bb1\/3&Prime;][\/vc_column_inner][vc_column_inner width=\u00a0\u00bb1\/3&Prime;][vc_single_image image=\u00a0\u00bb1985&Prime; alignment=\u00a0\u00bbcenter\u00a0\u00bb onclick=\u00a0\u00bblink_image\u00a0\u00bb title=\u00a0\u00bbPlan\u00a0\u00bb][\/vc_column_inner][\/vc_row_inner][\/vc_column][\/vc_row][vc_row][vc_column][vc_btn title=\u00a0\u00bbJe r\u00e9serve\u00a0\u00bb style=\u00a0\u00bbflat\u00a0\u00bb color=\u00a0\u00bbjuicy-pink\u00a0\u00bb align=\u00a0\u00bbcenter\u00a0\u00bb i_icon_fontawesome=\u00a0\u00bb\u00a0\u00bb css=\u00a0\u00bb.vc_custom_1772185187951{margin-top: 24px !important;}\u00a0\u00bb button_block=\u00a0\u00bbtrue\u00a0\u00bb add_icon=\u00a0\u00bbtrue\u00a0\u00bb link=\u00a0\u00bburl:https%3A%2F%2Freservation.secureholiday.net%2FFR%2F5196%2F\u00a0\u00bb][\/vc_column][\/vc_row]<\/p>\n<\/div>","protected":false},"excerpt":{"rendered":"<p>[vc_row][vc_column][vc_btn title=\u00a0\u00bbJe r\u00e9serve\u00a0\u00bb style=\u00a0\u00bbflat\u00a0\u00bb color=\u00a0\u00bbjuicy-pink\u00a0\u00bb align=\u00a0\u00bbcenter\u00a0\u00bb i_icon_fontawesome=\u00a0\u00bb\u00a0\u00bb css=\u00a0\u00bb.vc_custom_1772185110505{margin-top: 24px !important;}\u00a0\u00bb button_block=\u00a0\u00bbtrue\u00a0\u00bb add_icon=\u00a0\u00bbtrue\u00a0\u00bb link=\u00a0\u00bburl:https%3A%2F%2Freservation.secureholiday.net%2FFR%2F5196%2F|title:Je%20r%C3%A9serve\u00a0\u00bb][\/vc_column][\/vc_row][vc_section css=\u00a0\u00bb.vc_custom_1484147124162{background-color: #ffffff !important;}\u00a0\u00bb][vc_row css=\u00a0\u00bb.vc_custom_1484146627290{background-color: #ffffff !important;}\u00a0\u00bb][vc_column width=\u00a0\u00bb1\/2&Prime;][vc_single_image image=\u00a0\u00bb900&Prime; img_size=\u00a0\u00bblarge\u00a0\u00bb alignment=\u00a0\u00bbcenter\u00a0\u00bb onclick=\u00a0\u00bblink_image\u00a0\u00bb css_animation=\u00a0\u00bbfadeIn\u00a0\u00bb][vc_row_inner equal_height=\u00a0\u00bbyes\u00a0\u00bb css=\u00a0\u00bb.vc_custom_1569942785452{background-color: #f6f6f6 !important;}\u00a0\u00bb el_class=\u00a0\u00bbpictoheberg\u00a0\u00bb][vc_column_inner width=\u00a0\u00bb1\/4&Prime; offset=\u00a0\u00bbvc_col-xs-3&Prime;][vc_column_text] SURFACE 24 m2 [\/vc_column_text][\/vc_column_inner][vc_column_inner width=\u00a0\u00bb1\/4&Prime; offset=\u00a0\u00bbvc_col-xs-3&Prime;][vc_column_text] CHAMBRE \u00a01 [\/vc_column_text][vc_column_text][\/vc_column_text][\/vc_column_inner][vc_column_inner width=\u00a0\u00bb1\/4&Prime; offset=\u00a0\u00bbvc_col-xs-3&Prime;][vc_column_text] SALLE DE BAIN [\/vc_column_text][\/vc_column_inner][vc_column_inner width=\u00a0\u00bb1\/4&Prime; offset=\u00a0\u00bbvc_col-xs-3&Prime;][vc_column_text] ANIMAUX \u00a0bienvenus [\/vc_column_text][\/vc_column_inner][\/vc_row_inner][\/vc_column][vc_column width=\u00a0\u00bb1\/2&Prime;][vc_custom_heading source=\u00a0\u00bbpost_title\u00a0\u00bb font_container=\u00a0\u00bbtag:h1|font_size:36px|text_align:left|color:%23515151|line_height:42px\u00a0\u00bb&hellip;<\/p>\n","protected":false},"author":2,"featured_media":1998,"parent":18,"menu_order":10,"comment_status":"closed","ping_status":"closed","template":"","meta":{"inline_featured_image":false,"jetpack_post_was_ever_published":false,"footnotes":""},"categories":[4],"tags":[],"class_list":["post-263","page","type-page","status-publish","has-post-thumbnail","hentry","category-hebergement","description-off"],"yoast_head":"<!-- This site is optimized with the Yoast SEO plugin v25.3 - https:\/\/yoast.com\/wordpress\/plugins\/seo\/ -->\n<title>Chalet 3\/5 pers - Le camping du Lac de Bournazel ****<\/title>\n<meta name=\"description\" content=\"Chalet adapt\u00e9 pour les personnes \u00e0 mobilit\u00e9 r\u00e9duite d&#039;une superficie de 24 m\u00b2. Il est dot\u00e9 d&#039;une rampe d&#039;acc\u00e8s et d&#039;une salle de bain adapt\u00e9e.\" \/>\n<meta name=\"robots\" content=\"index, follow, max-snippet:-1, max-image-preview:large, max-video-preview:-1\" \/>\n<link rel=\"canonical\" href=\"https:\/\/www.camping-lac-bournazel.com\/hebergement\/chalet-35-pers\/\" \/>\n<meta property=\"og:locale\" content=\"fr_FR\" \/>\n<meta property=\"og:type\" content=\"article\" \/>\n<meta property=\"og:title\" content=\"Chalet 3\/5 pers - Le camping du Lac de Bournazel ****\" \/>\n<meta property=\"og:description\" content=\"Chalet adapt\u00e9 pour les personnes \u00e0 mobilit\u00e9 r\u00e9duite d&#039;une superficie de 24 m\u00b2. Il est dot\u00e9 d&#039;une rampe d&#039;acc\u00e8s et d&#039;une salle de bain adapt\u00e9e.\" \/>\n<meta property=\"og:url\" content=\"https:\/\/www.camping-lac-bournazel.com\/hebergement\/chalet-35-pers\/\" \/>\n<meta property=\"og:site_name\" content=\"Le camping du Lac de Bournazel ****\" \/>\n<meta property=\"article:publisher\" content=\"https:\/\/www.facebook.com\/Camping-du-Lac-de-Bournazel-178691212185189\/\" \/>\n<meta property=\"article:modified_time\" content=\"2026-02-27T09:48:07+00:00\" \/>\n<meta property=\"og:image\" content=\"https:\/\/www.camping-lac-bournazel.com\/wp-content\/uploads\/Chalet-3-5ech.jpg\" \/>\n\t<meta property=\"og:image:width\" content=\"250\" \/>\n\t<meta property=\"og:image:height\" content=\"250\" \/>\n\t<meta property=\"og:image:type\" content=\"image\/jpeg\" \/>\n<meta name=\"twitter:card\" content=\"summary_large_image\" \/>\n<meta name=\"twitter:label1\" content=\"Dur\u00e9e de lecture estim\u00e9e\" \/>\n\t<meta name=\"twitter:data1\" content=\"3 minutes\" \/>\n<script type=\"application\/ld+json\" class=\"yoast-schema-graph\">{\"@context\":\"https:\/\/schema.org\",\"@graph\":[{\"@type\":\"WebPage\",\"@id\":\"https:\/\/www.camping-lac-bournazel.com\/hebergement\/chalet-35-pers\/\",\"url\":\"https:\/\/www.camping-lac-bournazel.com\/hebergement\/chalet-35-pers\/\",\"name\":\"Chalet 3\/5 pers - Le camping du Lac de Bournazel ****\",\"isPartOf\":{\"@id\":\"https:\/\/www.camping-lac-bournazel.com\/fr\/#website\"},\"primaryImageOfPage\":{\"@id\":\"https:\/\/www.camping-lac-bournazel.com\/hebergement\/chalet-35-pers\/#primaryimage\"},\"image\":{\"@id\":\"https:\/\/www.camping-lac-bournazel.com\/hebergement\/chalet-35-pers\/#primaryimage\"},\"thumbnailUrl\":\"https:\/\/www.camping-lac-bournazel.com\/wp-content\/uploads\/Chalet-3-5ech.jpg\",\"datePublished\":\"2016-11-08T13:59:57+00:00\",\"dateModified\":\"2026-02-27T09:48:07+00:00\",\"description\":\"Chalet adapt\u00e9 pour les personnes \u00e0 mobilit\u00e9 r\u00e9duite d'une superficie de 24 m\u00b2. Il est dot\u00e9 d'une rampe d'acc\u00e8s et d'une salle de bain adapt\u00e9e.\",\"breadcrumb\":{\"@id\":\"https:\/\/www.camping-lac-bournazel.com\/hebergement\/chalet-35-pers\/#breadcrumb\"},\"inLanguage\":\"fr-FR\",\"potentialAction\":[{\"@type\":\"ReadAction\",\"target\":[\"https:\/\/www.camping-lac-bournazel.com\/hebergement\/chalet-35-pers\/\"]}]},{\"@type\":\"ImageObject\",\"inLanguage\":\"fr-FR\",\"@id\":\"https:\/\/www.camping-lac-bournazel.com\/hebergement\/chalet-35-pers\/#primaryimage\",\"url\":\"https:\/\/www.camping-lac-bournazel.com\/wp-content\/uploads\/Chalet-3-5ech.jpg\",\"contentUrl\":\"https:\/\/www.camping-lac-bournazel.com\/wp-content\/uploads\/Chalet-3-5ech.jpg\",\"width\":250,\"height\":250},{\"@type\":\"BreadcrumbList\",\"@id\":\"https:\/\/www.camping-lac-bournazel.com\/hebergement\/chalet-35-pers\/#breadcrumb\",\"itemListElement\":[{\"@type\":\"ListItem\",\"position\":1,\"name\":\"Accueil\",\"item\":\"https:\/\/www.camping-lac-bournazel.com\/\"},{\"@type\":\"ListItem\",\"position\":2,\"name\":\"H\u00e9bergement\",\"item\":\"https:\/\/www.camping-lac-bournazel.com\/hebergement\/\"},{\"@type\":\"ListItem\",\"position\":3,\"name\":\"Chalet 3\/5 pers\"}]},{\"@type\":\"WebSite\",\"@id\":\"https:\/\/www.camping-lac-bournazel.com\/fr\/#website\",\"url\":\"https:\/\/www.camping-lac-bournazel.com\/fr\/\",\"name\":\"Le camping du Lac de Bournazel ****\",\"description\":\"Camping et Glamping en Corr\u00e8ze, Nouvelle Aquitaine | France\",\"publisher\":{\"@id\":\"https:\/\/www.camping-lac-bournazel.com\/fr\/#organization\"},\"potentialAction\":[{\"@type\":\"SearchAction\",\"target\":{\"@type\":\"EntryPoint\",\"urlTemplate\":\"https:\/\/www.camping-lac-bournazel.com\/fr\/?s={search_term_string}\"},\"query-input\":{\"@type\":\"PropertyValueSpecification\",\"valueRequired\":true,\"valueName\":\"search_term_string\"}}],\"inLanguage\":\"fr-FR\"},{\"@type\":\"Organization\",\"@id\":\"https:\/\/www.camping-lac-bournazel.com\/fr\/#organization\",\"name\":\"Le Camping du Lac de Bournazel, Corr\u00e8ze\",\"url\":\"https:\/\/www.camping-lac-bournazel.com\/fr\/\",\"logo\":{\"@type\":\"ImageObject\",\"inLanguage\":\"fr-FR\",\"@id\":\"https:\/\/www.camping-lac-bournazel.com\/fr\/#\/schema\/logo\/image\/\",\"url\":\"https:\/\/www.camping-lac-bournazel.com\/wp-content\/uploads\/neo-logo-r.png\",\"contentUrl\":\"https:\/\/www.camping-lac-bournazel.com\/wp-content\/uploads\/neo-logo-r.png\",\"width\":304,\"height\":221,\"caption\":\"Le Camping du Lac de Bournazel, Corr\u00e8ze\"},\"image\":{\"@id\":\"https:\/\/www.camping-lac-bournazel.com\/fr\/#\/schema\/logo\/image\/\"},\"sameAs\":[\"https:\/\/www.facebook.com\/Camping-du-Lac-de-Bournazel-178691212185189\/\",\"https:\/\/www.youtube.com\/channel\/UCJdy4qKA94bm2d1MA_c2nHg\"]}]}<\/script>\n<!-- \/ Yoast SEO plugin. -->","yoast_head_json":{"title":"Chalet 3\/5 pers - Le camping du Lac de Bournazel ****","description":"Chalet adapt\u00e9 pour les personnes \u00e0 mobilit\u00e9 r\u00e9duite d'une superficie de 24 m\u00b2. Il est dot\u00e9 d'une rampe d'acc\u00e8s et d'une salle de bain adapt\u00e9e.","robots":{"index":"index","follow":"follow","max-snippet":"max-snippet:-1","max-image-preview":"max-image-preview:large","max-video-preview":"max-video-preview:-1"},"canonical":"https:\/\/www.camping-lac-bournazel.com\/hebergement\/chalet-35-pers\/","og_locale":"fr_FR","og_type":"article","og_title":"Chalet 3\/5 pers - Le camping du Lac de Bournazel ****","og_description":"Chalet adapt\u00e9 pour les personnes \u00e0 mobilit\u00e9 r\u00e9duite d'une superficie de 24 m\u00b2. Il est dot\u00e9 d'une rampe d'acc\u00e8s et d'une salle de bain adapt\u00e9e.","og_url":"https:\/\/www.camping-lac-bournazel.com\/hebergement\/chalet-35-pers\/","og_site_name":"Le camping du Lac de Bournazel ****","article_publisher":"https:\/\/www.facebook.com\/Camping-du-Lac-de-Bournazel-178691212185189\/","article_modified_time":"2026-02-27T09:48:07+00:00","og_image":[{"width":250,"height":250,"url":"https:\/\/www.camping-lac-bournazel.com\/wp-content\/uploads\/Chalet-3-5ech.jpg","type":"image\/jpeg"}],"twitter_card":"summary_large_image","twitter_misc":{"Dur\u00e9e de lecture estim\u00e9e":"3 minutes"},"schema":{"@context":"https:\/\/schema.org","@graph":[{"@type":"WebPage","@id":"https:\/\/www.camping-lac-bournazel.com\/hebergement\/chalet-35-pers\/","url":"https:\/\/www.camping-lac-bournazel.com\/hebergement\/chalet-35-pers\/","name":"Chalet 3\/5 pers - Le camping du Lac de Bournazel ****","isPartOf":{"@id":"https:\/\/www.camping-lac-bournazel.com\/fr\/#website"},"primaryImageOfPage":{"@id":"https:\/\/www.camping-lac-bournazel.com\/hebergement\/chalet-35-pers\/#primaryimage"},"image":{"@id":"https:\/\/www.camping-lac-bournazel.com\/hebergement\/chalet-35-pers\/#primaryimage"},"thumbnailUrl":"https:\/\/www.camping-lac-bournazel.com\/wp-content\/uploads\/Chalet-3-5ech.jpg","datePublished":"2016-11-08T13:59:57+00:00","dateModified":"2026-02-27T09:48:07+00:00","description":"Chalet adapt\u00e9 pour les personnes \u00e0 mobilit\u00e9 r\u00e9duite d'une superficie de 24 m\u00b2. Il est dot\u00e9 d'une rampe d'acc\u00e8s et d'une salle de bain adapt\u00e9e.","breadcrumb":{"@id":"https:\/\/www.camping-lac-bournazel.com\/hebergement\/chalet-35-pers\/#breadcrumb"},"inLanguage":"fr-FR","potentialAction":[{"@type":"ReadAction","target":["https:\/\/www.camping-lac-bournazel.com\/hebergement\/chalet-35-pers\/"]}]},{"@type":"ImageObject","inLanguage":"fr-FR","@id":"https:\/\/www.camping-lac-bournazel.com\/hebergement\/chalet-35-pers\/#primaryimage","url":"https:\/\/www.camping-lac-bournazel.com\/wp-content\/uploads\/Chalet-3-5ech.jpg","contentUrl":"https:\/\/www.camping-lac-bournazel.com\/wp-content\/uploads\/Chalet-3-5ech.jpg","width":250,"height":250},{"@type":"BreadcrumbList","@id":"https:\/\/www.camping-lac-bournazel.com\/hebergement\/chalet-35-pers\/#breadcrumb","itemListElement":[{"@type":"ListItem","position":1,"name":"Accueil","item":"https:\/\/www.camping-lac-bournazel.com\/"},{"@type":"ListItem","position":2,"name":"H\u00e9bergement","item":"https:\/\/www.camping-lac-bournazel.com\/hebergement\/"},{"@type":"ListItem","position":3,"name":"Chalet 3\/5 pers"}]},{"@type":"WebSite","@id":"https:\/\/www.camping-lac-bournazel.com\/fr\/#website","url":"https:\/\/www.camping-lac-bournazel.com\/fr\/","name":"Le camping du Lac de Bournazel ****","description":"Camping et Glamping en Corr\u00e8ze, Nouvelle Aquitaine | France","publisher":{"@id":"https:\/\/www.camping-lac-bournazel.com\/fr\/#organization"},"potentialAction":[{"@type":"SearchAction","target":{"@type":"EntryPoint","urlTemplate":"https:\/\/www.camping-lac-bournazel.com\/fr\/?s={search_term_string}"},"query-input":{"@type":"PropertyValueSpecification","valueRequired":true,"valueName":"search_term_string"}}],"inLanguage":"fr-FR"},{"@type":"Organization","@id":"https:\/\/www.camping-lac-bournazel.com\/fr\/#organization","name":"Le Camping du Lac de Bournazel, Corr\u00e8ze","url":"https:\/\/www.camping-lac-bournazel.com\/fr\/","logo":{"@type":"ImageObject","inLanguage":"fr-FR","@id":"https:\/\/www.camping-lac-bournazel.com\/fr\/#\/schema\/logo\/image\/","url":"https:\/\/www.camping-lac-bournazel.com\/wp-content\/uploads\/neo-logo-r.png","contentUrl":"https:\/\/www.camping-lac-bournazel.com\/wp-content\/uploads\/neo-logo-r.png","width":304,"height":221,"caption":"Le Camping du Lac de Bournazel, Corr\u00e8ze"},"image":{"@id":"https:\/\/www.camping-lac-bournazel.com\/fr\/#\/schema\/logo\/image\/"},"sameAs":["https:\/\/www.facebook.com\/Camping-du-Lac-de-Bournazel-178691212185189\/","https:\/\/www.youtube.com\/channel\/UCJdy4qKA94bm2d1MA_c2nHg"]}]}},"jetpack_sharing_enabled":true,"jetpack_shortlink":"https:\/\/wp.me\/P8fRNC-4f","jetpack-related-posts":[],"_links":{"self":[{"href":"https:\/\/www.camping-lac-bournazel.com\/fr\/wp-json\/wp\/v2\/pages\/263","targetHints":{"allow":["GET"]}}],"collection":[{"href":"https:\/\/www.camping-lac-bournazel.com\/fr\/wp-json\/wp\/v2\/pages"}],"about":[{"href":"https:\/\/www.camping-lac-bournazel.com\/fr\/wp-json\/wp\/v2\/types\/page"}],"author":[{"embeddable":true,"href":"https:\/\/www.camping-lac-bournazel.com\/fr\/wp-json\/wp\/v2\/users\/2"}],"replies":[{"embeddable":true,"href":"https:\/\/www.camping-lac-bournazel.com\/fr\/wp-json\/wp\/v2\/comments?post=263"}],"version-history":[{"count":4,"href":"https:\/\/www.camping-lac-bournazel.com\/fr\/wp-json\/wp\/v2\/pages\/263\/revisions"}],"predecessor-version":[{"id":4075,"href":"https:\/\/www.camping-lac-bournazel.com\/fr\/wp-json\/wp\/v2\/pages\/263\/revisions\/4075"}],"up":[{"embeddable":true,"href":"https:\/\/www.camping-lac-bournazel.com\/fr\/wp-json\/wp\/v2\/pages\/18"}],"wp:featuredmedia":[{"embeddable":true,"href":"https:\/\/www.camping-lac-bournazel.com\/fr\/wp-json\/wp\/v2\/media\/1998"}],"wp:attachment":[{"href":"https:\/\/www.camping-lac-bournazel.com\/fr\/wp-json\/wp\/v2\/media?parent=263"}],"wp:term":[{"taxonomy":"category","embeddable":true,"href":"https:\/\/www.camping-lac-bournazel.com\/fr\/wp-json\/wp\/v2\/categories?post=263"},{"taxonomy":"post_tag","embeddable":true,"href":"https:\/\/www.camping-lac-bournazel.com\/fr\/wp-json\/wp\/v2\/tags?post=263"}],"curies":[{"name":"wp","href":"https:\/\/api.w.org\/{rel}","templated":true}]}}