{"id":53,"date":"2016-11-07T12:25:56","date_gmt":"2016-11-07T11:25:56","guid":{"rendered":"http:\/\/tokyostalgy.com\/bournazel\/?page_id=53"},"modified":"2024-02-15T15:13:16","modified_gmt":"2024-02-15T14:13:16","slug":"camping-familial","status":"publish","type":"page","link":"https:\/\/www.camping-lac-bournazel.com\/en\/camping\/camping-familial\/","title":{"rendered":"A family campsite"},"content":{"rendered":"<div class=\"wpb-content-wrapper\"><p>[vc_row][vc_column][vc_column_text][\/vc_column_text][\/vc_column][\/vc_row][vc_section content_placement=&#8221;middle&#8221; css=&#8221;.vc_custom_1482249692803{background-color: #ffffff !important;}&#8221;][vc_row][vc_column][vc_custom_heading source=&#8221;post_title&#8221; font_container=&#8221;tag:h1|font_size:36px|text_align:left|color:%23515151|line_height:42px&#8221; use_theme_fonts=&#8221;yes&#8221;][vc_row_inner][vc_column_inner width=&#8221;1\/3&#8243;][vc_custom_heading text=&#8221;Enjoy our human scale campsite with its spacious and shaded pitches.&#8221; font_container=&#8221;tag:div|font_size:24px|text_align:center|color:%238abd3a|line_height:32px&#8221; google_fonts=&#8221;font_family:Merriweather%3A300%2C300italic%2Cregular%2Citalic%2C700%2C700italic%2C900%2C900italic|font_style:300%20light%20italic%3A300%3Aitalic&#8221; css=&#8221;.vc_custom_1485179688029{margin-top: 12px !important;}&#8221;][vc_column_text]Our campsite is composed of 120 pitches with 69 pitches particularly spacious (average of 110 m\u00b2) and shaded,<!--more-->perfect for your holiday in tent, camper or caravan\u00a0; 10 \u00a0wooden\u00a0<a href=\"https:\/\/www.camping-lac-bournazel.com\/hebergement\/chalet-46-pers\/\">Chalets<\/a>, 5 <a href=\"https:\/\/www.camping-lac-bournazel.com\/hebergement\/mobile-home-46-pers\/\">Mobile Homes<\/a>, 2 comfy\u00a0<a href=\"https:\/\/www.camping-lac-bournazel.com\/rooms\/roulotte-24-pers-2\/\">Roulottes<\/a>\u00a0 and 2\u00a0<a href=\"https:\/\/www.camping-lac-bournazel.com\/hebergement\/tipi-4-pers\/\">Tipi tents<\/a> for a touch of glamping and 32 residential pitches.<\/p>\n<p>Our campsite overlooks the Lake of Bournazel (32 Ha) with its own sand beach watched during summers. A pedestrian access close to the chalets enables you to go straight to the lake at about 110 metres away.<\/p>\n<p>The village of\u00a0<a href=\"http:\/\/www.ville-seilhac.com\/site-de-bournazel\" target=\"_blank\" rel=\"noopener noreferrer\">Seilhac<\/a>\u00a0is\u00a01.5 km away from the campsite\u00a0and has all the needed commodities such as a big <a href=\"https:\/\/www.magasins-u.com\/superu-seilhac\" target=\"_blank\" rel=\"noopener noreferrer\">supermarket<\/a>, a local market, shops and medical practise.[\/vc_column_text][\/vc_column_inner][vc_column_inner width=&#8221;2\/3&#8243;][vc_masonry_media_grid element_width=&#8221;3&#8243; gap=&#8221;2&#8243; item=&#8221;764&#8243; initial_loading_animation=&#8221;none&#8221; grid_id=&#8221;vc_gid:1708006356496-33a7c182-8c3f-8&#8243; include=&#8221;957,936,863,846,584,141,842,585&#8243;][\/vc_column_inner][\/vc_row_inner][\/vc_column][\/vc_row][\/vc_section][vc_section css=&#8221;.vc_custom_1482249748798{border-top-width: 2px !important;background-color: #efe5df !important;border-top-color: #ded5ce !important;border-top-style: solid !important;}&#8221;][vc_row][vc_column width=&#8221;1\/2&#8243;][vc_column_text]<\/p>\n<h4>Plenty of services to enjoy<\/h4>\n<ul>\n<li>Reception with\u00a0<a href=\"https:\/\/www.camping-lac-bournazel.com\/infos-pratiques\/visites-et-bons-plans\/\">documentation<\/a> and\u00a0<a href=\"https:\/\/www.camping-lac-bournazel.com\/services-et-loisirs\/plus-encore\/\">small grocery and bakery service<\/a><\/li>\n<li>Our\u00a0<a href=\"https:\/\/www.camping-lac-bournazel.com\/services-et-loisirs\/piscine\/\">heated swimming pool<\/a> with\u00a0paddling corner is open from May to September.<\/li>\n<li>Volley-ball and p\u00e9tanque fields.<\/li>\n<li>Game room with ping-pong table, shooting pool, flipper, TV, book and game lending, ball and racket lending.<\/li>\n<li>Small playground for children with swings and a slide.<\/li>\n<li>Tennis court stuck to the campsite (booking necessary\/5 \u20ac per hour)<\/li>\n<li><a href=\"https:\/\/www.camping-lac-bournazel.com\/services-et-loisirs\/cantine-a-thierry\/\">Thierry&#8217;s kitchen<\/a>\u00a0(Thierry&#8217;s kitchen) is open every day in July and August with our menu based on local products to eat here or take away.<\/li>\n<li><a href=\"https:\/\/www.camping-lac-bournazel.com\/services-et-loisirs\/animations\/\">Summer activities<\/a> et <a href=\"https:\/\/www.camping-lac-bournazel.com\/services-et-loisirs\/plus-encore\/\">services<\/a><\/li>\n<\/ul>\n<p>[\/vc_column_text][\/vc_column][vc_column width=&#8221;1\/2&#8243; css=&#8221;.vc_custom_1479916424698{background-color: #ffffff !important;border-radius: 25px !important;}&#8221;][vc_column_text]<\/p>\n<h4>A warm and friendly greeting<\/h4>\n<p>We are pleased to welcome you everyday from 1 April to 30 September and are happy to advise you on your trips and visits.<\/p>\n<p>To help you prepare your stay, go to\u00a0<a href=\"https:\/\/www.camping-lac-bournazel.com\/infos-pratiques\/visites-et-bons-plans\/\">Marion&#8217;s favourites<\/a>.[\/vc_column_text][vc_column_text]<\/p>\n<h4>Sanitary block<\/h4>\n<ul>\n<li>A new sanitary block with specific equipment for babies (tubs, changing tables), toddlers (adapted toilets and basins) and handicapped people is here to make your everyday life more comfortable.<\/li>\n<\/ul>\n<p>[\/vc_column_text][\/vc_column][\/vc_row][\/vc_section]<\/p>\n<\/div>","protected":false},"excerpt":{"rendered":"<p>Sorry, this entry is only available in Fran\u00e7ais.<\/p>\n","protected":false},"author":2,"featured_media":1931,"parent":16,"menu_order":1,"comment_status":"closed","ping_status":"closed","template":"","meta":{"inline_featured_image":false,"jetpack_post_was_ever_published":false,"footnotes":""},"categories":[2,18,3],"tags":[],"class_list":["post-53","page","type-page","status-publish","has-post-thumbnail","hentry","category-4-raisons","category-4-reasons","category-camping","description-off"],"yoast_head":"<!-- This site is optimized with the Yoast SEO plugin v25.3 - https:\/\/yoast.com\/wordpress\/plugins\/seo\/ -->\n<title>A family campsite - Le camping du Lac de Bournazel ****<\/title>\n<meta name=\"description\" content=\"The campsite is composed of 73 spacious and shaded pitches, 10 wooden chalets, 2 comfy roulottes and 2 tipi tents for a touch of glamping.\" \/>\n<meta name=\"robots\" content=\"index, follow, max-snippet:-1, max-image-preview:large, max-video-preview:-1\" \/>\n<link rel=\"canonical\" href=\"https:\/\/www.camping-lac-bournazel.com\/camping\/camping-familial\/\" \/>\n<meta property=\"og:locale\" content=\"en_US\" \/>\n<meta property=\"og:type\" content=\"article\" \/>\n<meta property=\"og:title\" content=\"A family campsite - Le camping du Lac de Bournazel ****\" \/>\n<meta property=\"og:description\" content=\"{:fr}Camping id\u00e9al pour la famille avec ces emplacements spacieux et ombrag\u00e9s et ses h\u00e9bergements traditionnels et insolites surplombant le lac.{:en}The campsite is composed of 73 spacious and shaded pitches, 10 wooden chalets, 2 comfy roulottes and 2 tipi tents for a touch of glamping.{:}\" \/>\n<meta property=\"og:url\" content=\"https:\/\/www.camping-lac-bournazel.com\/camping\/camping-familial\/\" \/>\n<meta property=\"og:site_name\" content=\"Le camping du Lac de Bournazel ****\" \/>\n<meta property=\"article:publisher\" content=\"https:\/\/www.facebook.com\/Camping-du-Lac-de-Bournazel-178691212185189\/\" \/>\n<meta property=\"article:modified_time\" content=\"2024-02-15T14:13:16+00:00\" \/>\n<meta property=\"og:image\" content=\"https:\/\/www.camping-lac-bournazel.com\/wp-content\/uploads\/camping-familial.jpg\" \/>\n\t<meta property=\"og:image:width\" content=\"250\" \/>\n\t<meta property=\"og:image:height\" content=\"250\" \/>\n\t<meta property=\"og:image:type\" content=\"image\/jpeg\" \/>\n<meta name=\"twitter:card\" content=\"summary_large_image\" \/>\n<meta name=\"twitter:label1\" content=\"Est. reading time\" \/>\n\t<meta name=\"twitter:data1\" content=\"6 minutes\" \/>\n<script type=\"application\/ld+json\" class=\"yoast-schema-graph\">{\"@context\":\"https:\/\/schema.org\",\"@graph\":[{\"@type\":\"WebPage\",\"@id\":\"https:\/\/www.camping-lac-bournazel.com\/camping\/camping-familial\/\",\"url\":\"https:\/\/www.camping-lac-bournazel.com\/camping\/camping-familial\/\",\"name\":\"A family campsite - Le camping du Lac de Bournazel ****\",\"isPartOf\":{\"@id\":\"https:\/\/www.camping-lac-bournazel.com\/fr\/#website\"},\"primaryImageOfPage\":{\"@id\":\"https:\/\/www.camping-lac-bournazel.com\/camping\/camping-familial\/#primaryimage\"},\"image\":{\"@id\":\"https:\/\/www.camping-lac-bournazel.com\/camping\/camping-familial\/#primaryimage\"},\"thumbnailUrl\":\"https:\/\/www.camping-lac-bournazel.com\/wp-content\/uploads\/camping-familial.jpg\",\"datePublished\":\"2016-11-07T11:25:56+00:00\",\"dateModified\":\"2024-02-15T14:13:16+00:00\",\"description\":\"{:fr}Camping id\u00e9al pour la famille avec ces emplacements spacieux et ombrag\u00e9s et ses h\u00e9bergements traditionnels et insolites surplombant le lac.{:en}The campsite is composed of 73 spacious and shaded pitches, 10 wooden chalets, 2 comfy roulottes and 2 tipi tents for a touch of glamping.{:}\",\"breadcrumb\":{\"@id\":\"https:\/\/www.camping-lac-bournazel.com\/camping\/camping-familial\/#breadcrumb\"},\"inLanguage\":\"en-US\",\"potentialAction\":[{\"@type\":\"ReadAction\",\"target\":[\"https:\/\/www.camping-lac-bournazel.com\/camping\/camping-familial\/\"]}]},{\"@type\":\"ImageObject\",\"inLanguage\":\"en-US\",\"@id\":\"https:\/\/www.camping-lac-bournazel.com\/camping\/camping-familial\/#primaryimage\",\"url\":\"https:\/\/www.camping-lac-bournazel.com\/wp-content\/uploads\/camping-familial.jpg\",\"contentUrl\":\"https:\/\/www.camping-lac-bournazel.com\/wp-content\/uploads\/camping-familial.jpg\",\"width\":250,\"height\":250},{\"@type\":\"BreadcrumbList\",\"@id\":\"https:\/\/www.camping-lac-bournazel.com\/camping\/camping-familial\/#breadcrumb\",\"itemListElement\":[{\"@type\":\"ListItem\",\"position\":1,\"name\":\"Accueil\",\"item\":\"https:\/\/www.camping-lac-bournazel.com\/\"},{\"@type\":\"ListItem\",\"position\":2,\"name\":\"Camping\",\"item\":\"https:\/\/www.camping-lac-bournazel.com\/fr\/camping\/\"},{\"@type\":\"ListItem\",\"position\":3,\"name\":\"Un camping familial\"}]},{\"@type\":\"WebSite\",\"@id\":\"https:\/\/www.camping-lac-bournazel.com\/fr\/#website\",\"url\":\"https:\/\/www.camping-lac-bournazel.com\/fr\/\",\"name\":\"Le camping du Lac de Bournazel ****\",\"description\":\"Camping et Glamping en Corr\u00e8ze, Nouvelle Aquitaine | France\",\"publisher\":{\"@id\":\"https:\/\/www.camping-lac-bournazel.com\/fr\/#organization\"},\"potentialAction\":[{\"@type\":\"SearchAction\",\"target\":{\"@type\":\"EntryPoint\",\"urlTemplate\":\"https:\/\/www.camping-lac-bournazel.com\/fr\/?s={search_term_string}\"},\"query-input\":{\"@type\":\"PropertyValueSpecification\",\"valueRequired\":true,\"valueName\":\"search_term_string\"}}],\"inLanguage\":\"en-US\"},{\"@type\":\"Organization\",\"@id\":\"https:\/\/www.camping-lac-bournazel.com\/fr\/#organization\",\"name\":\"Le Camping du Lac de Bournazel, Corr\u00e8ze\",\"url\":\"https:\/\/www.camping-lac-bournazel.com\/fr\/\",\"logo\":{\"@type\":\"ImageObject\",\"inLanguage\":\"en-US\",\"@id\":\"https:\/\/www.camping-lac-bournazel.com\/fr\/#\/schema\/logo\/image\/\",\"url\":\"https:\/\/www.camping-lac-bournazel.com\/wp-content\/uploads\/neo-logo-r.png\",\"contentUrl\":\"https:\/\/www.camping-lac-bournazel.com\/wp-content\/uploads\/neo-logo-r.png\",\"width\":304,\"height\":221,\"caption\":\"Le Camping du Lac de Bournazel, Corr\u00e8ze\"},\"image\":{\"@id\":\"https:\/\/www.camping-lac-bournazel.com\/fr\/#\/schema\/logo\/image\/\"},\"sameAs\":[\"https:\/\/www.facebook.com\/Camping-du-Lac-de-Bournazel-178691212185189\/\",\"https:\/\/www.youtube.com\/channel\/UCJdy4qKA94bm2d1MA_c2nHg\"]}]}<\/script>\n<!-- \/ Yoast SEO plugin. -->","yoast_head_json":{"title":"A family campsite - Le camping du Lac de Bournazel ****","description":"The campsite is composed of 73 spacious and shaded pitches, 10 wooden chalets, 2 comfy roulottes and 2 tipi tents for a touch of glamping.","robots":{"index":"index","follow":"follow","max-snippet":"max-snippet:-1","max-image-preview":"max-image-preview:large","max-video-preview":"max-video-preview:-1"},"canonical":"https:\/\/www.camping-lac-bournazel.com\/camping\/camping-familial\/","og_locale":"en_US","og_type":"article","og_title":"A family campsite - Le camping du Lac de Bournazel ****","og_description":"{:fr}Camping id\u00e9al pour la famille avec ces emplacements spacieux et ombrag\u00e9s et ses h\u00e9bergements traditionnels et insolites surplombant le lac.{:en}The campsite is composed of 73 spacious and shaded pitches, 10 wooden chalets, 2 comfy roulottes and 2 tipi tents for a touch of glamping.{:}","og_url":"https:\/\/www.camping-lac-bournazel.com\/camping\/camping-familial\/","og_site_name":"Le camping du Lac de Bournazel ****","article_publisher":"https:\/\/www.facebook.com\/Camping-du-Lac-de-Bournazel-178691212185189\/","article_modified_time":"2024-02-15T14:13:16+00:00","og_image":[{"width":250,"height":250,"url":"https:\/\/www.camping-lac-bournazel.com\/wp-content\/uploads\/camping-familial.jpg","type":"image\/jpeg"}],"twitter_card":"summary_large_image","twitter_misc":{"Est. reading time":"6 minutes"},"schema":{"@context":"https:\/\/schema.org","@graph":[{"@type":"WebPage","@id":"https:\/\/www.camping-lac-bournazel.com\/camping\/camping-familial\/","url":"https:\/\/www.camping-lac-bournazel.com\/camping\/camping-familial\/","name":"A family campsite - Le camping du Lac de Bournazel ****","isPartOf":{"@id":"https:\/\/www.camping-lac-bournazel.com\/fr\/#website"},"primaryImageOfPage":{"@id":"https:\/\/www.camping-lac-bournazel.com\/camping\/camping-familial\/#primaryimage"},"image":{"@id":"https:\/\/www.camping-lac-bournazel.com\/camping\/camping-familial\/#primaryimage"},"thumbnailUrl":"https:\/\/www.camping-lac-bournazel.com\/wp-content\/uploads\/camping-familial.jpg","datePublished":"2016-11-07T11:25:56+00:00","dateModified":"2024-02-15T14:13:16+00:00","description":"{:fr}Camping id\u00e9al pour la famille avec ces emplacements spacieux et ombrag\u00e9s et ses h\u00e9bergements traditionnels et insolites surplombant le lac.{:en}The campsite is composed of 73 spacious and shaded pitches, 10 wooden chalets, 2 comfy roulottes and 2 tipi tents for a touch of glamping.{:}","breadcrumb":{"@id":"https:\/\/www.camping-lac-bournazel.com\/camping\/camping-familial\/#breadcrumb"},"inLanguage":"en-US","potentialAction":[{"@type":"ReadAction","target":["https:\/\/www.camping-lac-bournazel.com\/camping\/camping-familial\/"]}]},{"@type":"ImageObject","inLanguage":"en-US","@id":"https:\/\/www.camping-lac-bournazel.com\/camping\/camping-familial\/#primaryimage","url":"https:\/\/www.camping-lac-bournazel.com\/wp-content\/uploads\/camping-familial.jpg","contentUrl":"https:\/\/www.camping-lac-bournazel.com\/wp-content\/uploads\/camping-familial.jpg","width":250,"height":250},{"@type":"BreadcrumbList","@id":"https:\/\/www.camping-lac-bournazel.com\/camping\/camping-familial\/#breadcrumb","itemListElement":[{"@type":"ListItem","position":1,"name":"Accueil","item":"https:\/\/www.camping-lac-bournazel.com\/"},{"@type":"ListItem","position":2,"name":"Camping","item":"https:\/\/www.camping-lac-bournazel.com\/fr\/camping\/"},{"@type":"ListItem","position":3,"name":"Un camping familial"}]},{"@type":"WebSite","@id":"https:\/\/www.camping-lac-bournazel.com\/fr\/#website","url":"https:\/\/www.camping-lac-bournazel.com\/fr\/","name":"Le camping du Lac de Bournazel ****","description":"Camping et Glamping en Corr\u00e8ze, Nouvelle Aquitaine | France","publisher":{"@id":"https:\/\/www.camping-lac-bournazel.com\/fr\/#organization"},"potentialAction":[{"@type":"SearchAction","target":{"@type":"EntryPoint","urlTemplate":"https:\/\/www.camping-lac-bournazel.com\/fr\/?s={search_term_string}"},"query-input":{"@type":"PropertyValueSpecification","valueRequired":true,"valueName":"search_term_string"}}],"inLanguage":"en-US"},{"@type":"Organization","@id":"https:\/\/www.camping-lac-bournazel.com\/fr\/#organization","name":"Le Camping du Lac de Bournazel, Corr\u00e8ze","url":"https:\/\/www.camping-lac-bournazel.com\/fr\/","logo":{"@type":"ImageObject","inLanguage":"en-US","@id":"https:\/\/www.camping-lac-bournazel.com\/fr\/#\/schema\/logo\/image\/","url":"https:\/\/www.camping-lac-bournazel.com\/wp-content\/uploads\/neo-logo-r.png","contentUrl":"https:\/\/www.camping-lac-bournazel.com\/wp-content\/uploads\/neo-logo-r.png","width":304,"height":221,"caption":"Le Camping du Lac de Bournazel, Corr\u00e8ze"},"image":{"@id":"https:\/\/www.camping-lac-bournazel.com\/fr\/#\/schema\/logo\/image\/"},"sameAs":["https:\/\/www.facebook.com\/Camping-du-Lac-de-Bournazel-178691212185189\/","https:\/\/www.youtube.com\/channel\/UCJdy4qKA94bm2d1MA_c2nHg"]}]}},"jetpack_sharing_enabled":true,"jetpack_shortlink":"https:\/\/wp.me\/P8fRNC-R","jetpack-related-posts":[],"_links":{"self":[{"href":"https:\/\/www.camping-lac-bournazel.com\/en\/wp-json\/wp\/v2\/pages\/53","targetHints":{"allow":["GET"]}}],"collection":[{"href":"https:\/\/www.camping-lac-bournazel.com\/en\/wp-json\/wp\/v2\/pages"}],"about":[{"href":"https:\/\/www.camping-lac-bournazel.com\/en\/wp-json\/wp\/v2\/types\/page"}],"author":[{"embeddable":true,"href":"https:\/\/www.camping-lac-bournazel.com\/en\/wp-json\/wp\/v2\/users\/2"}],"replies":[{"embeddable":true,"href":"https:\/\/www.camping-lac-bournazel.com\/en\/wp-json\/wp\/v2\/comments?post=53"}],"version-history":[{"count":0,"href":"https:\/\/www.camping-lac-bournazel.com\/en\/wp-json\/wp\/v2\/pages\/53\/revisions"}],"up":[{"embeddable":true,"href":"https:\/\/www.camping-lac-bournazel.com\/en\/wp-json\/wp\/v2\/pages\/16"}],"wp:featuredmedia":[{"embeddable":true,"href":"https:\/\/www.camping-lac-bournazel.com\/en\/wp-json\/wp\/v2\/media\/1931"}],"wp:attachment":[{"href":"https:\/\/www.camping-lac-bournazel.com\/en\/wp-json\/wp\/v2\/media?parent=53"}],"wp:term":[{"taxonomy":"category","embeddable":true,"href":"https:\/\/www.camping-lac-bournazel.com\/en\/wp-json\/wp\/v2\/categories?post=53"},{"taxonomy":"post_tag","embeddable":true,"href":"https:\/\/www.camping-lac-bournazel.com\/en\/wp-json\/wp\/v2\/tags?post=53"}],"curies":[{"name":"wp","href":"https:\/\/api.w.org\/{rel}","templated":true}]}}