{"id":378,"date":"2016-11-08T16:01:08","date_gmt":"2016-11-08T15:01:08","guid":{"rendered":"http:\/\/tokyostalgy.com\/bournazel\/?page_id=378"},"modified":"2026-02-25T16:12:26","modified_gmt":"2026-02-25T15:12:26","slug":"piscine","status":"publish","type":"page","link":"https:\/\/www.camping-lac-bournazel.com\/en\/services-et-loisirs\/piscine\/","title":{"rendered":"Heated swimming pool"},"content":{"rendered":"<div class=\"wpb-content-wrapper\"><p>[vc_row][vc_column width=&#8221;1\/3&#8243; css=&#8221;.vc_custom_1479917488556{background-color: #ffffff !important;}&#8221;][vc_column_text]<\/p>\n<h3>The heated swimming pool at the Camping du lac de Bournazel****<\/h3>\n<p>[\/vc_column_text][vc_custom_heading text=&#8221;For the whole family&#8221; font_container=&#8221;tag:div|font_size:24px|text_align:center|color:%238abd3a|line_height:32px&#8221; google_fonts=&#8221;font_family:Merriweather%3A300%2C300italic%2Cregular%2Citalic%2C700%2C700italic%2C900%2C900italic|font_style:300%20light%20italic%3A300%3Aitalic&#8221; css=&#8221;.vc_custom_1485272073870{margin-top: 12px !important;}&#8221;][vc_column_text]Exclusively reserved to our guests,\u00a0our heated swimming pool (112 m\u00b2) is open from May to September.<!--more--><\/p>\n<p>Surrounded by nature our swimming pool is\u00a0situated right in front of Thierry&#8217;s kitchen\u00a0(open in July and August) which is quite handy to go get an ice cream or a drink.<br \/>\nLate openings are organized in the summer.<\/p>\n<h3><\/h3>\n<p>[\/vc_column_text][vc_message message_box_style=&#8221;solid-icon&#8221; message_box_color=&#8221;orange&#8221;]<\/p>\n<h5>More :<\/h5>\n<p>Our swimming pool has a paddling area for toddlers.<br \/>\nIt is not watched and children must be looked after by their parents at all times.<br \/>\nSwimming suits are required (no shorts)[\/vc_message][\/vc_column][vc_column width=&#8221;2\/3&#8243;][vc_masonry_media_grid gap=&#8221;2&#8243; item=&#8221;764&#8243; grid_id=&#8221;vc_gid:1559577902424-ed22071e-8afb-9&#8243; include=&#8221;587,586,588,585,49,3013&#8243;][\/vc_column][\/vc_row]<\/p>\n<\/div>","protected":false},"excerpt":{"rendered":"<p>Sorry, this entry is only available in Fran\u00e7ais.<\/p>\n","protected":false},"author":2,"featured_media":1927,"parent":287,"menu_order":11,"comment_status":"closed","ping_status":"closed","template":"","meta":{"inline_featured_image":false,"jetpack_post_was_ever_published":false,"footnotes":""},"categories":[2,10],"tags":[],"class_list":["post-378","page","type-page","status-publish","has-post-thumbnail","hentry","category-4-raisons","category-services","description-off"],"yoast_head":"<!-- This site is optimized with the Yoast SEO plugin v25.3 - https:\/\/yoast.com\/wordpress\/plugins\/seo\/ -->\n<title>Heated swimming pool - Le camping du Lac de Bournazel ****<\/title>\n<meta name=\"description\" content=\"Our heated swimming pool is open from May to September and is reserved to our guests. It is situated in front of Thierry&#039;s snack bar and late openings\" \/>\n<meta name=\"robots\" content=\"index, follow, max-snippet:-1, max-image-preview:large, max-video-preview:-1\" \/>\n<link rel=\"canonical\" href=\"https:\/\/www.camping-lac-bournazel.com\/services-et-loisirs\/piscine\/\" \/>\n<meta property=\"og:locale\" content=\"en_US\" \/>\n<meta property=\"og:type\" content=\"article\" \/>\n<meta property=\"og:title\" content=\"Heated swimming pool - Le camping du Lac de Bournazel ****\" \/>\n<meta property=\"og:description\" content=\"{:fr}Profitez de notre piscine chauff\u00e9e ouverte de mai \u00e0 septembre et exclusivement r\u00e9serv\u00e9e \u00e0 nos campeurs. Espace pataugeoire pour les enfants.{:en}Our heated swimming pool is open from May to September and is reserved to our guests. It is situated in front of Thierry&#039;s snack bar and late openings{:}\" \/>\n<meta property=\"og:url\" content=\"https:\/\/www.camping-lac-bournazel.com\/services-et-loisirs\/piscine\/\" \/>\n<meta property=\"og:site_name\" content=\"Le camping du Lac de Bournazel ****\" \/>\n<meta property=\"article:publisher\" content=\"https:\/\/www.facebook.com\/Camping-du-Lac-de-Bournazel-178691212185189\/\" \/>\n<meta property=\"article:modified_time\" content=\"2026-02-25T15:12:26+00:00\" \/>\n<meta property=\"og:image\" content=\"https:\/\/www.camping-lac-bournazel.com\/wp-content\/uploads\/foureasons-03.png\" \/>\n\t<meta property=\"og:image:width\" content=\"250\" \/>\n\t<meta property=\"og:image:height\" content=\"250\" \/>\n\t<meta property=\"og:image:type\" content=\"image\/png\" \/>\n<meta name=\"twitter:card\" content=\"summary_large_image\" \/>\n<meta name=\"twitter:label1\" content=\"Est. reading time\" \/>\n\t<meta name=\"twitter:data1\" content=\"3 minutes\" \/>\n<script type=\"application\/ld+json\" class=\"yoast-schema-graph\">{\"@context\":\"https:\/\/schema.org\",\"@graph\":[{\"@type\":\"WebPage\",\"@id\":\"https:\/\/www.camping-lac-bournazel.com\/services-et-loisirs\/piscine\/\",\"url\":\"https:\/\/www.camping-lac-bournazel.com\/services-et-loisirs\/piscine\/\",\"name\":\"Heated swimming pool - Le camping du Lac de Bournazel ****\",\"isPartOf\":{\"@id\":\"https:\/\/www.camping-lac-bournazel.com\/fr\/#website\"},\"primaryImageOfPage\":{\"@id\":\"https:\/\/www.camping-lac-bournazel.com\/services-et-loisirs\/piscine\/#primaryimage\"},\"image\":{\"@id\":\"https:\/\/www.camping-lac-bournazel.com\/services-et-loisirs\/piscine\/#primaryimage\"},\"thumbnailUrl\":\"https:\/\/www.camping-lac-bournazel.com\/wp-content\/uploads\/foureasons-03.png\",\"datePublished\":\"2016-11-08T15:01:08+00:00\",\"dateModified\":\"2026-02-25T15:12:26+00:00\",\"description\":\"{:fr}Profitez de notre piscine chauff\u00e9e ouverte de mai \u00e0 septembre et exclusivement r\u00e9serv\u00e9e \u00e0 nos campeurs. Espace pataugeoire pour les enfants.{:en}Our heated swimming pool is open from May to September and is reserved to our guests. It is situated in front of Thierry's snack bar and late openings{:}\",\"breadcrumb\":{\"@id\":\"https:\/\/www.camping-lac-bournazel.com\/services-et-loisirs\/piscine\/#breadcrumb\"},\"inLanguage\":\"en-US\",\"potentialAction\":[{\"@type\":\"ReadAction\",\"target\":[\"https:\/\/www.camping-lac-bournazel.com\/services-et-loisirs\/piscine\/\"]}]},{\"@type\":\"ImageObject\",\"inLanguage\":\"en-US\",\"@id\":\"https:\/\/www.camping-lac-bournazel.com\/services-et-loisirs\/piscine\/#primaryimage\",\"url\":\"https:\/\/www.camping-lac-bournazel.com\/wp-content\/uploads\/foureasons-03.png\",\"contentUrl\":\"https:\/\/www.camping-lac-bournazel.com\/wp-content\/uploads\/foureasons-03.png\",\"width\":250,\"height\":250},{\"@type\":\"BreadcrumbList\",\"@id\":\"https:\/\/www.camping-lac-bournazel.com\/services-et-loisirs\/piscine\/#breadcrumb\",\"itemListElement\":[{\"@type\":\"ListItem\",\"position\":1,\"name\":\"Accueil\",\"item\":\"https:\/\/www.camping-lac-bournazel.com\/\"},{\"@type\":\"ListItem\",\"position\":2,\"name\":\"Services et Loisirs\",\"item\":\"https:\/\/www.camping-lac-bournazel.com\/fr\/services-et-loisirs\/\"},{\"@type\":\"ListItem\",\"position\":3,\"name\":\"Piscine chauff\u00e9e\"}]},{\"@type\":\"WebSite\",\"@id\":\"https:\/\/www.camping-lac-bournazel.com\/fr\/#website\",\"url\":\"https:\/\/www.camping-lac-bournazel.com\/fr\/\",\"name\":\"Le camping du Lac de Bournazel ****\",\"description\":\"Camping et Glamping en Corr\u00e8ze, Nouvelle Aquitaine | France\",\"publisher\":{\"@id\":\"https:\/\/www.camping-lac-bournazel.com\/fr\/#organization\"},\"potentialAction\":[{\"@type\":\"SearchAction\",\"target\":{\"@type\":\"EntryPoint\",\"urlTemplate\":\"https:\/\/www.camping-lac-bournazel.com\/fr\/?s={search_term_string}\"},\"query-input\":{\"@type\":\"PropertyValueSpecification\",\"valueRequired\":true,\"valueName\":\"search_term_string\"}}],\"inLanguage\":\"en-US\"},{\"@type\":\"Organization\",\"@id\":\"https:\/\/www.camping-lac-bournazel.com\/fr\/#organization\",\"name\":\"Le Camping du Lac de Bournazel, Corr\u00e8ze\",\"url\":\"https:\/\/www.camping-lac-bournazel.com\/fr\/\",\"logo\":{\"@type\":\"ImageObject\",\"inLanguage\":\"en-US\",\"@id\":\"https:\/\/www.camping-lac-bournazel.com\/fr\/#\/schema\/logo\/image\/\",\"url\":\"https:\/\/www.camping-lac-bournazel.com\/wp-content\/uploads\/neo-logo-r.png\",\"contentUrl\":\"https:\/\/www.camping-lac-bournazel.com\/wp-content\/uploads\/neo-logo-r.png\",\"width\":304,\"height\":221,\"caption\":\"Le Camping du Lac de Bournazel, Corr\u00e8ze\"},\"image\":{\"@id\":\"https:\/\/www.camping-lac-bournazel.com\/fr\/#\/schema\/logo\/image\/\"},\"sameAs\":[\"https:\/\/www.facebook.com\/Camping-du-Lac-de-Bournazel-178691212185189\/\",\"https:\/\/www.youtube.com\/channel\/UCJdy4qKA94bm2d1MA_c2nHg\"]}]}<\/script>\n<!-- \/ Yoast SEO plugin. -->","yoast_head_json":{"title":"Heated swimming pool - Le camping du Lac de Bournazel ****","description":"Our heated swimming pool is open from May to September and is reserved to our guests. It is situated in front of Thierry's snack bar and late openings","robots":{"index":"index","follow":"follow","max-snippet":"max-snippet:-1","max-image-preview":"max-image-preview:large","max-video-preview":"max-video-preview:-1"},"canonical":"https:\/\/www.camping-lac-bournazel.com\/services-et-loisirs\/piscine\/","og_locale":"en_US","og_type":"article","og_title":"Heated swimming pool - Le camping du Lac de Bournazel ****","og_description":"{:fr}Profitez de notre piscine chauff\u00e9e ouverte de mai \u00e0 septembre et exclusivement r\u00e9serv\u00e9e \u00e0 nos campeurs. Espace pataugeoire pour les enfants.{:en}Our heated swimming pool is open from May to September and is reserved to our guests. It is situated in front of Thierry's snack bar and late openings{:}","og_url":"https:\/\/www.camping-lac-bournazel.com\/services-et-loisirs\/piscine\/","og_site_name":"Le camping du Lac de Bournazel ****","article_publisher":"https:\/\/www.facebook.com\/Camping-du-Lac-de-Bournazel-178691212185189\/","article_modified_time":"2026-02-25T15:12:26+00:00","og_image":[{"width":250,"height":250,"url":"https:\/\/www.camping-lac-bournazel.com\/wp-content\/uploads\/foureasons-03.png","type":"image\/png"}],"twitter_card":"summary_large_image","twitter_misc":{"Est. reading time":"3 minutes"},"schema":{"@context":"https:\/\/schema.org","@graph":[{"@type":"WebPage","@id":"https:\/\/www.camping-lac-bournazel.com\/services-et-loisirs\/piscine\/","url":"https:\/\/www.camping-lac-bournazel.com\/services-et-loisirs\/piscine\/","name":"Heated swimming pool - Le camping du Lac de Bournazel ****","isPartOf":{"@id":"https:\/\/www.camping-lac-bournazel.com\/fr\/#website"},"primaryImageOfPage":{"@id":"https:\/\/www.camping-lac-bournazel.com\/services-et-loisirs\/piscine\/#primaryimage"},"image":{"@id":"https:\/\/www.camping-lac-bournazel.com\/services-et-loisirs\/piscine\/#primaryimage"},"thumbnailUrl":"https:\/\/www.camping-lac-bournazel.com\/wp-content\/uploads\/foureasons-03.png","datePublished":"2016-11-08T15:01:08+00:00","dateModified":"2026-02-25T15:12:26+00:00","description":"{:fr}Profitez de notre piscine chauff\u00e9e ouverte de mai \u00e0 septembre et exclusivement r\u00e9serv\u00e9e \u00e0 nos campeurs. Espace pataugeoire pour les enfants.{:en}Our heated swimming pool is open from May to September and is reserved to our guests. It is situated in front of Thierry's snack bar and late openings{:}","breadcrumb":{"@id":"https:\/\/www.camping-lac-bournazel.com\/services-et-loisirs\/piscine\/#breadcrumb"},"inLanguage":"en-US","potentialAction":[{"@type":"ReadAction","target":["https:\/\/www.camping-lac-bournazel.com\/services-et-loisirs\/piscine\/"]}]},{"@type":"ImageObject","inLanguage":"en-US","@id":"https:\/\/www.camping-lac-bournazel.com\/services-et-loisirs\/piscine\/#primaryimage","url":"https:\/\/www.camping-lac-bournazel.com\/wp-content\/uploads\/foureasons-03.png","contentUrl":"https:\/\/www.camping-lac-bournazel.com\/wp-content\/uploads\/foureasons-03.png","width":250,"height":250},{"@type":"BreadcrumbList","@id":"https:\/\/www.camping-lac-bournazel.com\/services-et-loisirs\/piscine\/#breadcrumb","itemListElement":[{"@type":"ListItem","position":1,"name":"Accueil","item":"https:\/\/www.camping-lac-bournazel.com\/"},{"@type":"ListItem","position":2,"name":"Services et Loisirs","item":"https:\/\/www.camping-lac-bournazel.com\/fr\/services-et-loisirs\/"},{"@type":"ListItem","position":3,"name":"Piscine chauff\u00e9e"}]},{"@type":"WebSite","@id":"https:\/\/www.camping-lac-bournazel.com\/fr\/#website","url":"https:\/\/www.camping-lac-bournazel.com\/fr\/","name":"Le camping du Lac de Bournazel ****","description":"Camping et Glamping en Corr\u00e8ze, Nouvelle Aquitaine | France","publisher":{"@id":"https:\/\/www.camping-lac-bournazel.com\/fr\/#organization"},"potentialAction":[{"@type":"SearchAction","target":{"@type":"EntryPoint","urlTemplate":"https:\/\/www.camping-lac-bournazel.com\/fr\/?s={search_term_string}"},"query-input":{"@type":"PropertyValueSpecification","valueRequired":true,"valueName":"search_term_string"}}],"inLanguage":"en-US"},{"@type":"Organization","@id":"https:\/\/www.camping-lac-bournazel.com\/fr\/#organization","name":"Le Camping du Lac de Bournazel, Corr\u00e8ze","url":"https:\/\/www.camping-lac-bournazel.com\/fr\/","logo":{"@type":"ImageObject","inLanguage":"en-US","@id":"https:\/\/www.camping-lac-bournazel.com\/fr\/#\/schema\/logo\/image\/","url":"https:\/\/www.camping-lac-bournazel.com\/wp-content\/uploads\/neo-logo-r.png","contentUrl":"https:\/\/www.camping-lac-bournazel.com\/wp-content\/uploads\/neo-logo-r.png","width":304,"height":221,"caption":"Le Camping du Lac de Bournazel, Corr\u00e8ze"},"image":{"@id":"https:\/\/www.camping-lac-bournazel.com\/fr\/#\/schema\/logo\/image\/"},"sameAs":["https:\/\/www.facebook.com\/Camping-du-Lac-de-Bournazel-178691212185189\/","https:\/\/www.youtube.com\/channel\/UCJdy4qKA94bm2d1MA_c2nHg"]}]}},"jetpack_sharing_enabled":true,"jetpack_shortlink":"https:\/\/wp.me\/P8fRNC-66","jetpack-related-posts":[],"_links":{"self":[{"href":"https:\/\/www.camping-lac-bournazel.com\/en\/wp-json\/wp\/v2\/pages\/378","targetHints":{"allow":["GET"]}}],"collection":[{"href":"https:\/\/www.camping-lac-bournazel.com\/en\/wp-json\/wp\/v2\/pages"}],"about":[{"href":"https:\/\/www.camping-lac-bournazel.com\/en\/wp-json\/wp\/v2\/types\/page"}],"author":[{"embeddable":true,"href":"https:\/\/www.camping-lac-bournazel.com\/en\/wp-json\/wp\/v2\/users\/2"}],"replies":[{"embeddable":true,"href":"https:\/\/www.camping-lac-bournazel.com\/en\/wp-json\/wp\/v2\/comments?post=378"}],"version-history":[{"count":1,"href":"https:\/\/www.camping-lac-bournazel.com\/en\/wp-json\/wp\/v2\/pages\/378\/revisions"}],"predecessor-version":[{"id":4056,"href":"https:\/\/www.camping-lac-bournazel.com\/en\/wp-json\/wp\/v2\/pages\/378\/revisions\/4056"}],"up":[{"embeddable":true,"href":"https:\/\/www.camping-lac-bournazel.com\/en\/wp-json\/wp\/v2\/pages\/287"}],"wp:featuredmedia":[{"embeddable":true,"href":"https:\/\/www.camping-lac-bournazel.com\/en\/wp-json\/wp\/v2\/media\/1927"}],"wp:attachment":[{"href":"https:\/\/www.camping-lac-bournazel.com\/en\/wp-json\/wp\/v2\/media?parent=378"}],"wp:term":[{"taxonomy":"category","embeddable":true,"href":"https:\/\/www.camping-lac-bournazel.com\/en\/wp-json\/wp\/v2\/categories?post=378"},{"taxonomy":"post_tag","embeddable":true,"href":"https:\/\/www.camping-lac-bournazel.com\/en\/wp-json\/wp\/v2\/tags?post=378"}],"curies":[{"name":"wp","href":"https:\/\/api.w.org\/{rel}","templated":true}]}}