{"id":18,"date":"2016-11-07T11:27:39","date_gmt":"2016-11-07T10:27:39","guid":{"rendered":"http:\/\/tokyostalgy.com\/bournazel\/?page_id=18"},"modified":"2026-02-27T10:08:09","modified_gmt":"2026-02-27T09:08:09","slug":"hebergement","status":"publish","type":"page","link":"https:\/\/www.camping-lac-bournazel.com\/en\/hebergement\/","title":{"rendered":"Lodging"},"content":{"rendered":"<div class=\"wpb-content-wrapper\"><p>[vc_row][vc_column width=&#8221;1\/3&#8243;][vc_column_text]<\/p>\n<h4>Check out here the diversity of our lodgings.<\/h4>\n<p><!--more--><br \/>\nTry Glamping for a change with our <a href=\"https:\/\/www.camping-lac-bournazel.com\/hebergement\/tipi-4-pers\/\">Tipi 4 pers<\/a>!\u00a0Or you would rather go for something more traditional like our\u00a0<a href=\"https:\/\/www.camping-lac-bournazel.com\/hebergement\/chalet-46-pers\/\">Chalets 4\/6 pers<\/a>\u00a0, <a href=\"https:\/\/www.camping-lac-bournazel.com\/hebergement\/chalet-24-pers\/\">Chalet 2\/4 pers<\/a> ou <a href=\"https:\/\/www.camping-lac-bournazel.com\/hebergement\/chalet-35-pers\/\">adapted Chalet 3\/5 pers <\/a>?<\/p>\n<p>Click on the appropriate heading for more information.[\/vc_column_text][\/vc_column][vc_column width=&#8221;2\/3&#8243;][vc_basic_grid post_type=&#8221;page&#8221; max_items=&#8221;10&#8243; item=&#8221;1958&#8243; grid_id=&#8221;vc_gid:1746599450401-325f79a6-4cf4-9&#8243; taxonomies=&#8221;4&#8243;][\/vc_column][\/vc_row]<\/p>\n<\/div>","protected":false},"excerpt":{"rendered":"<p>Sorry, this entry is only available in Fran\u00e7ais.<\/p>\n","protected":false},"author":2,"featured_media":1942,"parent":0,"menu_order":0,"comment_status":"closed","ping_status":"closed","template":"","meta":{"inline_featured_image":false,"jetpack_post_was_ever_published":false,"footnotes":""},"categories":[6],"tags":[],"class_list":["post-18","page","type-page","status-publish","has-post-thumbnail","hentry","category-les-plus","description-off"],"yoast_head":"<!-- This site is optimized with the Yoast SEO plugin v25.3 - https:\/\/yoast.com\/wordpress\/plugins\/seo\/ -->\n<title>Lodging - Le camping du Lac de Bournazel ****<\/title>\n<meta name=\"description\" content=\"Check out here the diversity of our lodgings with glamping or more traditional chalets. click on the appropriate heading for more information.\" \/>\n<meta name=\"robots\" content=\"index, follow, max-snippet:-1, max-image-preview:large, max-video-preview:-1\" \/>\n<link rel=\"canonical\" href=\"https:\/\/www.camping-lac-bournazel.com\/hebergement\/\" \/>\n<meta property=\"og:locale\" content=\"en_US\" \/>\n<meta property=\"og:type\" content=\"article\" \/>\n<meta property=\"og:title\" content=\"Lodging - Le camping du Lac de Bournazel ****\" \/>\n<meta property=\"og:description\" content=\"{:fr}D\u00e9couvrez la diversit\u00e9 de nos h\u00e9bergements. Etes-vous plut\u00f4t &quot;Glamping&quot; avec nos roulottes et tipis ou traditionnels avec nos chalets.{:en}Check out here the diversity of our lodgings with glamping or more traditional chalets. click on the appropriate heading for more information.{:}\" \/>\n<meta property=\"og:url\" content=\"https:\/\/www.camping-lac-bournazel.com\/hebergement\/\" \/>\n<meta property=\"og:site_name\" content=\"Le camping du Lac de Bournazel ****\" \/>\n<meta property=\"article:publisher\" content=\"https:\/\/www.facebook.com\/Camping-du-Lac-de-Bournazel-178691212185189\/\" \/>\n<meta property=\"article:modified_time\" content=\"2026-02-27T09:08:09+00:00\" \/>\n<meta property=\"og:image\" content=\"https:\/\/www.camping-lac-bournazel.com\/wp-content\/uploads\/les-plus-02.jpg\" \/>\n\t<meta property=\"og:image:width\" content=\"250\" \/>\n\t<meta property=\"og:image:height\" content=\"250\" \/>\n\t<meta property=\"og:image:type\" content=\"image\/jpeg\" \/>\n<meta name=\"twitter:card\" content=\"summary_large_image\" \/>\n<meta name=\"twitter:label1\" content=\"Est. reading time\" \/>\n\t<meta name=\"twitter:data1\" content=\"1 minute\" \/>\n<script type=\"application\/ld+json\" class=\"yoast-schema-graph\">{\"@context\":\"https:\/\/schema.org\",\"@graph\":[{\"@type\":\"WebPage\",\"@id\":\"https:\/\/www.camping-lac-bournazel.com\/hebergement\/\",\"url\":\"https:\/\/www.camping-lac-bournazel.com\/hebergement\/\",\"name\":\"Lodging - Le camping du Lac de Bournazel ****\",\"isPartOf\":{\"@id\":\"https:\/\/www.camping-lac-bournazel.com\/fr\/#website\"},\"primaryImageOfPage\":{\"@id\":\"https:\/\/www.camping-lac-bournazel.com\/hebergement\/#primaryimage\"},\"image\":{\"@id\":\"https:\/\/www.camping-lac-bournazel.com\/hebergement\/#primaryimage\"},\"thumbnailUrl\":\"https:\/\/www.camping-lac-bournazel.com\/wp-content\/uploads\/les-plus-02.jpg\",\"datePublished\":\"2016-11-07T10:27:39+00:00\",\"dateModified\":\"2026-02-27T09:08:09+00:00\",\"description\":\"{:fr}D\u00e9couvrez la diversit\u00e9 de nos h\u00e9bergements. Etes-vous plut\u00f4t \\\"Glamping\\\" avec nos roulottes et tipis ou traditionnels avec nos chalets.{:en}Check out here the diversity of our lodgings with glamping or more traditional chalets. click on the appropriate heading for more information.{:}\",\"breadcrumb\":{\"@id\":\"https:\/\/www.camping-lac-bournazel.com\/hebergement\/#breadcrumb\"},\"inLanguage\":\"en-US\",\"potentialAction\":[{\"@type\":\"ReadAction\",\"target\":[\"https:\/\/www.camping-lac-bournazel.com\/hebergement\/\"]}]},{\"@type\":\"ImageObject\",\"inLanguage\":\"en-US\",\"@id\":\"https:\/\/www.camping-lac-bournazel.com\/hebergement\/#primaryimage\",\"url\":\"https:\/\/www.camping-lac-bournazel.com\/wp-content\/uploads\/les-plus-02.jpg\",\"contentUrl\":\"https:\/\/www.camping-lac-bournazel.com\/wp-content\/uploads\/les-plus-02.jpg\",\"width\":250,\"height\":250,\"caption\":\"Camping du Lac de Bournazel, Seilhac, Corr\u00e8ze | H\u00e9bergement ludique en tipi 4 personnes, Parfait pour le Glamping\"},{\"@type\":\"BreadcrumbList\",\"@id\":\"https:\/\/www.camping-lac-bournazel.com\/hebergement\/#breadcrumb\",\"itemListElement\":[{\"@type\":\"ListItem\",\"position\":1,\"name\":\"Accueil\",\"item\":\"https:\/\/www.camping-lac-bournazel.com\/\"},{\"@type\":\"ListItem\",\"position\":2,\"name\":\"H\u00e9bergement\"}]},{\"@type\":\"WebSite\",\"@id\":\"https:\/\/www.camping-lac-bournazel.com\/fr\/#website\",\"url\":\"https:\/\/www.camping-lac-bournazel.com\/fr\/\",\"name\":\"Le camping du Lac de Bournazel ****\",\"description\":\"Camping et Glamping en Corr\u00e8ze, Nouvelle Aquitaine | France\",\"publisher\":{\"@id\":\"https:\/\/www.camping-lac-bournazel.com\/fr\/#organization\"},\"potentialAction\":[{\"@type\":\"SearchAction\",\"target\":{\"@type\":\"EntryPoint\",\"urlTemplate\":\"https:\/\/www.camping-lac-bournazel.com\/fr\/?s={search_term_string}\"},\"query-input\":{\"@type\":\"PropertyValueSpecification\",\"valueRequired\":true,\"valueName\":\"search_term_string\"}}],\"inLanguage\":\"en-US\"},{\"@type\":\"Organization\",\"@id\":\"https:\/\/www.camping-lac-bournazel.com\/fr\/#organization\",\"name\":\"Le Camping du Lac de Bournazel, Corr\u00e8ze\",\"url\":\"https:\/\/www.camping-lac-bournazel.com\/fr\/\",\"logo\":{\"@type\":\"ImageObject\",\"inLanguage\":\"en-US\",\"@id\":\"https:\/\/www.camping-lac-bournazel.com\/fr\/#\/schema\/logo\/image\/\",\"url\":\"https:\/\/www.camping-lac-bournazel.com\/wp-content\/uploads\/neo-logo-r.png\",\"contentUrl\":\"https:\/\/www.camping-lac-bournazel.com\/wp-content\/uploads\/neo-logo-r.png\",\"width\":304,\"height\":221,\"caption\":\"Le Camping du Lac de Bournazel, Corr\u00e8ze\"},\"image\":{\"@id\":\"https:\/\/www.camping-lac-bournazel.com\/fr\/#\/schema\/logo\/image\/\"},\"sameAs\":[\"https:\/\/www.facebook.com\/Camping-du-Lac-de-Bournazel-178691212185189\/\",\"https:\/\/www.youtube.com\/channel\/UCJdy4qKA94bm2d1MA_c2nHg\"]}]}<\/script>\n<!-- \/ Yoast SEO plugin. -->","yoast_head_json":{"title":"Lodging - Le camping du Lac de Bournazel ****","description":"Check out here the diversity of our lodgings with glamping or more traditional chalets. click on the appropriate heading for more information.","robots":{"index":"index","follow":"follow","max-snippet":"max-snippet:-1","max-image-preview":"max-image-preview:large","max-video-preview":"max-video-preview:-1"},"canonical":"https:\/\/www.camping-lac-bournazel.com\/hebergement\/","og_locale":"en_US","og_type":"article","og_title":"Lodging - Le camping du Lac de Bournazel ****","og_description":"{:fr}D\u00e9couvrez la diversit\u00e9 de nos h\u00e9bergements. Etes-vous plut\u00f4t \"Glamping\" avec nos roulottes et tipis ou traditionnels avec nos chalets.{:en}Check out here the diversity of our lodgings with glamping or more traditional chalets. click on the appropriate heading for more information.{:}","og_url":"https:\/\/www.camping-lac-bournazel.com\/hebergement\/","og_site_name":"Le camping du Lac de Bournazel ****","article_publisher":"https:\/\/www.facebook.com\/Camping-du-Lac-de-Bournazel-178691212185189\/","article_modified_time":"2026-02-27T09:08:09+00:00","og_image":[{"width":250,"height":250,"url":"https:\/\/www.camping-lac-bournazel.com\/wp-content\/uploads\/les-plus-02.jpg","type":"image\/jpeg"}],"twitter_card":"summary_large_image","twitter_misc":{"Est. reading time":"1 minute"},"schema":{"@context":"https:\/\/schema.org","@graph":[{"@type":"WebPage","@id":"https:\/\/www.camping-lac-bournazel.com\/hebergement\/","url":"https:\/\/www.camping-lac-bournazel.com\/hebergement\/","name":"Lodging - Le camping du Lac de Bournazel ****","isPartOf":{"@id":"https:\/\/www.camping-lac-bournazel.com\/fr\/#website"},"primaryImageOfPage":{"@id":"https:\/\/www.camping-lac-bournazel.com\/hebergement\/#primaryimage"},"image":{"@id":"https:\/\/www.camping-lac-bournazel.com\/hebergement\/#primaryimage"},"thumbnailUrl":"https:\/\/www.camping-lac-bournazel.com\/wp-content\/uploads\/les-plus-02.jpg","datePublished":"2016-11-07T10:27:39+00:00","dateModified":"2026-02-27T09:08:09+00:00","description":"{:fr}D\u00e9couvrez la diversit\u00e9 de nos h\u00e9bergements. Etes-vous plut\u00f4t \"Glamping\" avec nos roulottes et tipis ou traditionnels avec nos chalets.{:en}Check out here the diversity of our lodgings with glamping or more traditional chalets. click on the appropriate heading for more information.{:}","breadcrumb":{"@id":"https:\/\/www.camping-lac-bournazel.com\/hebergement\/#breadcrumb"},"inLanguage":"en-US","potentialAction":[{"@type":"ReadAction","target":["https:\/\/www.camping-lac-bournazel.com\/hebergement\/"]}]},{"@type":"ImageObject","inLanguage":"en-US","@id":"https:\/\/www.camping-lac-bournazel.com\/hebergement\/#primaryimage","url":"https:\/\/www.camping-lac-bournazel.com\/wp-content\/uploads\/les-plus-02.jpg","contentUrl":"https:\/\/www.camping-lac-bournazel.com\/wp-content\/uploads\/les-plus-02.jpg","width":250,"height":250,"caption":"Camping du Lac de Bournazel, Seilhac, Corr\u00e8ze | H\u00e9bergement ludique en tipi 4 personnes, Parfait pour le Glamping"},{"@type":"BreadcrumbList","@id":"https:\/\/www.camping-lac-bournazel.com\/hebergement\/#breadcrumb","itemListElement":[{"@type":"ListItem","position":1,"name":"Accueil","item":"https:\/\/www.camping-lac-bournazel.com\/"},{"@type":"ListItem","position":2,"name":"H\u00e9bergement"}]},{"@type":"WebSite","@id":"https:\/\/www.camping-lac-bournazel.com\/fr\/#website","url":"https:\/\/www.camping-lac-bournazel.com\/fr\/","name":"Le camping du Lac de Bournazel ****","description":"Camping et Glamping en Corr\u00e8ze, Nouvelle Aquitaine | France","publisher":{"@id":"https:\/\/www.camping-lac-bournazel.com\/fr\/#organization"},"potentialAction":[{"@type":"SearchAction","target":{"@type":"EntryPoint","urlTemplate":"https:\/\/www.camping-lac-bournazel.com\/fr\/?s={search_term_string}"},"query-input":{"@type":"PropertyValueSpecification","valueRequired":true,"valueName":"search_term_string"}}],"inLanguage":"en-US"},{"@type":"Organization","@id":"https:\/\/www.camping-lac-bournazel.com\/fr\/#organization","name":"Le Camping du Lac de Bournazel, Corr\u00e8ze","url":"https:\/\/www.camping-lac-bournazel.com\/fr\/","logo":{"@type":"ImageObject","inLanguage":"en-US","@id":"https:\/\/www.camping-lac-bournazel.com\/fr\/#\/schema\/logo\/image\/","url":"https:\/\/www.camping-lac-bournazel.com\/wp-content\/uploads\/neo-logo-r.png","contentUrl":"https:\/\/www.camping-lac-bournazel.com\/wp-content\/uploads\/neo-logo-r.png","width":304,"height":221,"caption":"Le Camping du Lac de Bournazel, Corr\u00e8ze"},"image":{"@id":"https:\/\/www.camping-lac-bournazel.com\/fr\/#\/schema\/logo\/image\/"},"sameAs":["https:\/\/www.facebook.com\/Camping-du-Lac-de-Bournazel-178691212185189\/","https:\/\/www.youtube.com\/channel\/UCJdy4qKA94bm2d1MA_c2nHg"]}]}},"jetpack_sharing_enabled":true,"jetpack_shortlink":"https:\/\/wp.me\/P8fRNC-i","jetpack-related-posts":[],"_links":{"self":[{"href":"https:\/\/www.camping-lac-bournazel.com\/en\/wp-json\/wp\/v2\/pages\/18","targetHints":{"allow":["GET"]}}],"collection":[{"href":"https:\/\/www.camping-lac-bournazel.com\/en\/wp-json\/wp\/v2\/pages"}],"about":[{"href":"https:\/\/www.camping-lac-bournazel.com\/en\/wp-json\/wp\/v2\/types\/page"}],"author":[{"embeddable":true,"href":"https:\/\/www.camping-lac-bournazel.com\/en\/wp-json\/wp\/v2\/users\/2"}],"replies":[{"embeddable":true,"href":"https:\/\/www.camping-lac-bournazel.com\/en\/wp-json\/wp\/v2\/comments?post=18"}],"version-history":[{"count":1,"href":"https:\/\/www.camping-lac-bournazel.com\/en\/wp-json\/wp\/v2\/pages\/18\/revisions"}],"predecessor-version":[{"id":4061,"href":"https:\/\/www.camping-lac-bournazel.com\/en\/wp-json\/wp\/v2\/pages\/18\/revisions\/4061"}],"wp:featuredmedia":[{"embeddable":true,"href":"https:\/\/www.camping-lac-bournazel.com\/en\/wp-json\/wp\/v2\/media\/1942"}],"wp:attachment":[{"href":"https:\/\/www.camping-lac-bournazel.com\/en\/wp-json\/wp\/v2\/media?parent=18"}],"wp:term":[{"taxonomy":"category","embeddable":true,"href":"https:\/\/www.camping-lac-bournazel.com\/en\/wp-json\/wp\/v2\/categories?post=18"},{"taxonomy":"post_tag","embeddable":true,"href":"https:\/\/www.camping-lac-bournazel.com\/en\/wp-json\/wp\/v2\/tags?post=18"}],"curies":[{"name":"wp","href":"https:\/\/api.w.org\/{rel}","templated":true}]}}